{"id":50733,"date":"2019-08-20T11:08:36","date_gmt":"2019-08-20T03:08:38","guid":{"rendered":"http:\/\/www.infini.tw\/?post_type=product&#038;p=50733"},"modified":"2022-08-05T21:13:36","modified_gmt":"2022-08-05T13:13:36","slug":"i-280r-tron","status":"publish","type":"product","link":"https:\/\/www.infini.tw\/zh-hant\/product\/i-280r-tron\/","title":{"rendered":"I-280R TRON"},"content":{"rendered":"<p>[vc_row row_type=&#8221;row&#8221; use_row_as_full_screen_section=&#8221;no&#8221; type=&#8221;full_width&#8221; text_align=&#8221;left&#8221; background_animation=&#8221;none&#8221; padding_bottom=&#8221;0&#8243; css_animation=&#8221;&#8221;][vc_column]<div class=\"wppm-tabber\"><ul class=\"wppm-tabs clearfix\" id=\"wppm-tabs-0\"><li><a href=\"#wppm-tab-0-0\">\u7522\u54c1\u7c21\u4ecb<\/a><\/li><li><a href=\"#wppm-tab-0-1\">\u7522\u54c1\u7279\u9ede<\/a><\/li><li><a href=\"#wppm-tab-0-2\">\u7522\u54c1\u898f\u683c<\/a><\/li><\/ul><div id=\"wppm-tab-0-0\" class=\"wppm-tabbed\">\n<div class=\"rendered-content\">\n<p>[vc_column_text]TRON I-280R\u662f\u4e00\u8f15\u5de7\u4e14\u591a\u529f\u80fd\u7684\u8b66\u793a\u71c8\uff0c\u5168\u65b0\u7684\u4e00\u4ef6\u5f0f\u5916\u6bbc\u8a2d\u8a08\uff0c\u5de5\u85dd\u66f4\u7cbe\u7c21\uff0c\u4e26\u964d\u4f4e\u4e86\u7f3a\u9677\u7522\u54c1\u7684\u98a8\u96aa\u3002360\u00b0\u900f\u660e\u5916\u6bbc\u53ef\u5be6\u73fe\u5168\u65b9\u4f4d\u7167\u660e\uff0c\u4f7f\u7528\u4e8642 chip COB\u53ca10 SMD LED\uff0c\u53ef\u63d0\u4f9b\u9ad8\u905440\u6d41\u660e\u4eae\u5ea6\u8f38\u51fa\uff0c\u4e14\u9069\u7528\u65bc\u591a\u7a2e\u4f7f\u7528\u60c5\u5883\u3002\u9664\u6b64\u4e4b\u5916\u9084\u64c1\u6709\u8a31\u591a\u4eba\u6027\u5316\u7684\u8a2d\u8a08\uff0c\u50cf\u662f\u7368\u5275\u7684\u4e3b\u71c8\u4f4e\u96fb\u91cf\u63d0\u9192\u3001\u5269\u9918\u96fb\u91cf\u67e5\u8a62\u3001\u9084\u6709\u5145\u98fd\u81ea\u52d5\u65b7\u96fb\u7cfb\u7d71\u7b49\u7b49\u3002<\/p>\n<p>&nbsp;<\/p>\n<h5><strong>\u8a2d\u8a08<\/strong><\/h5>\n<p>\u4f7f\u7528\u4e8642 chip COB\u53ca10 SMD LED\uff0c\u65e5\u9593\u9583\u720d\u529f\u80fd\u670950\u6d41\u660e\u7684\u8f38\u51fa\u7167\u660e\uff0c360\u5ea6\u7684\u8996\u89d2\u80fd\u4e00\u773c\u6293\u4f4f\u76ee\u5149\uff0c\u4fd0\u843d\u7684\u5916\u578b\u8a2d\u8a08\uff0c\u4e0d\u8ad6\u662f\u9a0e\u8eca\u6216\u662f\u639b\u5728\u5305\u5305\u4e0a\u90fd\u5341\u5206\u6709\u578b\uff0c\u4e26\u4e14\u6709\u591a\u5143\u7684\u4f7f\u7528\u65b9\u5f0f\u3002[\/vc_column_text]<\/p>\n<\/div>\n<div class=\"wppm-loading-spinner\"><\/div>\n<\/div>\n<div id=\"wppm-tab-0-1\" class=\"wppm-tabbed\">\n<div class=\"rendered-content\">\n<p>[vc_column_text]<\/p>\n<ul>\n<li>\u4f7f\u752842 chip\u53ca10 SMD LED\uff0c\u53ef\u63d0\u4f9b\u6700\u5927\u7bc4\u570d\u7684\u8b66\u793a<\/li>\n<li>\u65e5\u9593\u9583\u720d\u529f\u80fd\uff0c\u5927\u5927\u63d0\u9ad8\u65e5\u9593\u4f7f\u7528\u7684\u5b89\u5168\u6027<\/li>\n<li>\u63a1\u5168\u9762\u767c\u5149\u900f\u93e1\u8a2d\u8a08\uff0c360\u5ea6\u8b66\u793a\u89d2\u5ea6\u66f4\u52a0\u5168\u9762<\/li>\n<li>\u80cc\u593e\u8a2d\u8a08\u53ef\u8f15\u9b06\u56fa\u5b9a\u5728\u80cc\u5e36\u3001\u80cc\u5305\u7b49\u5730\u65b9<\/li>\n<li>\u5145\u98fd\u81ea\u52d5\u65b7\u96fb\u7cfb\u7d71\u53ef\u4ee5\u4fdd\u8b77\u96fb\u6c60\u4e0d\u6703\u56e0\u904e\u5ea6\u5145\u96fb\u800c\u7522\u751f\u5371\u96aa<\/li>\n<li>\u901a\u904eIPX4\u9632\u6c34\u6a19\u6e96<\/li>\n<\/ul>\n<p>[\/vc_column_text]<\/p>\n<\/div>\n<div class=\"wppm-loading-spinner\"><\/div>\n<\/div>\n<div id=\"wppm-tab-0-2\" class=\"wppm-tabbed\">\n<div class=\"rendered-content\">\n<p>[vc_column_text]<\/p>\n<table>\n<tbody>\n<tr>\n<td><strong>\u5c3a\u5bf8<\/strong><\/td>\n<td>55.5 x 26 x 24 mm<\/td>\n<\/tr>\n<tr>\n<td><strong>\u91cd\u91cf<\/strong><\/td>\n<td>23 g<\/td>\n<\/tr>\n<tr>\n<td><strong>LED<\/strong><\/td>\n<td>\u7d05\u5149 COB LED<\/td>\n<\/tr>\n<tr>\n<td><strong>\u6700\u9ad8\u4eae\u5ea6<\/strong><\/td>\n<td>50 \u6d41\u660e\u00a0(\u65e5\u9593\u9583\u720d)<\/td>\n<\/tr>\n<tr>\n<td><strong>\u96fb\u6c60<\/strong><\/td>\n<td>\u5145\u96fb\u5f0f\u92f0\u805a\u96fb\u6c60<\/td>\n<\/tr>\n<tr>\n<td><strong>\u4f7f\u7528\u6642\u9593<\/strong><\/td>\n<td>6 \u5c0f\u6642 (\u534a\u4eae)<br \/>\n1 \u5c0f\u6642 (\u5168\u4eae)<br \/>\n9 \u5c0f\u6642 (\u9583\u720d1)<br \/>\n13.5 \u5c0f\u6642 (\u9583\u720d2)<br \/>\n20 \u5c0f\u6642 (\u9583\u720d3)<br \/>\n3.5 \u5c0f\u6642 (\u9583\u720d4)<br \/>\n8 \u5c0f\u6642 (\u65e5\u9593\u9583\u720d)<\/td>\n<\/tr>\n<tr>\n<td><strong>\u5145\u96fb\u6642\u9593<\/strong><\/td>\n<td>2.5 \u5c0f\u6642<\/td>\n<\/tr>\n<tr>\n<td><strong>\u652f\u67b6<\/strong><\/td>\n<td>RB05\u2018,\u00a0\u9069\u7528 \u00d819-\u00d848 mm;\u00a0RB08,\u00a0\u9069\u7528 69-150 mm<\/td>\n<\/tr>\n<tr>\n<td><strong>\u64cd\u4f5c\u8aaa\u660e<\/strong><\/td>\n<td><img class=\"alignnone size-full wp-image-46090\" src=\"http:\/\/www.infini.tw\/wp-content\/uploads\/2019\/03\/pdf-e1553291417643.png\" alt=\"\" width=\"25\" height=\"25\" \/> <a href=\"http:\/\/www.infini.tw\/wp-content\/uploads\/2020\/01\/Manual_I-280R.pdf\" target=\"_blank\" rel=\"noopener noreferrer\">\u4e0b\u8f09<\/a><\/td>\n<\/tr>\n<\/tbody>\n<\/table>\n<p>[\/vc_column_text]<\/p>\n<\/div>\n<div class=\"wppm-loading-spinner\"><\/div>\n<\/div>\n<\/div>[\/vc_column][\/vc_row][vc_row row_type=&#8221;row&#8221; use_row_as_full_screen_section=&#8221;no&#8221; type=&#8221;full_width&#8221; text_align=&#8221;left&#8221; background_animation=&#8221;none&#8221; padding_top=&#8221;50&#8243; padding_bottom=&#8221;50&#8243; css_animation=&#8221;&#8221; css=&#8221;.vc_custom_1502482920375{padding-right: 25px !important;}&#8221;][vc_column][vc_accordion active_tab=&#8221;false&#8221; collapsible=&#8221;yes&#8221; style=&#8221;toggle&#8221; accordion_border_radius=&#8221;0&#8243;][vc_accordion_tab title=&#8221;\u5167\u542b&#8221; title_tag=&#8221;h4&#8243; title_color=&#8221;#ff3333&#8243; background_color=&#8221;#ffffff&#8221;][vc_row_inner row_type=&#8221;row&#8221; type=&#8221;full_width&#8221; use_row_as_full_screen_section_slide=&#8221;no&#8221; text_align=&#8221;left&#8221; css_animation=&#8221;&#8221;][vc_column_inner width=&#8221;1\/4&#8243;][vc_single_image image=&#8221;50777&#8243; alignment=&#8221;center&#8221; qode_css_animation=&#8221;&#8221;][vc_column_text]<\/p>\n<p style=\"text-align: center;\">\u71c8\u8207\u652f\u67b6<\/p>\n<p>[\/vc_column_text][\/vc_column_inner][vc_column_inner width=&#8221;1\/4&#8243;][vc_single_image image=&#8221;52505&#8243; alignment=&#8221;center&#8221; qode_css_animation=&#8221;&#8221;][vc_column_text]<\/p>\n<p style=\"text-align: center;\">\u5200\u578b\u7ba1\u652f\u67b6<\/p>\n<p>[\/vc_column_text][\/vc_column_inner][vc_column_inner width=&#8221;1\/4&#8243;][vc_single_image image=&#8221;51966&#8243; alignment=&#8221;center&#8221; qode_css_animation=&#8221;&#8221;][vc_column_text]<\/p>\n<p style=\"text-align: center;\">USB \u5145\u96fb\u7dda<\/p>\n<p>[\/vc_column_text][\/vc_column_inner][vc_column_inner width=&#8221;1\/4&#8243;][vc_single_image image=&#8221;51627&#8243; alignment=&#8221;center&#8221; qode_css_animation=&#8221;&#8221;][vc_column_text]<\/p>\n<p style=\"text-align: center;\">\u5b89\u5168\u5e3d\u9ecf\u6263\u5e36<\/p>\n<p>[\/vc_column_text][\/vc_column_inner][\/vc_row_inner][\/vc_accordion_tab][vc_accordion_tab title=&#8221;\u53ef\u9069\u7528\u914d\u4ef6&#8221; title_tag=&#8221;h4&#8243; title_color=&#8221;#ff3333&#8243; background_color=&#8221;#ffffff&#8221;][vc_row_inner row_type=&#8221;row&#8221; type=&#8221;full_width&#8221; use_row_as_full_screen_section_slide=&#8221;no&#8221; text_align=&#8221;left&#8221; css_animation=&#8221;&#8221;][vc_column_inner width=&#8221;1\/4&#8243;][vc_single_image image=&#8221;61984&#8243; alignment=&#8221;center&#8221; onclick=&#8221;custom_link&#8221; img_link_target=&#8221;_blank&#8221; qode_css_animation=&#8221;&#8221; link=&#8221;http:\/\/www.infini.tw\/zh-hant\/product\/rb14\/&#8221;][vc_column_text]<\/p>\n<p style=\"text-align: center;\">RB14<\/p>\n<p>[\/vc_column_text][\/vc_column_inner][vc_column_inner width=&#8221;1\/4&#8243;][vc_single_image image=&#8221;52511&#8243; alignment=&#8221;center&#8221; onclick=&#8221;custom_link&#8221; img_link_target=&#8221;_blank&#8221; qode_css_animation=&#8221;&#8221; link=&#8221;http:\/\/www.infini.tw\/zh-hant\/product\/sa01\/&#8221;][vc_column_text]<\/p>\n<p style=\"text-align: center;\">SA01<\/p>\n<p>[\/vc_column_text][\/vc_column_inner][vc_column_inner width=&#8221;1\/4&#8243;][\/vc_column_inner][vc_column_inner width=&#8221;1\/4&#8243;][\/vc_column_inner][\/vc_row_inner][\/vc_accordion_tab][vc_accordion_tab title=&#8221;\u71c8\u7d44&#8221; title_tag=&#8221;h4&#8243; title_color=&#8221;#ff3333&#8243; background_color=&#8221;#ffffff&#8221;][vc_row_inner row_type=&#8221;row&#8221; type=&#8221;full_width&#8221; use_row_as_full_screen_section_slide=&#8221;no&#8221; text_align=&#8221;left&#8221; css_animation=&#8221;&#8221;][vc_column_inner width=&#8221;1\/4&#8243;][vc_single_image image=&#8221;51563&#8243; alignment=&#8221;center&#8221; qode_css_animation=&#8221;&#8221;][vc_column_text]<\/p>\n<p style=\"text-align: center;\">I-281P\/I-280R COMBO<\/p>\n<p>[\/vc_column_text][\/vc_column_inner][vc_column_inner width=&#8221;1\/4&#8243;][\/vc_column_inner][vc_column_inner width=&#8221;1\/4&#8243;][\/vc_column_inner][vc_column_inner width=&#8221;1\/4&#8243;][\/vc_column_inner][\/vc_row_inner][\/vc_accordion_tab][\/vc_accordion][\/vc_column][\/vc_row][vc_row row_type=&#8221;row&#8221; use_row_as_full_screen_section=&#8221;no&#8221; type=&#8221;full_width&#8221; text_align=&#8221;left&#8221; background_animation=&#8221;none&#8221; css_animation=&#8221;&#8221;][vc_column][vc_gallery type=&#8221;image_grid&#8221; images=&#8221;49922,50209,56901,49988,50036,56875,67349,56869,64841,49976,50000,49970&#8243; img_size=&#8221;40&#215;40&#8243; onclick=&#8221;&#8221; column_number=&#8221;0&#8243; grayscale=&#8221;no&#8221; space_between_images=&#8221;no&#8221;][vc_empty_space height=&#8221;15px&#8221;][\/vc_column][\/vc_row][vc_row row_type=&#8221;row&#8221; use_row_as_full_screen_section=&#8221;no&#8221; type=&#8221;full_width&#8221; text_align=&#8221;left&#8221; background_animation=&#8221;none&#8221; css_animation=&#8221;&#8221;][vc_column][vc_column_text]<\/p>\n<h5><strong><img class=\"alignnone wp-image-64239\" src=\"https:\/\/www.infini.tw\/wp-content\/uploads\/2018\/10\/comments.png\" alt=\"\" width=\"35\" height=\"35\" srcset=\"https:\/\/www.infini.tw\/wp-content\/uploads\/2018\/10\/comments.png 300w, https:\/\/www.infini.tw\/wp-content\/uploads\/2018\/10\/comments-150x150.png 150w, https:\/\/www.infini.tw\/wp-content\/uploads\/2018\/10\/comments-100x100.png 100w\" sizes=\"(max-width: 35px) 100vw, 35px\" \/>\u8a55\u8ad6<\/strong><\/h5>\n<pre><strong>- Esta l\u00e1mpara trasera se compone de 42 LED COB y 10 LED SMD, lo que le brinda una potencia luminosa m\u00e1xima de 50 l\u00famenes, suficientes para hacerte visible a kil\u00f3metros de distancia. Esta caracter\u00edstica la hace especialmente buena para ciclistas urbanos y de ruta.----la bicikleta (<a href=\"https:\/\/labicikleta.com\/resena-luces-para-bicicleta-tron\/\" target=\"_blank\" rel=\"noopener noreferrer\">Full Article<\/a>)<\/strong><\/pre>\n<pre><strong>- 360\ub3c4 \uc2dc\uc778\uc131\uc744 \ud655\ubcf4\ud55c. \uc6d0\ud53c\uc2a4 \uad6c\uc870\uc758 \ud22c\uba85 \ucf00\uc774\uc2a4\ub85c \uc81c\uc791\ub418\uc5b4 \ub77c\uc774\ud2b8\uac00 \uc804\uccb4\uc801\uc73c\ub85c \ubc88\uc9c0\ub294 \ud6a8\uacfc\uac00 \uc788\ub2e4.---BIKE MAGAZINE (<a href=\"https:\/\/www.bikem.co.kr\/article\/read.php?num=12345\" target=\"_blank\" rel=\"noopener noreferrer\">Full Article<\/a>)<\/strong><\/pre>\n<pre><strong>- Anche in questo caso quello che stupisce \u00e8 la sua dimensione veramente minima specialmente se rapportata alla sua buona capacit\u00e0 illuminante.---bici Magazine (<a href=\"https:\/\/www.bicimagazine.it\/contenuti\/test-e-recensioni\/accessori\/2484-piccole-leggere-ma-molto-performanti-sono-le-tron-di-infini.html\" target=\"_blank\" rel=\"noopener noreferrer\">Full Article<\/a>)<\/strong><\/pre>\n<pre><strong>- L\u2019Infini Tron I-280R est un petit feu arri\u00e8re qui pourra \u00eatre utilis\u00e9 conjointement avec le Tron 500 I-282P pour disposer d\u2019une solution d\u2019\u00e9clairage id\u00e9ale pour rentrer du travail, y aller, ou affronter des conditions m\u00e9t\u00e9os p\u00e9nibles---Dimensions V\u00e9lo (<a href=\"https:\/\/dimensionsvelo.com\/2020\/08\/06\/infini-tron-i-280r-un-feu-arriere-pratique-et-puissant\/\" target=\"_blank\" rel=\"noopener noreferrer\">Full Article<\/a>)<\/strong><\/pre>\n<pre><strong>- I 42 LED COB cablati internamente alla Tron garantiscono una visibilit\u00e0 passiva a tutto campo anche da lunghe distanze, grazie allo spettro luminoso pi\u00f9 intenso rispetto ai LED SMD, qui comunque presenti..---tech-cycling (<a href=\"https:\/\/www.tech-cycling.it\/infini-luci-i-282p-tron-500-e-i-280r-tron\/\" target=\"_blank\" rel=\"noopener noreferrer\">Full Article<\/a>)<\/strong><\/pre>\n<p>[\/vc_column_text][\/vc_column][\/vc_row]<\/p>\n","protected":false},"excerpt":{"rendered":"<p>[vc_row row_type=&#8221;row&#8221; use_row_as&#8230;<\/p>\n","protected":false},"featured_media":50711,"template":"","meta":[],"product_cat":[250,225],"product_tag":[],"aioseo_notices":[],"_links":{"self":[{"href":"https:\/\/www.infini.tw\/zh-hant\/wp-json\/wp\/v2\/product\/50733"}],"collection":[{"href":"https:\/\/www.infini.tw\/zh-hant\/wp-json\/wp\/v2\/product"}],"about":[{"href":"https:\/\/www.infini.tw\/zh-hant\/wp-json\/wp\/v2\/types\/product"}],"wp:featuredmedia":[{"embeddable":true,"href":"https:\/\/www.infini.tw\/zh-hant\/wp-json\/wp\/v2\/media\/50711"}],"wp:attachment":[{"href":"https:\/\/www.infini.tw\/zh-hant\/wp-json\/wp\/v2\/media?parent=50733"}],"wp:term":[{"taxonomy":"product_cat","embeddable":true,"href":"https:\/\/www.infini.tw\/zh-hant\/wp-json\/wp\/v2\/product_cat?post=50733"},{"taxonomy":"product_tag","embeddable":true,"href":"https:\/\/www.infini.tw\/zh-hant\/wp-json\/wp\/v2\/product_tag?post=50733"}],"curies":[{"name":"wp","href":"https:\/\/api.w.org\/{rel}","templated":true}]}}