{"id":48251,"date":"2018-10-04T00:00:59","date_gmt":"2018-10-04T00:00:59","guid":{"rendered":"http:\/\/www.infini.tw\/product\/i-282p-tron-500\/"},"modified":"2021-01-19T14:55:42","modified_gmt":"2021-01-19T06:55:42","slug":"i-282p-tron-500","status":"publish","type":"product","link":"https:\/\/www.infini.tw\/zh-hant\/product\/i-282p-tron-500\/","title":{"rendered":"I-282P TRON 500"},"content":{"rendered":"<p>[vc_row row_type=&#8221;row&#8221; use_row_as_full_screen_section=&#8221;no&#8221; type=&#8221;full_width&#8221; text_align=&#8221;left&#8221; background_animation=&#8221;none&#8221; padding_bottom=&#8221;0&#8243; css_animation=&#8221;&#8221;][vc_column]<div class=\"wppm-tabber\"><ul class=\"wppm-tabs clearfix\" id=\"wppm-tabs-0\"><li><a href=\"#wppm-tab-0-0\">\u7522\u54c1\u7c21\u4ecb<\/a><\/li><li><a href=\"#wppm-tab-0-1\">\u7522\u54c1\u7279\u9ede<\/a><\/li><li><a href=\"#wppm-tab-0-2\">\u7522\u54c1\u898f\u683c<\/a><\/li><\/ul><div id=\"wppm-tab-0-0\" class=\"wppm-tabbed\">\n<div class=\"rendered-content\">\n<p>[vc_column_text]TRON 500\u982d\u71c8\u4e0d\u50c5\u5ef6\u7e8c\u4e86\u73fe\u6709TRON\u7cfb\u5217\u7684\u8a2d\u8a08\u7279\u9ede\uff0c\u66f4\u5927\u5927\u63d0\u5347\u4e86\u529f\u80fd\u5be6\u7528\u6027\u3002TRON 500\u5167\u90e8\u642d\u8f09\u611f\u5149\u5143\u4ef6\u53ef\u4ee5\u611f\u61c9\u56db\u5468\u7684\u74b0\u5883\u5149\u6e90\uff0c\u81ea\u52d5\u5224\u65b7\u7576\u4e0b\u6700\u9069\u5408\u7684\u4eae\u5ea6\u53ca\u6a21\u5f0f\u3002\u6240\u4ee5\u7576\u958b\u555f\u81ea\u52d5\u6a21\u5f0f\u6642\uff0c\u4e0d\u9700\u53e6\u5916\u53bb\u8abf\u6574\u4eae\u5ea6\u3001\u6a21\u5f0f\uff0c\u8b93\u4f7f\u7528\u8005\u53ef\u4ee5\u5c08\u5fc3\u5728\u9a0e\u884c\u9019\u4ef6\u4e8b\u60c5\u4e0a\u3002<\/p>\n<p>&nbsp;<\/p>\n<h5><strong>\u8a2d\u8a08<\/strong><\/h5>\n<p>TRON 500\u71c8\u9ad4\u63a1\u75286061\u92c1\u5408\u91d1\u88fd\u6210\uff0c\u517c\u5177\u8cea\u611f\u53ca\u8010\u7528\u6027\u3002\u77fd\u81a0\u6309\u9375\u53ca\u52a0\u6df1\u7684USB\u84cb\u8a2d\u8a08\uff0c\u53ef\u5728\u4efb\u4f55\u60c5\u6cc1\u4e0b\u63d0\u4f9b\u751f\u6d3b\u9632\u6c34\u7b49\u7d1a\u7684\u4fdd\u969c\u3002\u65b0\u52a0\u5165\u7684\u81ea\u52d5\u6a21\u5f0f\u529f\u80fd\uff0c\u5927\u5927\u63d0\u9ad8\u4e86\u9a0e\u884c\u6642\u7684\u7167\u660e\u6548\u7387\u3002[\/vc_column_text]<\/p>\n<\/div>\n<div class=\"wppm-loading-spinner\"><\/div>\n<\/div>\n<div id=\"wppm-tab-0-1\" class=\"wppm-tabbed\">\n<div class=\"rendered-content\">\n<p>[vc_column_text]<\/p>\n<ul>\n<li>500\u6d41\u660e\u9ad8\u5149\u6e90\u8f93\u51fa<\/li>\n<li>\u81ea\u52d5\u6a21\u5f0f\u4e0b\uff0c\u4eae\u5ea6\u3001\u6a21\u5f0f\u6703\u4f9d\u74b0\u5883\u5149\u505a\u81ea\u52d5\u8abf\u6574<\/li>\n<li>650\u6d41\u660e\u65e5\u9593\u9583\u720d\u529f\u80fd\uff0c\u63d0\u4f9b\u65e5\u9593\u9a0e\u884c\u66f4\u591a\u4e00\u5c64\u7684\u5b89\u5168\u4fdd\u969c<\/li>\n<li>\u9069\u7528\u65bc\u591a\u7a2e\u624b\u628a\uff0c\u4e0d\u8ad6\u5713\u7ba1\u6291\u6216\u98db\u6a5f\u628a\u7ba1\u7686\u9069\u7528<\/li>\n<li>\u652f\u63f4\u5b89\u5168\u5e3d\u53ca\u5012\u88dd\u7b49\u5404\u7a2e\u5b89\u88dd\u65b9\u5f0f<\/li>\n<li>\u901a\u904eIPX4\u9632\u6c34\u6a19\u6e96<\/li>\n<\/ul>\n<p>[\/vc_column_text]<\/p>\n<\/div>\n<div class=\"wppm-loading-spinner\"><\/div>\n<\/div>\n<div id=\"wppm-tab-0-2\" class=\"wppm-tabbed\">\n<div class=\"rendered-content\">\n<p>[vc_column_text]<\/p>\n<table class=\"prod-table\" style=\"height: 364px;\" width=\"474\">\n<tbody>\n<tr>\n<td width=\"20%\"><strong> \u5c3a\u5bf8 <\/strong><\/td>\n<td width=\"80%\">69.5 x 32 x 26 mm<\/td>\n<\/tr>\n<tr>\n<td><strong> \u91cd\u91cf <\/strong><\/td>\n<td>58 g<\/td>\n<\/tr>\n<tr>\n<td><strong>LED<\/strong><\/td>\n<td>\u767d\u5149 LED x 1<\/td>\n<\/tr>\n<tr>\n<td><strong>\u6700\u9ad8\u4eae\u5ea6<\/strong><\/td>\n<td>650 \u6d41\u660e<\/td>\n<\/tr>\n<tr>\n<td><strong> \u96fb\u6c60 <\/strong><\/td>\n<td>\u5145\u96fb\u5f0f\u92f0\u805a\u96fb\u6c60<\/td>\n<\/tr>\n<tr>\n<td><strong>\u4f7f\u7528\u6642\u9593<\/strong><\/td>\n<td>4.5 \u5c0f\u6642 (\u6052\u4eae)<br \/>\n2 \u5c0f\u6642 (\u589e\u4eae)<br \/>\n1 \u5c0f\u6642 (\u6975\u4eae)<br \/>\n20 \u5c0f\u6642 (\u9583\u720d)<br \/>\n8 \u5c0f\u6642 (\u65e5\u9593\u9583\u720d)<br \/>\n2-8 \u5c0f\u6642 (\u81ea\u52d5\u5149\u611f\u6a21\u5f0f)<\/td>\n<\/tr>\n<tr>\n<td><strong>\u5145\u96fb\u6642\u9593<\/strong><\/td>\n<td>3 \u5c0f\u6642<\/td>\n<\/tr>\n<tr>\n<td><strong>\u7ba1\u5f91<\/strong><\/td>\n<td>\u9069\u7528 \u00d818-\u00d848 mm<\/td>\n<\/tr>\n<tr>\n<td><strong>\u64cd\u4f5c\u8aaa\u660e<\/strong><\/td>\n<td><img class=\"alignnone size-full wp-image-46090\" src=\"http:\/\/www.infini.tw\/wp-content\/uploads\/2019\/03\/pdf-e1553291417643.png\" alt=\"\" width=\"25\" height=\"25\" \/> <a href=\"http:\/\/www.infini.tw\/wp-content\/uploads\/2020\/01\/Manual_I-282P.pdf\" target=\"_blank\" rel=\"noopener noreferrer\">\u4e0b\u8f09<\/a><\/td>\n<\/tr>\n<\/tbody>\n<\/table>\n<p>[\/vc_column_text]<\/p>\n<\/div>\n<div class=\"wppm-loading-spinner\"><\/div>\n<\/div>\n<\/div>[\/vc_column][\/vc_row][vc_row row_type=&#8221;row&#8221; use_row_as_full_screen_section=&#8221;no&#8221; type=&#8221;full_width&#8221; text_align=&#8221;left&#8221; background_animation=&#8221;none&#8221; padding_top=&#8221;50&#8243; padding_bottom=&#8221;50&#8243; css_animation=&#8221;&#8221; css=&#8221;.vc_custom_1502482920375{padding-right: 25px !important;}&#8221;][vc_column][vc_accordion active_tab=&#8221;false&#8221; style=&#8221;toggle&#8221; accordion_border_radius=&#8221;0&#8243;][vc_accordion_tab title=&#8221;\u5167\u542b&#8221; title_tag=&#8221;h4&#8243; title_color=&#8221;#ff3333&#8243; background_color=&#8221;#ffffff&#8221;][vc_row_inner row_type=&#8221;row&#8221; type=&#8221;full_width&#8221; use_row_as_full_screen_section_slide=&#8221;no&#8221; text_align=&#8221;left&#8221; css_animation=&#8221;&#8221;][vc_column_inner width=&#8221;1\/4&#8243;][vc_single_image image=&#8221;46095&#8243; alignment=&#8221;center&#8221; qode_css_animation=&#8221;&#8221;][vc_column_text]<\/p>\n<p style=\"text-align: center;\">\u71c8\u8207\u652f\u67b6<\/p>\n<p>[\/vc_column_text][\/vc_column_inner][vc_column_inner width=&#8221;1\/4&#8243;][vc_single_image image=&#8221;51966&#8243; alignment=&#8221;center&#8221; qode_css_animation=&#8221;&#8221;][vc_column_text]<\/p>\n<p style=\"text-align: center;\">USB \u5145\u96fb\u7dda<\/p>\n<p>[\/vc_column_text][\/vc_column_inner][vc_column_inner width=&#8221;1\/4&#8243;][\/vc_column_inner][vc_column_inner width=&#8221;1\/4&#8243;][\/vc_column_inner][\/vc_row_inner][\/vc_accordion_tab][vc_accordion_tab title=&#8221;\u53ef\u9069\u7528\u914d\u4ef6&#8221; title_tag=&#8221;h4&#8243; title_color=&#8221;#ff3333&#8243; background_color=&#8221;#ffffff&#8221;][vc_row_inner row_type=&#8221;row&#8221; type=&#8221;full_width&#8221; use_row_as_full_screen_section_slide=&#8221;no&#8221; text_align=&#8221;left&#8221; css_animation=&#8221;&#8221;][vc_column_inner width=&#8221;1\/4&#8243;][vc_single_image image=&#8221;63625&#8243; alignment=&#8221;center&#8221; onclick=&#8221;custom_link&#8221; img_link_target=&#8221;_blank&#8221; qode_css_animation=&#8221;&#8221; link=&#8221;https:\/\/www.infini.tw\/zh-hantw\/product\/hc06\/&#8221;][vc_column_text]<\/p>\n<p style=\"text-align: center;\">HC06<\/p>\n<p>[\/vc_column_text][\/vc_column_inner][vc_column_inner width=&#8221;1\/4&#8243;][\/vc_column_inner][vc_column_inner width=&#8221;1\/4&#8243;][\/vc_column_inner][vc_column_inner width=&#8221;1\/4&#8243;][\/vc_column_inner][\/vc_row_inner][\/vc_accordion_tab][\/vc_accordion][\/vc_column][\/vc_row][vc_row row_type=&#8221;row&#8221; use_row_as_full_screen_section=&#8221;no&#8221; type=&#8221;full_width&#8221; text_align=&#8221;left&#8221; background_animation=&#8221;none&#8221; css_animation=&#8221;&#8221;][vc_column][vc_gallery type=&#8221;image_grid&#8221; images=&#8221;49886,49820,49988,56857,50036,56887,50069,50042,49826,50090,50063,50075,56851,50096,49976,50000,50048,56881,56863,50081&#8243; img_size=&#8221;40&#215;40&#8243; onclick=&#8221;&#8221; column_number=&#8221;0&#8243; grayscale=&#8221;no&#8221; space_between_images=&#8221;no&#8221;][vc_empty_space height=&#8221;15px&#8221;][\/vc_column][\/vc_row][vc_row row_type=&#8221;row&#8221; use_row_as_full_screen_section=&#8221;no&#8221; type=&#8221;full_width&#8221; text_align=&#8221;left&#8221; background_animation=&#8221;none&#8221; css_animation=&#8221;&#8221;][vc_column][vc_column_text]<\/p>\n<h5><strong><img class=\"alignnone wp-image-64239\" src=\"https:\/\/www.infini.tw\/wp-content\/uploads\/2018\/10\/comments.png\" alt=\"\" width=\"35\" height=\"35\" srcset=\"https:\/\/www.infini.tw\/wp-content\/uploads\/2018\/10\/comments.png 300w, https:\/\/www.infini.tw\/wp-content\/uploads\/2018\/10\/comments-150x150.png 150w, https:\/\/www.infini.tw\/wp-content\/uploads\/2018\/10\/comments-100x100.png 100w\" sizes=\"(max-width: 35px) 100vw, 35px\" \/>\u8a55\u8ad6<\/strong><\/h5>\n<pre><strong>- Ideal para uso en sitios con poca iluminaci\u00f3n, sus 500 lumens ser\u00e1n m\u00e1s que adecuados para alumbrar tu camino.----la bicikleta (<a href=\"https:\/\/labicikleta.com\/resena-luces-para-bicicleta-tron\/\" target=\"_blank\" rel=\"noopener noreferrer\">Full Article<\/a>)<\/strong><\/pre>\n<pre><strong>- \uadf8\ub9ac\uace0 360\ub3c4\ub85c \ud68c\uc804\uc774 \uac00\ub2a5\ud574 \ub2e4\ubc29\ud5a5\uc73c\ub85c \uc870\uc808\uc774 \uac00\ub2a5\ud558\ub2e4\ub294 \uc810\uc774 \uac00\uc7a5 \ud070 \ud2b9\uc9d5\uc774\ub2e4.---BIKE MAGAZINE (<a href=\"https:\/\/www.bikem.co.kr\/article\/read.php?num=12345\" target=\"_blank\" rel=\"noopener noreferrer\">Full Article<\/a>)<\/strong><\/pre>\n<pre><strong>- Piccole, leggere ma molto performanti.---bici Magazine (<a href=\"https:\/\/www.bicimagazine.it\/contenuti\/test-e-recensioni\/accessori\/2484-piccole-leggere-ma-molto-performanti-sono-le-tron-di-infini.html\" target=\"_blank\" rel=\"noopener noreferrer\">Full Article<\/a>)<\/strong><\/pre>\n<pre><strong>- L\u2019\u00e9clairage ne sert plus seulement la nuit\u2026 Il faut, parfois, y penser aussi le jour et pour cela, disposer d\u2019appareils lumineux et endurants. Comme l\u2019Infini Tron 500 I-282 P !---Dimensions V\u00e9lo (<a href=\"https:\/\/dimensionsvelo.com\/2020\/08\/03\/infini-i-282-p-500-pour-voir-et-etre-vu\/\" target=\"_blank\" rel=\"noopener noreferrer\">Full Article<\/a>)<\/strong><\/pre>\n<pre><strong>- Il terzo livello fisso, quello pi\u00f9 alto, eroga 500 Lumen per 1 ora e consente una invidiabile visione notturna anche a 15-20 metri di distanza.---tech-cycling (<a href=\"https:\/\/www.tech-cycling.it\/infini-luci-i-282p-tron-500-e-i-280r-tron\/\" target=\"_blank\" rel=\"noopener noreferrer\">Full Article<\/a>)<\/strong><\/pre>\n<p>[\/vc_column_text][\/vc_column][\/vc_row]<\/p>\n","protected":false},"excerpt":{"rendered":"<p>[vc_row row_type=&#8221;row&#8221; use_row_as&#8230;<\/p>\n","protected":false},"featured_media":43505,"template":"","meta":[],"product_cat":[250,185,189],"product_tag":[],"aioseo_notices":[],"_links":{"self":[{"href":"https:\/\/www.infini.tw\/zh-hant\/wp-json\/wp\/v2\/product\/48251"}],"collection":[{"href":"https:\/\/www.infini.tw\/zh-hant\/wp-json\/wp\/v2\/product"}],"about":[{"href":"https:\/\/www.infini.tw\/zh-hant\/wp-json\/wp\/v2\/types\/product"}],"wp:featuredmedia":[{"embeddable":true,"href":"https:\/\/www.infini.tw\/zh-hant\/wp-json\/wp\/v2\/media\/43505"}],"wp:attachment":[{"href":"https:\/\/www.infini.tw\/zh-hant\/wp-json\/wp\/v2\/media?parent=48251"}],"wp:term":[{"taxonomy":"product_cat","embeddable":true,"href":"https:\/\/www.infini.tw\/zh-hant\/wp-json\/wp\/v2\/product_cat?post=48251"},{"taxonomy":"product_tag","embeddable":true,"href":"https:\/\/www.infini.tw\/zh-hant\/wp-json\/wp\/v2\/product_tag?post=48251"}],"curies":[{"name":"wp","href":"https:\/\/api.w.org\/{rel}","templated":true}]}}