{"id":50731,"date":"2019-08-20T11:08:36","date_gmt":"2019-08-20T03:08:38","guid":{"rendered":"http:\/\/www.infini.tw\/?post_type=product&#038;p=50731"},"modified":"2022-08-05T21:21:46","modified_gmt":"2022-08-05T13:21:46","slug":"i-280r-tron","status":"publish","type":"product","link":"https:\/\/www.infini.tw\/ja\/product\/i-280r-tron\/","title":{"rendered":"I-280R TRON"},"content":{"rendered":"<p>[vc_row row_type=&#8221;row&#8221; use_row_as_full_screen_section=&#8221;no&#8221; type=&#8221;full_width&#8221; text_align=&#8221;left&#8221; background_animation=&#8221;none&#8221; padding_bottom=&#8221;0&#8243; css_animation=&#8221;&#8221;][vc_column]<div class=\"wppm-tabber\"><ul class=\"wppm-tabs clearfix\" id=\"wppm-tabs-0\"><li><a href=\"#wppm-tab-0-0\">\u6982\u8981<\/a><\/li><li><a href=\"#wppm-tab-0-1\">\u7279\u5fb4<\/a><\/li><li><a href=\"#wppm-tab-0-2\">\u4ed5\u69d8<\/a><\/li><\/ul><div id=\"wppm-tab-0-0\" class=\"wppm-tabbed\">\n<div class=\"rendered-content\">\n<p>[vc_column_text]<\/p>\n<h4>\u8868\u9762\u306bCOB(\u30c1\u30c3\u30d7\u30aa\u30f3\u30dc\u30fc\u30c9) 42 \u30c1\u30c3\u30d7 \u30ec\u30c3\u30c9LED\u3001\u4e21\u5074\u9762\u306b\u5408\u308f\u305b\u306610 \u500b\u306eLED \u3092\u642d\u8f09\u3057\u305f\u3001\u9ad8\u3044\u88ab\u8996\u8a8d\u6027\u3092\u6301\u3064\u9762\u767a\u5149\u30ea\u30a2\u30e9\u30a4\u30c8\u3002<\/h4>\n<h4>\u5b89\u5168\u6027\u3092\u9ad8\u3081\u308b\u300c\u30c7\u30a4\u30d5\u30e9\u30c3\u30b7\u30e5\u30e2\u30fc\u30c9\u300d\u306f\u70b9\u706f\u30e2\u30fc\u30c9\u3092\u8d85\u3048\u308b50 \u30eb\u30fc\u30e1\u30f3\u3002<\/h4>\n<p>[\/vc_column_text]<\/p>\n<\/div>\n<div class=\"wppm-loading-spinner\"><\/div>\n<\/div>\n<div id=\"wppm-tab-0-1\" class=\"wppm-tabbed\">\n<div class=\"rendered-content\">\n<p>[vc_column_text]<\/p>\n<ul>\n<li>\u30d0\u30c3\u30c6\u30ea\u30fc\u30ad\u30e3\u30d1\u30b7\u30c6\u30a3 \u30a4\u30f3\u30b8\u30b1\u30fc\u30bf\u30fc<\/li>\n<li>\u30ed\u30fc \u30d0\u30c3\u30c6\u30ea\u30fc \u30a4\u30f3\u30b8\u30b1\u30fc\u30bf\u30fc<\/li>\n<li>\u9632\u6c34\u6027\u80fd : IPX4<\/li>\n<\/ul>\n<p>[\/vc_column_text]<\/p>\n<\/div>\n<div class=\"wppm-loading-spinner\"><\/div>\n<\/div>\n<div id=\"wppm-tab-0-2\" class=\"wppm-tabbed\">\n<div class=\"rendered-content\">\n<p>[vc_column_text]<\/p>\n<table style=\"height: 439px;\" width=\"487\">\n<tbody>\n<tr>\n<td><strong>\u30b5\u30a4\u30ba<\/strong><\/td>\n<td>26 x 24 x 55.5 mm<\/td>\n<\/tr>\n<tr>\n<td><strong>\u91cd\u91cf<\/strong><\/td>\n<td>23 g<\/td>\n<\/tr>\n<tr>\n<td><strong>\u5149\u6e90<\/strong><\/td>\n<td>COB 42 \u30c1\u30c3\u30d7 \u30ec\u30c3\u30c9 LED + SMD 10 \u30c1\u30c3\u30d7 \u30ec\u30c3\u30c9 LED<\/td>\n<\/tr>\n<tr>\n<td><strong>\u8f1d\u5ea6<\/strong><\/td>\n<td>50 \u30eb\u30fc\u30e1\u30f3\u00a0(\u65e5\u4e2d\u70b9\u6ec5)<\/td>\n<\/tr>\n<tr>\n<td><strong>\u96fb\u6c60<\/strong><\/td>\n<td>\u30ea\u30c1\u30a6\u30e0\u30a4\u30aa\u30f3 \u30dd\u30ea\u30de\u30fc\u5145\u96fb\u5f0f\u96fb\u6c60\u5185\u8535<\/td>\n<\/tr>\n<tr>\n<td><strong>\u4f7f\u7528\u6642\u9593<\/strong><\/td>\n<td>\u70b9\u706f : 6 \u6642\u9593<br \/>\n\u9ad8\u8f1d\u5ea6\u70b9\u706f : 1\u6642\u9593<br \/>\n\u70b9\u6ec51 : 9 \u6642\u9593<br \/>\n\u70b9\u6ec5 2 : 13.5 \u6642\u9593\u3001<br \/>\n\u70b9\u6ec53 : 20 \u6642\u9593<br \/>\n\u30d1\u30eb\u30b9\u70b9\u706f : 3.5 \u6642\u9593<br \/>\n\u30c7\u30a4\u30d5\u30e9\u30c3\u30b7\u30e5 : 8 \u6642\u9593<\/td>\n<\/tr>\n<tr>\n<td><strong>\u5145\u96fb\u6642\u9593<\/strong><\/td>\n<td>2.5 \u6642\u9593<\/td>\n<\/tr>\n<tr>\n<td><strong>\u53d6\u4ed8\u53ef\u80fd\u5f84<\/strong><\/td>\n<td>\u00d819\u301c48 mm<\/td>\n<\/tr>\n<tr>\n<td><strong>\u53d6\u6271\u8aac\u660e\u66f8<\/strong><\/td>\n<td><img class=\"alignnone size-full wp-image-46092\" src=\"http:\/\/www.infini.tw\/wp-content\/uploads\/2019\/03\/pdf-e1553291417643.png\" alt=\"\" width=\"25\" height=\"25\" \/> <a href=\"https:\/\/www.infini.tw\/wp-content\/uploads\/2022\/03\/I-280R_Manual_EN_JA.pdf\" target=\"_blank\" rel=\"noopener noreferrer\">\u30c0\u30a6\u30f3\u30ed\u30fc\u30c9<\/a><\/td>\n<\/tr>\n<\/tbody>\n<\/table>\n<p>[\/vc_column_text]<\/p>\n<\/div>\n<div class=\"wppm-loading-spinner\"><\/div>\n<\/div>\n<\/div>[\/vc_column][\/vc_row][vc_row row_type=&#8221;row&#8221; use_row_as_full_screen_section=&#8221;no&#8221; type=&#8221;full_width&#8221; text_align=&#8221;left&#8221; background_animation=&#8221;none&#8221; padding_top=&#8221;50&#8243; padding_bottom=&#8221;50&#8243; css_animation=&#8221;&#8221; css=&#8221;.vc_custom_1502482920375{padding-right: 25px !important;}&#8221;][vc_column][vc_accordion active_tab=&#8221;false&#8221; collapsible=&#8221;yes&#8221; style=&#8221;toggle&#8221; accordion_border_radius=&#8221;0&#8243;][vc_accordion_tab title=&#8221;\u68b1\u5305\u5167\u5bb9&#8221; title_tag=&#8221;h4&#8243; title_color=&#8221;#ff3333&#8243; background_color=&#8221;#ffffff&#8221;][vc_row_inner row_type=&#8221;row&#8221; type=&#8221;full_width&#8221; use_row_as_full_screen_section_slide=&#8221;no&#8221; text_align=&#8221;left&#8221; css_animation=&#8221;&#8221;][vc_column_inner width=&#8221;1\/4&#8243;][vc_single_image image=&#8221;50779&#8243; alignment=&#8221;center&#8221; qode_css_animation=&#8221;&#8221;][vc_column_text]<\/p>\n<p style=\"text-align: center;\">\u30e9\u30a4\u30c8\u672c\u4f53<\/p>\n<p>[\/vc_column_text][\/vc_column_inner][vc_column_inner width=&#8221;1\/4&#8243;][vc_single_image image=&#8221;52507&#8243; alignment=&#8221;center&#8221; qode_css_animation=&#8221;&#8221;][vc_column_text]<\/p>\n<p style=\"text-align: center;\">\u30a8\u30a2\u30ed\u30bf\u30a4\u30d7\u30d1\u30c3\u30c9<\/p>\n<p>[\/vc_column_text][\/vc_column_inner][vc_column_inner width=&#8221;1\/4&#8243;][vc_single_image image=&#8221;51970&#8243; alignment=&#8221;center&#8221; qode_css_animation=&#8221;&#8221;][vc_column_text]<\/p>\n<p style=\"text-align: center;\">USB \u30b1\u30fc\u30d6\u30eb<\/p>\n<p>[\/vc_column_text][\/vc_column_inner][vc_column_inner width=&#8221;1\/4&#8243;][vc_single_image image=&#8221;51629&#8243; alignment=&#8221;center&#8221; qode_css_animation=&#8221;&#8221;][vc_column_text]<\/p>\n<p style=\"text-align: center;\">\u30d9\u30eb\u30af\u30ed\u30b9\u30c8\u30e9\u30c3\u30d7<\/p>\n<p>[\/vc_column_text][\/vc_column_inner][\/vc_row_inner][\/vc_accordion_tab][vc_accordion_tab title=&#8221;\u5bfe\u5fdc\u30a2\u30af\u30bb\u30b5\u30ea\u30fc&#8221; title_tag=&#8221;h4&#8243; title_color=&#8221;#ff3333&#8243; background_color=&#8221;#ffffff&#8221;][vc_row_inner row_type=&#8221;row&#8221; type=&#8221;full_width&#8221; use_row_as_full_screen_section_slide=&#8221;no&#8221; text_align=&#8221;left&#8221; css_animation=&#8221;&#8221;][vc_column_inner width=&#8221;1\/4&#8243;][vc_single_image image=&#8221;61986&#8243; alignment=&#8221;center&#8221; onclick=&#8221;custom_link&#8221; img_link_target=&#8221;_blank&#8221; qode_css_animation=&#8221;&#8221; link=&#8221;http:\/\/www.infini.tw\/ja\/product\/rb14\/&#8221;][vc_column_text]<\/p>\n<p style=\"text-align: center;\">RB14<\/p>\n<p>[\/vc_column_text][\/vc_column_inner][vc_column_inner width=&#8221;1\/4&#8243;][vc_single_image image=&#8221;52513&#8243; alignment=&#8221;center&#8221; onclick=&#8221;custom_link&#8221; img_link_target=&#8221;_blank&#8221; qode_css_animation=&#8221;&#8221; link=&#8221;http:\/\/www.infini.tw\/ja\/product\/sa01\/&#8221;][vc_column_text]<\/p>\n<p style=\"text-align: center;\">SA01<\/p>\n<p>[\/vc_column_text][\/vc_column_inner][vc_column_inner width=&#8221;1\/4&#8243;][\/vc_column_inner][vc_column_inner width=&#8221;1\/4&#8243;][\/vc_column_inner][\/vc_row_inner][\/vc_accordion_tab][vc_accordion_tab title=&#8221;\u30e9\u30a4\u30c8\u30bb\u30c3\u30c8&#8221; title_tag=&#8221;h4&#8243; title_color=&#8221;#ff3333&#8243; background_color=&#8221;#ffffff&#8221;][vc_row_inner row_type=&#8221;row&#8221; type=&#8221;full_width&#8221; use_row_as_full_screen_section_slide=&#8221;no&#8221; text_align=&#8221;left&#8221; css_animation=&#8221;&#8221;][vc_column_inner width=&#8221;1\/4&#8243;][vc_single_image image=&#8221;51565&#8243; alignment=&#8221;center&#8221; qode_css_animation=&#8221;&#8221;][vc_column_text]<\/p>\n<p style=\"text-align: center;\">I-281P\/I-280R COMBO<\/p>\n<p>[\/vc_column_text][\/vc_column_inner][vc_column_inner width=&#8221;1\/4&#8243;][\/vc_column_inner][vc_column_inner width=&#8221;1\/4&#8243;][\/vc_column_inner][vc_column_inner width=&#8221;1\/4&#8243;][\/vc_column_inner][\/vc_row_inner][\/vc_accordion_tab][\/vc_accordion][\/vc_column][\/vc_row][vc_row row_type=&#8221;row&#8221; use_row_as_full_screen_section=&#8221;no&#8221; type=&#8221;full_width&#8221; text_align=&#8221;left&#8221; background_animation=&#8221;none&#8221; css_animation=&#8221;&#8221;][vc_column][vc_gallery type=&#8221;image_grid&#8221; images=&#8221;49924,50211,56903,49990,50038,56877,67351,56871,64843,49978,50002,49972&#8243; img_size=&#8221;40&#215;40&#8243; onclick=&#8221;&#8221; column_number=&#8221;0&#8243; grayscale=&#8221;no&#8221; space_between_images=&#8221;no&#8221;][vc_empty_space height=&#8221;15px&#8221;][\/vc_column][\/vc_row][vc_row row_type=&#8221;row&#8221; use_row_as_full_screen_section=&#8221;no&#8221; type=&#8221;full_width&#8221; text_align=&#8221;left&#8221; background_animation=&#8221;none&#8221; css_animation=&#8221;&#8221;][vc_column][vc_column_text]<\/p>\n<h5><strong><img class=\"alignnone wp-image-64241\" src=\"https:\/\/www.infini.tw\/wp-content\/uploads\/2018\/10\/comments.png\" alt=\"\" width=\"35\" height=\"35\" srcset=\"https:\/\/www.infini.tw\/wp-content\/uploads\/2018\/10\/comments.png 300w, https:\/\/www.infini.tw\/wp-content\/uploads\/2018\/10\/comments-150x150.png 150w, https:\/\/www.infini.tw\/wp-content\/uploads\/2018\/10\/comments-100x100.png 100w\" sizes=\"(max-width: 35px) 100vw, 35px\" \/>\u30b3\u30e1\u30f3\u30c8<\/strong><\/h5>\n<pre><strong>- Esta l\u00e1mpara trasera se compone de 42 LED COB y 10 LED SMD, lo que le brinda una potencia luminosa m\u00e1xima de 50 l\u00famenes, suficientes para hacerte visible a kil\u00f3metros de distancia. Esta caracter\u00edstica la hace especialmente buena para ciclistas urbanos y de ruta.----la bicikleta (<a href=\"https:\/\/labicikleta.com\/resena-luces-para-bicicleta-tron\/\" target=\"_blank\" rel=\"noopener noreferrer\">Full Article<\/a>)<\/strong><\/pre>\n<pre><strong>- 360\ub3c4 \uc2dc\uc778\uc131\uc744 \ud655\ubcf4\ud55c. \uc6d0\ud53c\uc2a4 \uad6c\uc870\uc758 \ud22c\uba85 \ucf00\uc774\uc2a4\ub85c \uc81c\uc791\ub418\uc5b4 \ub77c\uc774\ud2b8\uac00 \uc804\uccb4\uc801\uc73c\ub85c \ubc88\uc9c0\ub294 \ud6a8\uacfc\uac00 \uc788\ub2e4.---BIKE MAGAZINE (<a href=\"https:\/\/www.bikem.co.kr\/article\/read.php?num=12345\" target=\"_blank\" rel=\"noopener noreferrer\">Full Article<\/a>)<\/strong><\/pre>\n<pre><strong>- Anche in questo caso quello che stupisce \u00e8 la sua dimensione veramente minima specialmente se rapportata alla sua buona capacit\u00e0 illuminante.---bici Magazine (<a href=\"https:\/\/www.bicimagazine.it\/contenuti\/test-e-recensioni\/accessori\/2484-piccole-leggere-ma-molto-performanti-sono-le-tron-di-infini.html\" target=\"_blank\" rel=\"noopener noreferrer\">Full Article<\/a>)<\/strong><\/pre>\n<pre><strong>- L\u2019Infini Tron I-280R est un petit feu arri\u00e8re qui pourra \u00eatre utilis\u00e9 conjointement avec le Tron 500 I-282P pour disposer d\u2019une solution d\u2019\u00e9clairage id\u00e9ale pour rentrer du travail, y aller, ou affronter des conditions m\u00e9t\u00e9os p\u00e9nibles---Dimensions V\u00e9lo (<a href=\"https:\/\/dimensionsvelo.com\/2020\/08\/06\/infini-tron-i-280r-un-feu-arriere-pratique-et-puissant\/\" target=\"_blank\" rel=\"noopener noreferrer\">Full Article<\/a>)<\/strong><\/pre>\n<pre><strong>- I 42 LED COB cablati internamente alla Tron garantiscono una visibilit\u00e0 passiva a tutto campo anche da lunghe distanze, grazie allo spettro luminoso pi\u00f9 intenso rispetto ai LED SMD, qui comunque presenti..---tech-cycling (<a href=\"https:\/\/www.tech-cycling.it\/infini-luci-i-282p-tron-500-e-i-280r-tron\/\" target=\"_blank\" rel=\"noopener noreferrer\">Full Article<\/a>)<\/strong><\/pre>\n<p>[\/vc_column_text][\/vc_column][\/vc_row]<\/p>\n","protected":false},"excerpt":{"rendered":"<p>[vc_row row_type=&#8221;row&#8221; use_row_as&#8230;<\/p>\n","protected":false},"featured_media":50713,"template":"","meta":[],"product_cat":[252,227],"product_tag":[],"aioseo_notices":[],"_links":{"self":[{"href":"https:\/\/www.infini.tw\/ja\/wp-json\/wp\/v2\/product\/50731"}],"collection":[{"href":"https:\/\/www.infini.tw\/ja\/wp-json\/wp\/v2\/product"}],"about":[{"href":"https:\/\/www.infini.tw\/ja\/wp-json\/wp\/v2\/types\/product"}],"wp:featuredmedia":[{"embeddable":true,"href":"https:\/\/www.infini.tw\/ja\/wp-json\/wp\/v2\/media\/50713"}],"wp:attachment":[{"href":"https:\/\/www.infini.tw\/ja\/wp-json\/wp\/v2\/media?parent=50731"}],"wp:term":[{"taxonomy":"product_cat","embeddable":true,"href":"https:\/\/www.infini.tw\/ja\/wp-json\/wp\/v2\/product_cat?post=50731"},{"taxonomy":"product_tag","embeddable":true,"href":"https:\/\/www.infini.tw\/ja\/wp-json\/wp\/v2\/product_tag?post=50731"}],"curies":[{"name":"wp","href":"https:\/\/api.w.org\/{rel}","templated":true}]}}