{"id":48253,"date":"2018-10-04T00:00:59","date_gmt":"2018-10-04T00:00:59","guid":{"rendered":"http:\/\/www.infini.tw\/product\/i-282p-tron-500\/"},"modified":"2022-04-29T14:54:53","modified_gmt":"2022-04-29T06:54:53","slug":"i-282p-tron-500","status":"publish","type":"product","link":"https:\/\/www.infini.tw\/ja\/product\/i-282p-tron-500\/","title":{"rendered":"I-282P TRON 500"},"content":{"rendered":"<p>[vc_row row_type=&#8221;row&#8221; use_row_as_full_screen_section=&#8221;no&#8221; type=&#8221;full_width&#8221; text_align=&#8221;left&#8221; background_animation=&#8221;none&#8221; padding_bottom=&#8221;0&#8243; css_animation=&#8221;&#8221;][vc_column]<div class=\"wppm-tabber\"><ul class=\"wppm-tabs clearfix\" id=\"wppm-tabs-0\"><li><a href=\"#wppm-tab-0-0\">\u6982\u8981<\/a><\/li><li><a href=\"#wppm-tab-0-1\">\u7279\u5fb4<\/a><\/li><li><a href=\"#wppm-tab-0-2\">\u4ed5\u69d8<\/a><\/li><\/ul><div id=\"wppm-tab-0-0\" class=\"wppm-tabbed\">\n<div class=\"rendered-content\">\n<p>[vc_column_text]<\/p>\n<h4>\u70b9\u706f 500 \u30eb\u30fc\u30e1\u30f3\u3001\u30c7\u30a4\u30d5\u30e9\u30c3\u30b7\u30e5 650 \u30eb\u30fc\u30e1\u30f3\u306e\u5f37\u529b\u306a\u660e\u308b\u3055\u3092\u6301\u3064\u3001\u30b3\u30f3\u30d1\u30af\u30c8\u306aUSB \u5145\u96fb\u5f0f\u30d5\u30ed\u30f3\u30c8\u30e9\u30a4\u30c8\u3002<\/h4>\n<h4>\u5468\u56f2\u306e\u660e\u6697\u3067\u30e2\u30fc\u30c9\u304c\u81ea\u52d5\u3067\u5207\u308a\u66ff\u308f\u308b\u300c\u30aa\u30fc\u30c8\u30e2\u30fc\u30c9\u300d\u3092\u642d\u8f09\u3057\u3066\u3044\u307e\u3059\u3002<\/h4>\n<p>[\/vc_column_text]<\/p>\n<\/div>\n<div class=\"wppm-loading-spinner\"><\/div>\n<\/div>\n<div id=\"wppm-tab-0-1\" class=\"wppm-tabbed\">\n<div class=\"rendered-content\">\n<p>[vc_column_text]<\/p>\n<ul>\n<li>\u30a2\u30eb\u30df\u5408\u91d1 \u5207\u524a\u30dc\u30c7\u30a3<\/li>\n<li>USB \u5145\u96fb\u53ef\u80fd<\/li>\n<li>\u30d0\u30c3\u30c6\u30ea\u30fc\u30ad\u30e3\u30d1\u30b7\u30c6\u30a3 \u30a4\u30f3\u30b8\u30b1\u30fc\u30bf\u30fc<\/li>\n<li>\u9632\u6c34\u6027\u80fd : IPX4<\/li>\n<\/ul>\n<p>[\/vc_column_text]<\/p>\n<\/div>\n<div class=\"wppm-loading-spinner\"><\/div>\n<\/div>\n<div id=\"wppm-tab-0-2\" class=\"wppm-tabbed\">\n<div class=\"rendered-content\">\n<p>[vc_column_text]<\/p>\n<table class=\"prod-table\" style=\"height: 478px;\" width=\"437\">\n<tbody>\n<tr>\n<td width=\"20%\"><strong>\u30b5\u30a4\u30ba<\/strong><\/td>\n<td width=\"80%\">69.5 x 32 x 26 mm<\/td>\n<\/tr>\n<tr>\n<td><strong> \u91cd\u91cf <\/strong><\/td>\n<td>58 g<\/td>\n<\/tr>\n<tr>\n<td><strong>\u5149\u6e90<\/strong><\/td>\n<td>10W \u30db\u30ef\u30a4\u30c8 LED x 1<\/td>\n<\/tr>\n<tr>\n<td><strong>\u8f1d\u5ea6<\/strong><\/td>\n<td>650 \u30eb\u30fc\u30e1\u30f3<\/td>\n<\/tr>\n<tr>\n<td><strong> \u96fb\u6c60 <\/strong><\/td>\n<td>\u30ea\u30c1\u30a6\u30e0\u30a4\u30aa\u30f3 \u30dd\u30ea\u30de\u30fc\u5145\u96fb\u5f0f\u96fb\u6c60\u5185\u8535<\/td>\n<\/tr>\n<tr>\n<td><strong>\u4f7f\u7528\u6642\u9593 <\/strong><\/td>\n<td>\u70b9\u706f : 4.5 \u6642\u9593<br \/>\n\u30d6\u30fc\u30b9\u30c8\u70b9\u706f : 2 \u6642\u9593<br \/>\n\u9ad8\u8f1d\u5ea6\u70b9\u706f : 1 \u6642\u9593<br \/>\n\u70b9\u6ec5 : 20 \u6642\u9593<br \/>\n\u30c7\u30a4\u30d5\u30e9\u30c3\u30b7\u30e5 : 8 \u6642\u9593<br \/>\n\u30aa\u30fc\u30c8\u30e2\u30fc\u30c9 (\u70b9\u706f\u301c\ufe0e\u30c7\u30a4\u30d5\u30e9\u30c3\u30b7\u30e5) : 2\u301c8 \u6642\u9593<br \/>\n(\u3054\u4f7f\u7528\u72b6\u6cc1\u306b\u3088\u3063\u3066\u3001\u70b9\u706f\u6642\u9593\u304c\u7570\u306a\u308a\u307e\u3059\u3002)<\/td>\n<\/tr>\n<tr>\n<td><strong>\u5145\u96fb\u6642\u9593<\/strong><\/td>\n<td>3 \u6642\u9593<\/td>\n<\/tr>\n<tr>\n<td><strong>\u53d6\u4ed8\u53ef\u80fd\u5f84<\/strong><\/td>\n<td>\u00d818\uff5e48 mm<\/td>\n<\/tr>\n<tr>\n<td><strong>\u53d6\u6271\u8aac\u660e\u66f8<\/strong><\/td>\n<td><img class=\"alignnone size-full wp-image-46092\" src=\"http:\/\/www.infini.tw\/wp-content\/uploads\/2019\/03\/pdf-e1553291417643.png\" alt=\"\" width=\"25\" height=\"25\" \/> <a href=\"https:\/\/www.infini.tw\/wp-content\/uploads\/2022\/03\/I-282P_Manual_EN_JA.pdf\" target=\"_blank\" rel=\"noopener noreferrer\">\u30c0\u30a6\u30f3\u30ed\u30fc\u30c9<\/a><\/td>\n<\/tr>\n<\/tbody>\n<\/table>\n<p>[\/vc_column_text]<\/p>\n<\/div>\n<div class=\"wppm-loading-spinner\"><\/div>\n<\/div>\n<\/div>[\/vc_column][\/vc_row][vc_row row_type=&#8221;row&#8221; use_row_as_full_screen_section=&#8221;no&#8221; type=&#8221;full_width&#8221; text_align=&#8221;left&#8221; background_animation=&#8221;none&#8221; padding_top=&#8221;50&#8243; padding_bottom=&#8221;50&#8243; css_animation=&#8221;&#8221; css=&#8221;.vc_custom_1502482920375{padding-right: 25px !important;}&#8221;][vc_column][vc_accordion active_tab=&#8221;false&#8221; style=&#8221;toggle&#8221; accordion_border_radius=&#8221;0&#8243;][vc_accordion_tab title=&#8221;\u68b1\u5305\u5167\u5bb9&#8221; title_tag=&#8221;h4&#8243; title_color=&#8221;#ff3333&#8243; background_color=&#8221;#ffffff&#8221;][vc_row_inner row_type=&#8221;row&#8221; type=&#8221;full_width&#8221; use_row_as_full_screen_section_slide=&#8221;no&#8221; text_align=&#8221;left&#8221; css_animation=&#8221;&#8221;][vc_column_inner width=&#8221;1\/4&#8243;][vc_single_image image=&#8221;46097&#8243; alignment=&#8221;center&#8221; qode_css_animation=&#8221;&#8221;][vc_column_text]<\/p>\n<p style=\"text-align: center;\">\u30e9\u30a4\u30c8\u672c\u4f53<\/p>\n<p>[\/vc_column_text][\/vc_column_inner][vc_column_inner width=&#8221;1\/4&#8243;][vc_single_image image=&#8221;51970&#8243; alignment=&#8221;center&#8221; qode_css_animation=&#8221;&#8221;][vc_column_text]<\/p>\n<p style=\"text-align: center;\">USB \u30b1\u30fc\u30d6\u30eb<\/p>\n<p>[\/vc_column_text][\/vc_column_inner][vc_column_inner width=&#8221;1\/4&#8243;][\/vc_column_inner][vc_column_inner width=&#8221;1\/4&#8243;][\/vc_column_inner][\/vc_row_inner][\/vc_accordion_tab][vc_accordion_tab title=&#8221;\u5bfe\u5fdc\u30a2\u30af\u30bb\u30b5\u30ea\u30fc&#8221; title_tag=&#8221;h4&#8243; title_color=&#8221;#ff3333&#8243; background_color=&#8221;#ffffff&#8221;][vc_row_inner row_type=&#8221;row&#8221; type=&#8221;full_width&#8221; use_row_as_full_screen_section_slide=&#8221;no&#8221; text_align=&#8221;left&#8221; css_animation=&#8221;&#8221;][vc_column_inner width=&#8221;1\/4&#8243;][vc_single_image image=&#8221;63627&#8243; alignment=&#8221;center&#8221; onclick=&#8221;custom_link&#8221; img_link_target=&#8221;_blank&#8221; qode_css_animation=&#8221;&#8221; link=&#8221;https:\/\/www.infini.tw\/ja\/product\/hc06\/&#8221;][vc_column_text]<\/p>\n<p style=\"text-align: center;\">HC06<\/p>\n<p>[\/vc_column_text][\/vc_column_inner][vc_column_inner width=&#8221;1\/4&#8243;][\/vc_column_inner][vc_column_inner width=&#8221;1\/4&#8243;][\/vc_column_inner][vc_column_inner width=&#8221;1\/4&#8243;][\/vc_column_inner][\/vc_row_inner][\/vc_accordion_tab][\/vc_accordion][\/vc_column][\/vc_row][vc_row row_type=&#8221;row&#8221; use_row_as_full_screen_section=&#8221;no&#8221; type=&#8221;full_width&#8221; text_align=&#8221;left&#8221; background_animation=&#8221;none&#8221; css_animation=&#8221;&#8221;][vc_column][vc_gallery type=&#8221;image_grid&#8221; images=&#8221;49888,49822,49990,56859,50038,56889,50071,50044,49828,50092,50065,50077,56853,50098,49978,50002,50050,56883,56865,50083&#8243; img_size=&#8221;40&#215;40&#8243; onclick=&#8221;&#8221; column_number=&#8221;0&#8243; grayscale=&#8221;no&#8221; space_between_images=&#8221;no&#8221;][vc_empty_space height=&#8221;15px&#8221;][\/vc_column][\/vc_row][vc_row row_type=&#8221;row&#8221; use_row_as_full_screen_section=&#8221;no&#8221; type=&#8221;full_width&#8221; text_align=&#8221;left&#8221; background_animation=&#8221;none&#8221; css_animation=&#8221;&#8221;][vc_column][vc_column_text]<\/p>\n<h5><strong><img class=\"alignnone wp-image-64241\" src=\"https:\/\/www.infini.tw\/wp-content\/uploads\/2018\/10\/comments.png\" alt=\"\" width=\"35\" height=\"35\" srcset=\"https:\/\/www.infini.tw\/wp-content\/uploads\/2018\/10\/comments.png 300w, https:\/\/www.infini.tw\/wp-content\/uploads\/2018\/10\/comments-150x150.png 150w, https:\/\/www.infini.tw\/wp-content\/uploads\/2018\/10\/comments-100x100.png 100w\" sizes=\"(max-width: 35px) 100vw, 35px\" \/>\u30b3\u30e1\u30f3\u30c8<\/strong><\/h5>\n<pre><strong>- Ideal para uso en sitios con poca iluminaci\u00f3n, sus 500 lumens ser\u00e1n m\u00e1s que adecuados para alumbrar tu camino.----la bicikleta (<a href=\"https:\/\/labicikleta.com\/resena-luces-para-bicicleta-tron\/\" target=\"_blank\" rel=\"noopener noreferrer\">Full Article<\/a>)<\/strong><\/pre>\n<pre><strong>- \uadf8\ub9ac\uace0 360\ub3c4\ub85c \ud68c\uc804\uc774 \uac00\ub2a5\ud574 \ub2e4\ubc29\ud5a5\uc73c\ub85c \uc870\uc808\uc774 \uac00\ub2a5\ud558\ub2e4\ub294 \uc810\uc774 \uac00\uc7a5 \ud070 \ud2b9\uc9d5\uc774\ub2e4.---BIKE MAGAZINE (<a href=\"https:\/\/www.bikem.co.kr\/article\/read.php?num=12345\" target=\"_blank\" rel=\"noopener noreferrer\">Full Article<\/a>)<\/strong><\/pre>\n<pre><strong>- Piccole, leggere ma molto performanti.---bici Magazine (<a href=\"https:\/\/www.bicimagazine.it\/contenuti\/test-e-recensioni\/accessori\/2484-piccole-leggere-ma-molto-performanti-sono-le-tron-di-infini.html\" target=\"_blank\" rel=\"noopener noreferrer\">Full Article<\/a>)<\/strong><\/pre>\n<pre><strong>- L\u2019\u00e9clairage ne sert plus seulement la nuit\u2026 Il faut, parfois, y penser aussi le jour et pour cela, disposer d\u2019appareils lumineux et endurants. Comme l\u2019Infini Tron 500 I-282 P !---Dimensions V\u00e9lo (<a href=\"https:\/\/dimensionsvelo.com\/2020\/08\/03\/infini-i-282-p-500-pour-voir-et-etre-vu\/\" target=\"_blank\" rel=\"noopener noreferrer\">Full Article<\/a>)<\/strong><\/pre>\n<pre><strong>- Il terzo livello fisso, quello pi\u00f9 alto, eroga 500 Lumen per 1 ora e consente una invidiabile visione notturna anche a 15-20 metri di distanza.---tech-cycling (<a href=\"https:\/\/www.tech-cycling.it\/infini-luci-i-282p-tron-500-e-i-280r-tron\/\" target=\"_blank\" rel=\"noopener noreferrer\">Full Article<\/a>)<\/strong><\/pre>\n<p>[\/vc_column_text][\/vc_column][\/vc_row]<\/p>\n","protected":false},"excerpt":{"rendered":"<p>[vc_row row_type=&#8221;row&#8221; use_row_as&#8230;<\/p>\n","protected":false},"featured_media":43507,"template":"","meta":[],"product_cat":[252,190,187],"product_tag":[],"aioseo_notices":[],"_links":{"self":[{"href":"https:\/\/www.infini.tw\/ja\/wp-json\/wp\/v2\/product\/48253"}],"collection":[{"href":"https:\/\/www.infini.tw\/ja\/wp-json\/wp\/v2\/product"}],"about":[{"href":"https:\/\/www.infini.tw\/ja\/wp-json\/wp\/v2\/types\/product"}],"wp:featuredmedia":[{"embeddable":true,"href":"https:\/\/www.infini.tw\/ja\/wp-json\/wp\/v2\/media\/43507"}],"wp:attachment":[{"href":"https:\/\/www.infini.tw\/ja\/wp-json\/wp\/v2\/media?parent=48253"}],"wp:term":[{"taxonomy":"product_cat","embeddable":true,"href":"https:\/\/www.infini.tw\/ja\/wp-json\/wp\/v2\/product_cat?post=48253"},{"taxonomy":"product_tag","embeddable":true,"href":"https:\/\/www.infini.tw\/ja\/wp-json\/wp\/v2\/product_tag?post=48253"}],"curies":[{"name":"wp","href":"https:\/\/api.w.org\/{rel}","templated":true}]}}