{"id":65703,"date":"2021-04-12T15:46:23","date_gmt":"2021-08-12T07:46:24","guid":{"rendered":"https:\/\/www.infini.tw\/?post_type=product&#038;p=65703"},"modified":"2021-09-23T10:59:45","modified_gmt":"2021-09-23T02:59:45","slug":"i-800r","status":"publish","type":"product","link":"https:\/\/www.infini.tw\/de\/produkt\/i-800r\/","title":{"rendered":"I-800R"},"content":{"rendered":"<p>[vc_row row_type=&#8220;row&#8220; use_row_as_full_screen_section=&#8220;no&#8220; type=&#8220;full_width&#8220; text_align=&#8220;left&#8220; background_animation=&#8220;none&#8220; padding_bottom=&#8220;0&#8243; css_animation=&#8220;&#8220;][vc_column]<div class=\"wppm-tabber\"><ul class=\"wppm-tabs clearfix\" id=\"wppm-tabs-0\"><li><a href=\"#wppm-tab-0-0\">\u00dcBERSICHT<\/a><\/li><li><a href=\"#wppm-tab-0-1\">MERKMALE<\/a><\/li><li><a href=\"#wppm-tab-0-2\">SPEZIFIKATION<\/a><\/li><\/ul><div id=\"wppm-tab-0-0\" class=\"wppm-tabbed\">\n<div class=\"rendered-content\">\n<p>[vc_column_text]Die StVZO-optimierte I-600P ist eine mit 6 bis 36 V kompatible E-Bike-Leuchte. Das leichte Ger\u00e4t f\u00fcgt sich nahtlos in Systeme namhafter Hersteller, wie Bosch, Yamaha, Shimano, Brose und Bafang, ein. Es wird \u00fcber eine Konsole gesteuert. Sie verf\u00fcgt \u00fcber eine helle 16-Chip-COB-LED und eine Leistungsausgabe von 15 Lumen\/12 Candela. Sie befindet sich in einem erweiterten Geh\u00e4use, bietet somit einen breiteren Winkel von peripherem Licht und einen Montageabstand von 50 mm.<\/p>\n<p>&nbsp;<\/p>\n<h5><strong>DESIGN<\/strong><\/h5>\n<p>Das erweiterte Geh\u00e4use der I-800R sorgt f\u00fcr einen breiteren Winkel des peripheren Lichts f\u00fcr bessere Sichtbarkeit. Ihre 16-chip COB-LED strahlt die optimale Lichtmenge aus und ist gleichzeitig best\u00e4ndig und effizient. Das einfache und leichte Ger\u00e4t ist tr\u00e4germontiert und unterst\u00fctzt die meisten Gep\u00e4cktr\u00e4ger bei einem Standard-Montageabstand von 50 mm.[\/vc_column_text]<\/p>\n<\/div>\n<div class=\"wppm-loading-spinner\"><\/div>\n<\/div>\n<div id=\"wppm-tab-0-1\" class=\"wppm-tabbed\">\n<div class=\"rendered-content\">\n<p>[vc_column_text]<\/p>\n<ul>\n<li>Kompatibel mit Bosch, Yamaha, Shimano, Brose, Bafang<\/li>\n<li>Einen breiten Winkel von peripherem Licht<\/li>\n<li>Liefert es verbesserte strahlenf\u00f6rmige Sichtbarkeit<\/li>\n<li>Leistungsabgabe von 15 Lumen\/12 Candela<\/li>\n<li>Mit 6 bis 36 V kompatible E-Bike-Leuchte<\/li>\n<li>StVZO-optimierte<\/li>\n<\/ul>\n<p>[\/vc_column_text]<\/p>\n<\/div>\n<div class=\"wppm-loading-spinner\"><\/div>\n<\/div>\n<div id=\"wppm-tab-0-2\" class=\"wppm-tabbed\">\n<div class=\"rendered-content\">\n<p>[vc_column_text]<\/p>\n<table class=\"prod-table\" style=\"height: 265px;\" width=\"370\">\n<tbody>\n<tr>\n<td width=\"50%\"><strong>GR\u00d6\u00dfE<\/strong><\/td>\n<td width=\"50%\">67 x 18.7 x 29 mm<\/td>\n<\/tr>\n<tr>\n<td><strong>GEWICHT<\/strong><\/td>\n<td>50 gramm<\/td>\n<\/tr>\n<tr>\n<td><strong>LED<\/strong><\/td>\n<td>Rote COB LED<\/td>\n<\/tr>\n<tr>\n<td><strong>LICHTAUSBEUTE<\/strong><\/td>\n<td>12cd<\/td>\n<\/tr>\n<tr>\n<td><strong>EINGANGSSPANNUNG<\/strong><\/td>\n<td>6-36V(DC)<\/td>\n<\/tr>\n<tr>\n<td><strong>ENERGIEVERBRAUCH<\/strong><\/td>\n<td>1 Watt<\/td>\n<\/tr>\n<tr>\n<td><strong>IP-BEWERTUNG<\/strong><\/td>\n<td>IPX5<\/td>\n<\/tr>\n<tr>\n<td><strong>MONTAGEOPTIONEN<\/strong><\/td>\n<td>50mm f\u00fcr Gep\u00e4cktr\u00e4ger<\/td>\n<\/tr>\n<tr>\n<td><strong>KABELL\u00c4NGE<\/strong><\/td>\n<td>1150 mm<\/td>\n<\/tr>\n<tr>\n<td><strong>EMC<\/strong><\/td>\n<td>EN 15194<\/td>\n<\/tr>\n<tr>\n<td><strong>STANDARD<\/strong><\/td>\n<td>StVZO-Zugelassen<\/td>\n<\/tr>\n<\/tbody>\n<\/table>\n<p>[\/vc_column_text]<\/p>\n<\/div>\n<div class=\"wppm-loading-spinner\"><\/div>\n<\/div>\n<\/div>[\/vc_column][\/vc_row][vc_row row_type=&#8220;row&#8220; use_row_as_full_screen_section=&#8220;no&#8220; type=&#8220;full_width&#8220; text_align=&#8220;left&#8220; background_animation=&#8220;none&#8220; padding_top=&#8220;50&#8243; padding_bottom=&#8220;50&#8243; css_animation=&#8220;&#8220; css=&#8220;.vc_custom_1502482920375{padding-right: 25px !important;}&#8220;][vc_column][\/vc_column][\/vc_row]<\/p>\n","protected":false},"excerpt":{"rendered":"<p>[vc_row row_type=&#8220;row&#8220; use_row_as_full_screen_section=&#8220;no&#8220; type=&#8220;full_width&#8220; text_align=&#8220;left&#8220; background_animation=&#8220;none&#8220; padding_bottom=&#8220;0&#8243; css_animation=&#8220;&#8220;][vc_column][\/vc_column][\/vc_row][vc_row row_type=&#8220;row&#8220; use_row_as_full_screen_section=&#8220;no&#8220; type=&#8220;full_width&#8220; text_align=&#8220;left&#8220; background_animation=&#8220;none&#8220; padding_top=&#8220;50&#8243; padding_bottom=&#8220;50&#8243; css_animation=&#8220;&#8220; css=&#8220;.vc_custom_1502482920375{padding-right: 25px !important;}&#8220;][vc_column][\/vc_column][\/vc_row]<\/p>\n","protected":false},"featured_media":65827,"template":"","meta":[],"product_cat":[311],"product_tag":[317],"aioseo_notices":[],"_links":{"self":[{"href":"https:\/\/www.infini.tw\/de\/wp-json\/wp\/v2\/product\/65703"}],"collection":[{"href":"https:\/\/www.infini.tw\/de\/wp-json\/wp\/v2\/product"}],"about":[{"href":"https:\/\/www.infini.tw\/de\/wp-json\/wp\/v2\/types\/product"}],"wp:featuredmedia":[{"embeddable":true,"href":"https:\/\/www.infini.tw\/de\/wp-json\/wp\/v2\/media\/65827"}],"wp:attachment":[{"href":"https:\/\/www.infini.tw\/de\/wp-json\/wp\/v2\/media?parent=65703"}],"wp:term":[{"taxonomy":"product_cat","embeddable":true,"href":"https:\/\/www.infini.tw\/de\/wp-json\/wp\/v2\/product_cat?post=65703"},{"taxonomy":"product_tag","embeddable":true,"href":"https:\/\/www.infini.tw\/de\/wp-json\/wp\/v2\/product_tag?post=65703"}],"curies":[{"name":"wp","href":"https:\/\/api.w.org\/{rel}","templated":true}]}}