{"id":65483,"date":"2021-04-14T15:27:16","date_gmt":"2021-04-14T07:27:16","guid":{"rendered":"https:\/\/www.infini.tw\/?post_type=product&#038;p=65483"},"modified":"2023-07-25T14:50:39","modified_gmt":"2023-07-25T06:50:39","slug":"i-600pg","status":"publish","type":"product","link":"https:\/\/www.infini.tw\/de\/produkt\/i-600pg\/","title":{"rendered":"I-600PG"},"content":{"rendered":"<p>[vc_row row_type=&#8220;row&#8220; use_row_as_full_screen_section=&#8220;no&#8220; type=&#8220;full_width&#8220; text_align=&#8220;left&#8220; background_animation=&#8220;none&#8220; padding_bottom=&#8220;0&#8243; css_animation=&#8220;&#8220;][vc_column]<div class=\"wppm-tabber\"><ul class=\"wppm-tabs clearfix\" id=\"wppm-tabs-0\"><li><a href=\"#wppm-tab-0-0\">\u00dcBERSICHT<\/a><\/li><li><a href=\"#wppm-tab-0-1\">MERKMALE<\/a><\/li><li><a href=\"#wppm-tab-0-2\">SPEZIFIKATION<\/a><\/li><\/ul><div id=\"wppm-tab-0-0\" class=\"wppm-tabbed\">\n<div class=\"rendered-content\">\n<p>[vc_column_text]Die StVZO-optimierte I-600P ist eine mit 6 bis 36 V kompatible E-Bike-Leuchte. Das leichte Ger\u00e4t f\u00fcgt sich nahtlos in Systeme namhafter Hersteller, wie Bosch, Yamaha, Shimano, Brose und Bafang, ein. Es wird \u00fcber eine Konsole gesteuert. Es verf\u00fcgt \u00fcber ein helles Abblendlicht f\u00fcr sichere, optimale und ausgewogene Beleuchtung auf kurzen und langen Strecken. Und mit einer Leistungsausgabe von 150 Lumen\/15 LUX (I-600P2) liefert es verbesserte strahlenf\u00f6rmige Sichtbarkeit. Es l\u00e4sst sich an der Gabel sowie am Holm montieren; entsprechende Halterungen und ein Reflektor sind separat erh\u00e4ltlich.<\/p>\n<p>&nbsp;<\/p>\n<p>&nbsp;<\/p>\n<h5><strong>DESIGN<\/strong><\/h5>\n<p>I-600P erzielt die richtige Balance zwischen Schlichtheit, geringem Gewicht und Kompaktheit. Sie bietet die Beleuchtung, die E-Biker ben\u00f6tigen, bew\u00e4ltigt gleichzeitig beliebige Umgebungsbedingungen, denen ein Radfahrer ausgesetzt sein kann, ob Hitze, K\u00e4lte, Feuchtigkeit oder einer beliebigen Kombination von all jenem.<\/p>\n<p>[\/vc_column_text]<\/p>\n<\/div>\n<div class=\"wppm-loading-spinner\"><\/div>\n<\/div>\n<div id=\"wppm-tab-0-1\" class=\"wppm-tabbed\">\n<div class=\"rendered-content\">\n<p>[vc_column_text]<\/p>\n<ul>\n<li>Kompatibel mit Bosch, Yamaha, Shimano, Brose, Bafang<\/li>\n<li>Es verf\u00fcgt \u00fcber ein helles Abblendlicht f\u00fcr sichere<\/li>\n<li>Liefert es verbesserte strahlenf\u00f6rmige Sichtbarkeit<\/li>\n<li>Es l\u00e4sst sich an der Gabel sowie am Holm montieren<\/li>\n<li>Leistungsabgabe von 150 Lumen\/15 LUX (I-600P2)<\/li>\n<li>Mit 6 bis 36 V kompatible E-Bike-Leuchte<\/li>\n<li>StVZO-optimierte<\/li>\n<\/ul>\n<p>[\/vc_column_text]<\/p>\n<\/div>\n<div class=\"wppm-loading-spinner\"><\/div>\n<\/div>\n<div id=\"wppm-tab-0-2\" class=\"wppm-tabbed\">\n<div class=\"rendered-content\">\n<p>[vc_column_text]<\/p>\n<table class=\"prod-table\" style=\"height: 369px;\" width=\"385\">\n<tbody>\n<tr>\n<td width=\"50%\"><strong>GR\u00d6\u00dfE<\/strong><\/td>\n<td width=\"50%\">102 x 54.7 x 34.2 mm<\/td>\n<\/tr>\n<tr>\n<td><strong>GEWICHT<\/strong><\/td>\n<td>I-600P1 &#8211; 62 gramm<br \/>\nI-600P2 &#8211; 70 gramm<\/td>\n<\/tr>\n<tr>\n<td><strong>LED<\/strong><\/td>\n<td>Wei\u00dfe LED x 1<\/td>\n<\/tr>\n<tr>\n<td><strong>LICHTAUSBEUTE<\/strong><\/td>\n<td>I-600P1 &#8211; 30 LUX<br \/>\nI-600P2 &#8211; 50 LUX<\/td>\n<\/tr>\n<tr>\n<td><strong>EINGANGSSPANNUNG<\/strong><\/td>\n<td>6-36V(DC)<\/td>\n<\/tr>\n<tr>\n<td><strong>ENERGIEVERBRAUCH<\/strong><\/td>\n<td>I-600P1 &#8211; 1.2 Watt<br \/>\nI-600P2 &#8211; 2 Watt<\/td>\n<\/tr>\n<tr>\n<td><strong>GEH\u00c4USE<\/strong><\/td>\n<td>Kunststoff<\/td>\n<\/tr>\n<tr>\n<td><strong>IP-BEWERTUNG<\/strong><\/td>\n<td>IPX5<\/td>\n<\/tr>\n<tr>\n<td><strong>MONTAGEOPTIONEN<\/strong><\/td>\n<td>Vorbau \/ Gabel<\/td>\n<\/tr>\n<tr>\n<td><strong>KABELL\u00c4NGE<\/strong><\/td>\n<td>1150 mm<\/td>\n<\/tr>\n<tr>\n<td><strong>EMC<\/strong><\/td>\n<td>EN 15194<\/td>\n<\/tr>\n<tr>\n<td><strong>STANDARD<\/strong><\/td>\n<td>StVZO-Zugelassen<\/td>\n<\/tr>\n<\/tbody>\n<\/table>\n<p>[\/vc_column_text]<\/p>\n<\/div>\n<div class=\"wppm-loading-spinner\"><\/div>\n<\/div>\n<\/div>[\/vc_column][\/vc_row][vc_row row_type=&#8220;row&#8220; use_row_as_full_screen_section=&#8220;no&#8220; type=&#8220;full_width&#8220; text_align=&#8220;left&#8220; background_animation=&#8220;none&#8220; padding_top=&#8220;50&#8243; padding_bottom=&#8220;50&#8243; css_animation=&#8220;&#8220; css=&#8220;.vc_custom_1502482920375{padding-right: 25px !important;}&#8220;][vc_column][\/vc_column][\/vc_row]<\/p>\n","protected":false},"excerpt":{"rendered":"<p>[vc_row row_type=&#8220;row&#8220; use_row_as_full_screen_section=&#8220;no&#8220; type=&#8220;full_width&#8220; text_align=&#8220;left&#8220; background_animation=&#8220;none&#8220; padding_bottom=&#8220;0&#8243; css_animation=&#8220;&#8220;][vc_column][\/vc_column][\/vc_row][vc_row row_type=&#8220;row&#8220; use_row_as_full_screen_section=&#8220;no&#8220; type=&#8220;full_width&#8220; text_align=&#8220;left&#8220; background_animation=&#8220;none&#8220; padding_top=&#8220;50&#8243; padding_bottom=&#8220;50&#8243; css_animation=&#8220;&#8220; css=&#8220;.vc_custom_1502482920375{padding-right: 25px !important;}&#8220;][vc_column][\/vc_column][\/vc_row]<\/p>\n","protected":false},"featured_media":65490,"template":"","meta":[],"product_cat":[311],"product_tag":[317],"aioseo_notices":[],"_links":{"self":[{"href":"https:\/\/www.infini.tw\/de\/wp-json\/wp\/v2\/product\/65483"}],"collection":[{"href":"https:\/\/www.infini.tw\/de\/wp-json\/wp\/v2\/product"}],"about":[{"href":"https:\/\/www.infini.tw\/de\/wp-json\/wp\/v2\/types\/product"}],"wp:featuredmedia":[{"embeddable":true,"href":"https:\/\/www.infini.tw\/de\/wp-json\/wp\/v2\/media\/65490"}],"wp:attachment":[{"href":"https:\/\/www.infini.tw\/de\/wp-json\/wp\/v2\/media?parent=65483"}],"wp:term":[{"taxonomy":"product_cat","embeddable":true,"href":"https:\/\/www.infini.tw\/de\/wp-json\/wp\/v2\/product_cat?post=65483"},{"taxonomy":"product_tag","embeddable":true,"href":"https:\/\/www.infini.tw\/de\/wp-json\/wp\/v2\/product_tag?post=65483"}],"curies":[{"name":"wp","href":"https:\/\/api.w.org\/{rel}","templated":true}]}}