{"id":64508,"date":"2020-11-09T09:45:19","date_gmt":"2020-11-09T01:45:20","guid":{"rendered":"https:\/\/www.infini.tw\/?post_type=product&#038;p=64508"},"modified":"2023-10-04T11:29:06","modified_gmt":"2023-10-04T03:29:06","slug":"i-465r-metis","status":"publish","type":"product","link":"https:\/\/www.infini.tw\/de\/produkt\/i-465r-metis\/","title":{"rendered":"I-465R METIS"},"content":{"rendered":"<p>[vc_row row_type=&#8220;row&#8220; use_row_as_full_screen_section=&#8220;no&#8220; type=&#8220;full_width&#8220; text_align=&#8220;left&#8220; background_animation=&#8220;none&#8220; padding_bottom=&#8220;0&#8243; css_animation=&#8220;&#8220;][vc_column]<div class=\"wppm-tabber\"><ul class=\"wppm-tabs clearfix\" id=\"wppm-tabs-0\"><li><a href=\"#wppm-tab-0-0\">\u00dcBERSICHT<\/a><\/li><li><a href=\"#wppm-tab-0-1\">MERKMALE<\/a><\/li><li><a href=\"#wppm-tab-0-2\">SPEZIFIKATION<\/a><\/li><\/ul><div id=\"wppm-tab-0-0\" class=\"wppm-tabbed\">\n<div class=\"rendered-content\">\n<p>[vc_column_text]Die sch\u00f6n gestaltete METIS I-465R ist die perfekte universelle Sicherheitsleuchte. Sie kommt in einem leichten, kompakten Geh\u00e4use und verf\u00fcgt \u00fcber alle hochmodernen Funktionen und Merkmale. F\u00fcnf Helligkeits- und Blinkmuster-Modi bieten ein Dauer- und Blinklicht sowohl tags\u00fcber als auch nachts. Ein Bremsalarm l\u00f6st einen Helligkeitsanstieg beim Bremsen aus, was Rad- und Autofahrer in der N\u00e4he alarmiert. Modusspeicher erm\u00f6glicht die Einschaltung im zuvor verwendeten Modus, was Zeit bei der Einrichtung spart. Was ebenfalls Einrichtungszeit und Akkuleistung spart, ist der automatische Bereitschaftsmodus, der nach zweimin\u00fctiger Inaktivit\u00e4t ausl\u00f6st. Vollst\u00e4ndig Abschaltung erfolgt nach 30 Minuten ohne Bewegung. Die METIS verf\u00fcgt \u00fcber eine Anzeige bei geringem Akkustand, die benachrichtigt, wenn es an der Zeit f\u00fcr eine Aufladung ist. Erg\u00e4nzt wird sie durch automatische Aktivierung des Energiesparmodus. Mit der werkzeuglosen, patentierten Halterung l\u00e4sst sie sich komplett ohne Werkzeuge an der Sattelst\u00fctze eines Fahrrads montieren. Bringen Sie die Leuchte mit einer einfachen Gleitbewegung und einer viertel Umdrehung an. Die l\u00e4sst sich au\u00dferdem \u00fcber eine integrierte Kunststoffklemme an einem G\u00fcrtel, einer Tasche oder anderen Wearables befestigen.<\/p>\n<p>&nbsp;<\/p>\n<h5><strong>DESIGN<\/strong><\/h5>\n<p>METIS ist eine Premium-Leuchte mit besten und aktuellsten Merkmalen. Diese erstklassige intelligente Leuchte bietet ein h\u00f6heres Ma\u00df an Sorglosigkeit durch mehr Sicherheit eines mit 3-Achsen-Beschleunigungsmesser angetriebenen Bremsalarms. Sie bietet ein hohes Ma\u00df an Helligkeit und Sichtbarkeit und eine ultimativ sorglose Nutzung durch seine Funktionen zum automatischen Aufrufen des Bereitschaftsmodus und automatischen Abschalten.[\/vc_column_text]<\/p>\n<\/div>\n<div class=\"wppm-loading-spinner\"><\/div>\n<\/div>\n<div id=\"wppm-tab-0-1\" class=\"wppm-tabbed\">\n<div class=\"rendered-content\">\n<p>[vc_column_text]<\/p>\n<ul>\n<li>F\u00fcnf Lichtmodi: Tages- und Nachtzeitmodi mit entsprechenden Blink- und Dauermodi, mit einem zus\u00e4tzlichen Energiesparmodus<\/li>\n<li>Die Funktion Modusspeicher stellt den zuletzt verwendeten Leuchtmodus wieder her<\/li>\n<li>Bremsalarmsystem zur Alarmierung von Rad- und Autofahrern in der N\u00e4he im Smart-Modus<\/li>\n<li>Automatischer Bereitschaftsmodus wird nach zweimin\u00fctiger Inaktivit\u00e4t des Fahrrads ausgel\u00f6st, damit nicht unn\u00f6tig Akkustrom verbraucht wird<\/li>\n<li>Automatische Abschaltung nach 30 Minuten eliminiert Erforderlichkeit der manuellen Abschaltung<\/li>\n<li>Anzeige bei niedrigem Batteriestand<\/li>\n<li>Aktivierung des Energiesparmodus verl\u00e4ngert die Akkulaufzeit bei geringer Kapazit\u00e4t<\/li>\n<li>\u00dcber die beigef\u00fcgte patentierte, werkzeuglose Halterung und Klemme an der Sattelst\u00fctze und an Wearables montierbar<\/li>\n<\/ul>\n<p>[\/vc_column_text]<\/p>\n<\/div>\n<div class=\"wppm-loading-spinner\"><\/div>\n<\/div>\n<div id=\"wppm-tab-0-2\" class=\"wppm-tabbed\">\n<div class=\"rendered-content\">\n<p>[vc_column_text]<\/p>\n<table>\n<tbody>\n<tr>\n<td><strong>GR\u00d6\u00dfE<\/strong><\/td>\n<td>66 x 30 x 26 mm<\/td>\n<\/tr>\n<tr>\n<td><strong>GEWICHT<\/strong><\/td>\n<td>32 gramm<\/td>\n<\/tr>\n<tr>\n<td><strong>LED\u00a0SPECS<\/strong><\/td>\n<td>Rote SMD+16 Chips COB LED<\/td>\n<\/tr>\n<tr>\n<td><strong>LICHTAUSBEUTE<\/strong><\/td>\n<td>80 Lumens (High)<\/td>\n<\/tr>\n<tr>\n<td><strong>BATTERIE<\/strong><\/td>\n<td>Wiederaufladbahre Lithium-Ion Polymer<\/td>\n<\/tr>\n<tr>\n<td><strong>LAUFZEIT<\/strong><\/td>\n<td>3 Stunden (Low)<br \/>\n1.5 Stunden (High)<br \/>\n4 Stunden (Blinklicht 1)<br \/>\n28 Stunden (Blinklicht 2)<br \/>\n18 Stunden (Blinkmodus bei Tageslicht)<br \/>\n3-20 Stunden (Smart-Modus)<\/td>\n<\/tr>\n<tr>\n<td><strong>LADEDAUER<\/strong><\/td>\n<td>3 Stunden<\/td>\n<\/tr>\n<tr>\n<td><strong>HALTERUNG<\/strong><\/td>\n<td>RB12, Passend zum \u00d819-32 mm<\/td>\n<\/tr>\n<tr>\n<td><strong>HANDBUCH<\/strong><\/td>\n<td><img class=\"alignnone size-full wp-image-46091\" src=\"http:\/\/www.infini.tw\/wp-content\/uploads\/2019\/03\/pdf-e1553291417643.png\" alt=\"\" width=\"25\" height=\"25\" \/> <a href=\"https:\/\/www.infini.tw\/wp-content\/uploads\/2023\/10\/Manual_I-465R.pdf\" target=\"_blank\" rel=\"noopener noreferrer\">Herunterladen<\/a><\/td>\n<\/tr>\n<\/tbody>\n<\/table>\n<p>[\/vc_column_text]<\/p>\n<\/div>\n<div class=\"wppm-loading-spinner\"><\/div>\n<\/div>\n<\/div>[\/vc_column][\/vc_row][vc_row row_type=&#8220;row&#8220; use_row_as_full_screen_section=&#8220;no&#8220; type=&#8220;full_width&#8220; text_align=&#8220;left&#8220; background_animation=&#8220;none&#8220; padding_top=&#8220;50&#8243; padding_bottom=&#8220;50&#8243; css_animation=&#8220;&#8220; css=&#8220;.vc_custom_1502482920375{padding-right: 25px !important;}&#8220;][vc_column][vc_accordion active_tab=&#8220;false&#8220; collapsible=&#8220;yes&#8220; style=&#8220;toggle&#8220; accordion_border_radius=&#8220;0&#8243;][vc_accordion_tab title=&#8220;WAS BEFINDET SICH IM KARTON&#8220; title_tag=&#8220;h4&#8243; title_color=&#8220;#ff3333&#8243; background_color=&#8220;#ffffff&#8220;][vc_row_inner row_type=&#8220;row&#8220; type=&#8220;full_width&#8220; use_row_as_full_screen_section_slide=&#8220;no&#8220; text_align=&#8220;left&#8220; css_animation=&#8220;&#8220;][vc_column_inner width=&#8220;1\/4&#8243;][vc_single_image image=&#8220;64497&#8243; alignment=&#8220;center&#8220; qode_css_animation=&#8220;&#8220;][vc_column_text]<\/p>\n<p style=\"text-align: center;\">LICHT UND HALTERUNG<\/p>\n<p>[\/vc_column_text][\/vc_column_inner][vc_column_inner width=&#8220;1\/4&#8243;][vc_single_image image=&#8220;64446&#8243; alignment=&#8220;center&#8220; qode_css_animation=&#8220;&#8220;][vc_column_text]<\/p>\n<p style=\"text-align: center;\">KUNSTSTOFFKLEMME<\/p>\n<p>[\/vc_column_text][\/vc_column_inner][vc_column_inner width=&#8220;1\/4&#8243;][vc_single_image image=&#8220;67359&#8243; alignment=&#8220;center&#8220; qode_css_animation=&#8220;&#8220;][vc_column_text]<\/p>\n<p style=\"text-align: center;\">RIEMEN VOM TYP AERO<\/p>\n<p>[\/vc_column_text][\/vc_column_inner][vc_column_inner width=&#8220;1\/4&#8243;][vc_single_image image=&#8220;51969&#8243; alignment=&#8220;center&#8220; qode_css_animation=&#8220;&#8220;][vc_column_text]<\/p>\n<p style=\"text-align: center;\">USB-KABEL<\/p>\n<p>[\/vc_column_text][\/vc_column_inner][\/vc_row_inner][\/vc_accordion_tab][vc_accordion_tab title=&#8220;KOMPATIBLE ZUBEH\u00d6R&#8220; title_tag=&#8220;h4&#8243; title_color=&#8220;#ff3333&#8243; background_color=&#8220;#ffffff&#8220;][vc_row_inner row_type=&#8220;row&#8220; type=&#8220;full_width&#8220; use_row_as_full_screen_section_slide=&#8220;no&#8220; text_align=&#8220;left&#8220; css_animation=&#8220;&#8220;][vc_column_inner width=&#8220;1\/4&#8243;][vc_single_image image=&#8220;64812&#8243; alignment=&#8220;center&#8220; onclick=&#8220;custom_link&#8220; img_link_target=&#8220;_blank&#8220; qode_css_animation=&#8220;&#8220; link=&#8220;http:\/\/www.infini.tw\/de\/product\/rb15\/&#8220;][vc_column_text]<\/p>\n<p style=\"text-align: center;\">RB15<\/p>\n<p>[\/vc_column_text][\/vc_column_inner][vc_column_inner width=&#8220;1\/4&#8243;][vc_single_image image=&#8220;52512&#8243; alignment=&#8220;center&#8220; onclick=&#8220;custom_link&#8220; img_link_target=&#8220;_blank&#8220; qode_css_animation=&#8220;&#8220; link=&#8220;http:\/\/www.infini.tw\/de\/product\/sa01\/&#8220;][vc_column_text]<\/p>\n<p style=\"text-align: center;\">SA01<\/p>\n<p>[\/vc_column_text][\/vc_column_inner][vc_column_inner width=&#8220;1\/4&#8243;][\/vc_column_inner][vc_column_inner width=&#8220;1\/4&#8243;][\/vc_column_inner][\/vc_row_inner][\/vc_accordion_tab][\/vc_accordion][\/vc_column][\/vc_row][vc_row row_type=&#8220;row&#8220; use_row_as_full_screen_section=&#8220;no&#8220; type=&#8220;full_width&#8220; text_align=&#8220;left&#8220; background_animation=&#8220;none&#8220; css_animation=&#8220;&#8220;][vc_column][vc_gallery type=&#8220;image_grid&#8220; images=&#8220;49923,49713,50210,56909,49989,50037,64858,64850,64854,50076,67350,49977,50001&#8243; img_size=&#8220;40&#215;40&#8243; onclick=&#8220;&#8220; column_number=&#8220;0&#8243; grayscale=&#8220;no&#8220; space_between_images=&#8220;no&#8220;][\/vc_column][\/vc_row]<\/p>\n","protected":false},"excerpt":{"rendered":"<p>[vc_row row_type=&#8220;row&#8220; use_row_as_full_screen_section=&#8220;no&#8220; type=&#8220;full_width&#8220; text_align=&#8220;left&#8220; background_animation=&#8220;none&#8220; padding_bottom=&#8220;0&#8243; css_animation=&#8220;&#8220;][vc_column][\/vc_column][\/vc_row][vc_row row_type=&#8220;row&#8220; use_row_as_full_screen_section=&#8220;no&#8220; type=&#8220;full_width&#8220; text_align=&#8220;left&#8220; background_animation=&#8220;none&#8220; padding_top=&#8220;50&#8243; padding_bottom=&#8220;50&#8243; css_animation=&#8220;&#8220; css=&#8220;.vc_custom_1502482920375{padding-right: 25px !important;}&#8220;][vc_column][vc_accordion active_tab=&#8220;false&#8220; collapsible=&#8220;yes&#8220; style=&#8220;toggle&#8220; accordion_border_radius=&#8220;0&#8243;][vc_accordion_tab title=&#8220;WAS BEFINDET SICH IM KARTON&#8220; title_tag=&#8220;h4&#8243; title_color=&#8220;#ff3333&#8243; background_color=&#8220;#ffffff&#8220;][vc_row_inner row_type=&#8220;row&#8220; type=&#8220;full_width&#8220; use_row_as_full_screen_section_slide=&#8220;no&#8220; text_align=&#8220;left&#8220; css_animation=&#8220;&#8220;][vc_column_inner width=&#8220;1\/4&#8243;][vc_single_image image=&#8220;64497&#8243; alignment=&#8220;center&#8220; qode_css_animation=&#8220;&#8220;][vc_column_text] LICHT UND HALTERUNG [\/vc_column_text][\/vc_column_inner][vc_column_inner width=&#8220;1\/4&#8243;][vc_single_image&#8230;<\/p>\n","protected":false},"featured_media":64493,"template":"","meta":[],"product_cat":[226,251],"product_tag":[],"aioseo_notices":[],"_links":{"self":[{"href":"https:\/\/www.infini.tw\/de\/wp-json\/wp\/v2\/product\/64508"}],"collection":[{"href":"https:\/\/www.infini.tw\/de\/wp-json\/wp\/v2\/product"}],"about":[{"href":"https:\/\/www.infini.tw\/de\/wp-json\/wp\/v2\/types\/product"}],"wp:featuredmedia":[{"embeddable":true,"href":"https:\/\/www.infini.tw\/de\/wp-json\/wp\/v2\/media\/64493"}],"wp:attachment":[{"href":"https:\/\/www.infini.tw\/de\/wp-json\/wp\/v2\/media?parent=64508"}],"wp:term":[{"taxonomy":"product_cat","embeddable":true,"href":"https:\/\/www.infini.tw\/de\/wp-json\/wp\/v2\/product_cat?post=64508"},{"taxonomy":"product_tag","embeddable":true,"href":"https:\/\/www.infini.tw\/de\/wp-json\/wp\/v2\/product_tag?post=64508"}],"curies":[{"name":"wp","href":"https:\/\/api.w.org\/{rel}","templated":true}]}}