{"id":64375,"date":"2020-11-06T14:42:05","date_gmt":"2020-11-06T06:42:06","guid":{"rendered":"https:\/\/www.infini.tw\/?post_type=product&#038;p=64375"},"modified":"2021-01-22T16:07:29","modified_gmt":"2021-01-22T08:07:29","slug":"i-265p-lava-500-lite","status":"publish","type":"product","link":"https:\/\/www.infini.tw\/de\/produkt\/i-265p-lava-500-lite\/","title":{"rendered":"I-265P LAVA 500 Lite"},"content":{"rendered":"<p>[vc_row row_type=&#8220;row&#8220; use_row_as_full_screen_section=&#8220;no&#8220; type=&#8220;full_width&#8220; text_align=&#8220;left&#8220; background_animation=&#8220;none&#8220; padding_bottom=&#8220;0&#8243; css_animation=&#8220;&#8220;][vc_column]<div class=\"wppm-tabber\"><ul class=\"wppm-tabs clearfix\" id=\"wppm-tabs-0\"><li><a href=\"#wppm-tab-0-0\">\u00dcBERSICHT<\/a><\/li><li><a href=\"#wppm-tab-0-1\">MERKMALE<\/a><\/li><li><a href=\"#wppm-tab-0-2\">SPEZIFIKATION<\/a><\/li><\/ul><div id=\"wppm-tab-0-0\" class=\"wppm-tabbed\">\n<div class=\"rendered-content\">\n<p>[vc_column_text]Die relativ kleine, leichte und \u00e4u\u00dferst helle LAVA 500 LITE I-265P ist die ultimative Leuchte f\u00fcr Fahrer, die nach ausgezeichneter Sicht und Sicherheit in dunklen Umgebungen suchen. Seine f\u00fcnf Leuchtmodi werden jeglichen Bedingungen gerecht, bestehen aus zwei Dauermodi, zwei Blinkmodus und einem Anpassungsmodus. Modusspeicher erm\u00f6glicht die Einschaltung im zuvor verwendeten Modus, was Zeit bei der Einrichtung spart. Sie verf\u00fcgt \u00fcber eine Anzeige bei geringem Akkustand, die benachrichtigt, wenn es an der Zeit f\u00fcr eine Aufladung ist. Erg\u00e4nzt wird sie durch automatische Aktivierung des Energiesparmodus. LAVA 500 LITE ist an Lenkern oder Helmen montierbare Leuchte, die keinerlei Werkzeug erfordert. Nutzen Sie einfach die beiden werkzeuglosen Schnellinstallationshalterungen, eine zur Fahrradmontage und einer zur Helmmontage (optionale Helmhalterung separat erh\u00e4ltlich).<\/p>\n<p>&nbsp;<\/p>\n<h5><strong>DESIGN<\/strong><\/h5>\n<p>LAVA 500 LITE I-265P ist kleiner und leichter und dennoch eine gleicherma\u00dfen leistungsf\u00e4hige Miniaturausgabe wie ihr Vorg\u00e4nger, die I-264P LAVA 500, r\u00fchmt sich einer maximalen Helligkeit von 500 Lumen. Sie ist mit einem Umgebungslichtsensor ausgestattet, der eine automatische Anpassung erm\u00f6glicht, verf\u00fcgt au\u00dferdem \u00fcber einen Blinkmodus f\u00fcr Tageslicht. Ein integrierter K\u00fchlk\u00f6rper hilft bei der W\u00e4rmeableitung.[\/vc_column_text]<\/p>\n<\/div>\n<div class=\"wppm-loading-spinner\"><\/div>\n<\/div>\n<div id=\"wppm-tab-0-1\" class=\"wppm-tabbed\">\n<div class=\"rendered-content\">\n<p>[vc_column_text]<\/p>\n<ul>\n<li>F\u00fcnf Lichtmodi: Dauermodus mit schwachem und starkem Strahl, Blinkmodus und Tageszeit-Blinkmodus und ein automatischer Anpassungsmodus<\/li>\n<li>Die Funktion Modusspeicher stellt den zuletzt verwendeten Leuchtmodus wieder her<\/li>\n<li>Anzeige bei niedrigem Batteriestand<\/li>\n<li>Aktivierung des Energiesparmodus verl\u00e4ngert die Akkulaufzeit bei geringer Kapazit\u00e4t<\/li>\n<li>An Fahrrad und Helm montierbar (optionale Helmhalterung separat erh\u00e4ltlich)<\/li>\n<\/ul>\n<p>[\/vc_column_text]<\/p>\n<\/div>\n<div class=\"wppm-loading-spinner\"><\/div>\n<\/div>\n<div id=\"wppm-tab-0-2\" class=\"wppm-tabbed\">\n<div class=\"rendered-content\">\n<p>[vc_column_text]<\/p>\n<table class=\"prod-table\">\n<tbody>\n<tr>\n<td width=\"20%\">GR\u00d6\u00dfE<\/td>\n<td width=\"80%\">80 x 38.3 x 27.3 mm<\/td>\n<\/tr>\n<tr>\n<td>GEWICHT<\/td>\n<td>68 gramm<\/td>\n<\/tr>\n<tr>\n<td>LED<\/td>\n<td>Wei\u00dfe LED x 1<\/td>\n<\/tr>\n<tr>\n<td>LICHTAUSBEUTE<\/td>\n<td>700 Lumen (Blinkmodus bei Tageslicht)<\/td>\n<\/tr>\n<tr>\n<td>BATTERIE<\/td>\n<td>Wiederaufladbare Lithium-Ionen-Polymer-Batterie<\/td>\n<\/tr>\n<tr>\n<td>LAUFZEIT<\/td>\n<td>8 Stunden (Abblendlicht)<br \/>\n4 Stunden (Fernlicht)<br \/>\n24 Stunden (Flashing)<br \/>\n20 Stunden (Blinkmodus bei Tageslicht)<br \/>\n4-20 Stunden (Auto)<\/td>\n<\/tr>\n<tr>\n<td>LADEDAUER<\/td>\n<td>3 Stunden<\/td>\n<\/tr>\n<tr>\n<td>HALTERUNG<\/td>\n<td>HB11, Passend zum \u00d819-\u00d838 mm<\/td>\n<\/tr>\n<tr>\n<td>HANDBUCH<\/td>\n<td><img class=\"alignnone size-full wp-image-46091\" src=\"http:\/\/www.infini.tw\/wp-content\/uploads\/2019\/03\/pdf-e1553291417643.png\" alt=\"\" width=\"25\" height=\"25\" \/> <a href=\"http:\/\/www.infini.tw\/wp-content\/uploads\/2020\/01\/Manual_I-282P.pdf\" target=\"_blank\" rel=\"noopener noreferrer\">Herunterladen<\/a><\/td>\n<\/tr>\n<\/tbody>\n<\/table>\n<p>[\/vc_column_text]<\/p>\n<\/div>\n<div class=\"wppm-loading-spinner\"><\/div>\n<\/div>\n<\/div>[\/vc_column][\/vc_row][vc_row row_type=&#8220;row&#8220; use_row_as_full_screen_section=&#8220;no&#8220; type=&#8220;full_width&#8220; text_align=&#8220;left&#8220; background_animation=&#8220;none&#8220; padding_top=&#8220;50&#8243; padding_bottom=&#8220;50&#8243; css_animation=&#8220;&#8220; css=&#8220;.vc_custom_1502482920375{padding-right: 25px !important;}&#8220;][vc_column][vc_accordion active_tab=&#8220;false&#8220; style=&#8220;toggle&#8220; accordion_border_radius=&#8220;0&#8243;][vc_accordion_tab title=&#8220;WAS BEFINDET SICH IM KARTON&#8220; title_tag=&#8220;h4&#8243; title_color=&#8220;#ff3333&#8243; background_color=&#8220;#ffffff&#8220;][vc_row_inner row_type=&#8220;row&#8220; type=&#8220;full_width&#8220; use_row_as_full_screen_section_slide=&#8220;no&#8220; text_align=&#8220;left&#8220; css_animation=&#8220;&#8220;][vc_column_inner width=&#8220;1\/4&#8243;][vc_single_image image=&#8220;64388&#8243; alignment=&#8220;center&#8220; qode_css_animation=&#8220;&#8220;][vc_column_text]<\/p>\n<p style=\"text-align: center;\">LICHT UND HALTERUNG<\/p>\n<p>[\/vc_column_text][\/vc_column_inner][vc_column_inner width=&#8220;1\/4&#8243;][vc_single_image image=&#8220;51969&#8243; alignment=&#8220;center&#8220; qode_css_animation=&#8220;&#8220;][vc_column_text]<\/p>\n<p style=\"text-align: center;\">USB-KABEL<\/p>\n<p>[\/vc_column_text][\/vc_column_inner][vc_column_inner width=&#8220;1\/4&#8243;][\/vc_column_inner][vc_column_inner width=&#8220;1\/4&#8243;][\/vc_column_inner][\/vc_row_inner][\/vc_accordion_tab][vc_accordion_tab title=&#8220;KOMPATIBLE ZUBEH\u00d6R&#8220; title_tag=&#8220;h4&#8243; title_color=&#8220;#ff3333&#8243; background_color=&#8220;#ffffff&#8220;][vc_row_inner row_type=&#8220;row&#8220; type=&#8220;full_width&#8220; use_row_as_full_screen_section_slide=&#8220;no&#8220; text_align=&#8220;left&#8220; css_animation=&#8220;&#8220;][vc_column_inner width=&#8220;1\/4&#8243;][vc_single_image image=&#8220;46111&#8243; alignment=&#8220;center&#8220; onclick=&#8220;custom_link&#8220; img_link_target=&#8220;_blank&#8220; qode_css_animation=&#8220;&#8220; link=&#8220;https:\/\/www.infini.tw\/de\/produkt\/hm01\/&#8220;][vc_column_text]<\/p>\n<p style=\"text-align: center;\">HM01<\/p>\n<p>[\/vc_column_text][\/vc_column_inner][vc_column_inner width=&#8220;1\/4&#8243;][vc_single_image image=&#8220;51622&#8243; alignment=&#8220;center&#8220; onclick=&#8220;custom_link&#8220; img_link_target=&#8220;_blank&#8220; qode_css_animation=&#8220;&#8220; link=&#8220;https:\/\/www.infini.tw\/de\/produkt\/i-904\/&#8220;][vc_column_text]<\/p>\n<p style=\"text-align: center;\">I-904<\/p>\n<p>[\/vc_column_text][\/vc_column_inner][vc_column_inner width=&#8220;1\/4&#8243;][\/vc_column_inner][vc_column_inner width=&#8220;1\/4&#8243;][\/vc_column_inner][\/vc_row_inner][\/vc_accordion_tab][\/vc_accordion][\/vc_column][\/vc_row][vc_row row_type=&#8220;row&#8220; use_row_as_full_screen_section=&#8220;no&#8220; type=&#8220;full_width&#8220; text_align=&#8220;left&#8220; background_animation=&#8220;none&#8220; css_animation=&#8220;&#8220;][vc_column][vc_gallery type=&#8220;image_grid&#8220; images=&#8220;49887,49821,49989,56858,50037,56894,50043,64846,50091,56852,49977,50001,56882,56864,50082&#8243; img_size=&#8220;40&#215;40&#8243; onclick=&#8220;&#8220; column_number=&#8220;0&#8243; grayscale=&#8220;no&#8220; space_between_images=&#8220;no&#8220;][\/vc_column][\/vc_row]<\/p>\n","protected":false},"excerpt":{"rendered":"<p>[vc_row row_type=&#8220;row&#8220; use_row_as_full_screen_section=&#8220;no&#8220; type=&#8220;full_width&#8220; text_align=&#8220;left&#8220; background_animation=&#8220;none&#8220; padding_bottom=&#8220;0&#8243; css_animation=&#8220;&#8220;][vc_column][\/vc_column][\/vc_row][vc_row row_type=&#8220;row&#8220; use_row_as_full_screen_section=&#8220;no&#8220; type=&#8220;full_width&#8220; text_align=&#8220;left&#8220; background_animation=&#8220;none&#8220; padding_top=&#8220;50&#8243; padding_bottom=&#8220;50&#8243; css_animation=&#8220;&#8220; css=&#8220;.vc_custom_1502482920375{padding-right: 25px !important;}&#8220;][vc_column][vc_accordion active_tab=&#8220;false&#8220; style=&#8220;toggle&#8220; accordion_border_radius=&#8220;0&#8243;][vc_accordion_tab title=&#8220;WAS BEFINDET SICH IM KARTON&#8220; title_tag=&#8220;h4&#8243; title_color=&#8220;#ff3333&#8243; background_color=&#8220;#ffffff&#8220;][vc_row_inner row_type=&#8220;row&#8220; type=&#8220;full_width&#8220; use_row_as_full_screen_section_slide=&#8220;no&#8220; text_align=&#8220;left&#8220; css_animation=&#8220;&#8220;][vc_column_inner width=&#8220;1\/4&#8243;][vc_single_image image=&#8220;64388&#8243; alignment=&#8220;center&#8220; qode_css_animation=&#8220;&#8220;][vc_column_text] LICHT UND HALTERUNG [\/vc_column_text][\/vc_column_inner][vc_column_inner width=&#8220;1\/4&#8243;][vc_single_image image=&#8220;51969&#8243;&#8230;<\/p>\n","protected":false},"featured_media":64392,"template":"","meta":[],"product_cat":[191,186,251],"product_tag":[],"aioseo_notices":[],"_links":{"self":[{"href":"https:\/\/www.infini.tw\/de\/wp-json\/wp\/v2\/product\/64375"}],"collection":[{"href":"https:\/\/www.infini.tw\/de\/wp-json\/wp\/v2\/product"}],"about":[{"href":"https:\/\/www.infini.tw\/de\/wp-json\/wp\/v2\/types\/product"}],"wp:featuredmedia":[{"embeddable":true,"href":"https:\/\/www.infini.tw\/de\/wp-json\/wp\/v2\/media\/64392"}],"wp:attachment":[{"href":"https:\/\/www.infini.tw\/de\/wp-json\/wp\/v2\/media?parent=64375"}],"wp:term":[{"taxonomy":"product_cat","embeddable":true,"href":"https:\/\/www.infini.tw\/de\/wp-json\/wp\/v2\/product_cat?post=64375"},{"taxonomy":"product_tag","embeddable":true,"href":"https:\/\/www.infini.tw\/de\/wp-json\/wp\/v2\/product_tag?post=64375"}],"curies":[{"name":"wp","href":"https:\/\/api.w.org\/{rel}","templated":true}]}}