{"id":50729,"date":"2019-08-20T11:08:36","date_gmt":"2019-08-20T03:08:37","guid":{"rendered":"http:\/\/www.infini.tw\/?post_type=product&#038;p=50729"},"modified":"2022-08-05T21:29:02","modified_gmt":"2022-08-05T13:29:02","slug":"i-280r-tron","status":"publish","type":"product","link":"https:\/\/www.infini.tw\/de\/produkt\/i-280r-tron\/","title":{"rendered":"I-280R TRON"},"content":{"rendered":"<p>[vc_row row_type=&#8220;row&#8220; use_row_as_full_screen_section=&#8220;no&#8220; type=&#8220;full_width&#8220; text_align=&#8220;left&#8220; background_animation=&#8220;none&#8220; padding_bottom=&#8220;0&#8243; css_animation=&#8220;&#8220;][vc_column]<div class=\"wppm-tabber\"><ul class=\"wppm-tabs clearfix\" id=\"wppm-tabs-0\"><li><a href=\"#wppm-tab-0-0\">\u00dcBERSICHT<\/a><\/li><li><a href=\"#wppm-tab-0-1\">MERKMALE<\/a><\/li><li><a href=\"#wppm-tab-0-2\">SPEZIFIKATION<\/a><\/li><\/ul><div id=\"wppm-tab-0-0\" class=\"wppm-tabbed\">\n<div class=\"rendered-content\">\n<p>[vc_column_text]Das Sicherheitsr\u00fccklicht gibt es jetzt in einem neuen, vielseitigen Formfaktor. Es wird das I-280R TRON mit einem 42-Chip + 10 SMD LED, einer Lichtst\u00e4rke von 40 Lumen in kompakter und vielseitiger Konfiguration vorgestellt. Das TRON ist benutzerfreundlich und warnt bei niedrigem Akkuladestand, \u00fcberwacht den Leistungspegel und verf\u00fcgt \u00fcber einen intelligenten Ladevorgang, der sich abschaltet, wenn die Ladung ihren Spitzenwert erreicht hat.<\/p>\n<p>&nbsp;<\/p>\n<h5><strong>DESIGN<\/strong><\/h5>\n<p>Die komplett neue 42-Chip + 10 SMD LED vom I-280R TRON leuchtet hell und ist unauff\u00e4llig, obwohl sie kompakt und vielseitig ist. Ihrem Formprofil nach geh\u00f6rt sie zu einem Fahrrad oder einer Tasche, wobei sie dank ihrer Montageoptionen so vielseitig ist, dass sie \u00fcberall passt.[\/vc_column_text]<\/p>\n<\/div>\n<div class=\"wppm-loading-spinner\"><\/div>\n<\/div>\n<div id=\"wppm-tab-0-1\" class=\"wppm-tabbed\">\n<div class=\"rendered-content\">\n<p>[vc_column_text]<\/p>\n<ul>\n<li>Die innovative 42-Chip + 10 SMD LED maximiert die Sichtfl\u00e4che<\/li>\n<li>Blinkmodus am Tag und Beleuchtungsmodus in der Nacht<\/li>\n<li>Die konturgeformte Optik verbessert die Sichtwinkel und dadurch die Sicherheit<\/li>\n<li>Die integrierte Plastikklemme kann an einer Tasche, einem Taschenclip oder \u00fcberall sonst angebracht werden<\/li>\n<li>Das automatische Abschaltsystem bei voller Akkuladung kann verhindern, dass der Akku nicht durch \u00dcberladung besch\u00e4digt wird<\/li>\n<li>Wasserfestigkeit nach IPX4<\/li>\n<\/ul>\n<p>[\/vc_column_text]<\/p>\n<\/div>\n<div class=\"wppm-loading-spinner\"><\/div>\n<\/div>\n<div id=\"wppm-tab-0-2\" class=\"wppm-tabbed\">\n<div class=\"rendered-content\">\n<p>[vc_column_text]<\/p>\n<table>\n<tbody>\n<tr>\n<td><strong>GR\u00d6\u00dfE<\/strong><\/td>\n<td>55.5 x 26 x 24 mm<\/td>\n<\/tr>\n<tr>\n<td><strong>GEWICHT<\/strong><\/td>\n<td>23 gramm<\/td>\n<\/tr>\n<tr>\n<td><strong>LED\u00a0SPECS<\/strong><\/td>\n<td>Rote COB LED<\/td>\n<\/tr>\n<tr>\n<td><strong>LICHTAUSBEUTE<\/strong><\/td>\n<td>50 Lumens\u00a0(Blinkmodus bei Tageslicht)<\/td>\n<\/tr>\n<tr>\n<td><strong>BATTERIE<\/strong><\/td>\n<td>Wiederaufladbahre Lithium-Ion Polymer<\/td>\n<\/tr>\n<tr>\n<td><strong>LAUFZEIT<\/strong><\/td>\n<td>6 Stunden (Low)<br \/>\n1 Stunden (High)<br \/>\n9 Stunden (Blinklicht 1)<br \/>\n13.5 Stunden (Blinklicht 2)<br \/>\n20 Stunden (Blinklicht 3)<br \/>\n3.5 Stunden (Blinklicht 4)<br \/>\n8 Stunden (Blinkmodus bei Tageslicht)<\/td>\n<\/tr>\n<tr>\n<td><strong>LADEDAUER<\/strong><\/td>\n<td>2.5 Stunden<\/td>\n<\/tr>\n<tr>\n<td><strong>HALTERUNG<\/strong><\/td>\n<td>RB05&#8242;, Passend zum \u00d819-48 mm<br \/>\nRB08, Passend zum von 69-150 mm<\/td>\n<\/tr>\n<tr>\n<td><strong>HANDBUCH<\/strong><\/td>\n<td><img class=\"alignnone size-full wp-image-46091\" src=\"http:\/\/www.infini.tw\/wp-content\/uploads\/2019\/03\/pdf-e1553291417643.png\" alt=\"\" width=\"25\" height=\"25\" \/> <a href=\"http:\/\/www.infini.tw\/wp-content\/uploads\/2020\/01\/Manual_I-280R.pdf\" target=\"_blank\" rel=\"noopener noreferrer\">Herunterladen<\/a><\/td>\n<\/tr>\n<\/tbody>\n<\/table>\n<p>[\/vc_column_text]<\/p>\n<\/div>\n<div class=\"wppm-loading-spinner\"><\/div>\n<\/div>\n<\/div>[\/vc_column][\/vc_row][vc_row row_type=&#8220;row&#8220; use_row_as_full_screen_section=&#8220;no&#8220; type=&#8220;full_width&#8220; text_align=&#8220;left&#8220; background_animation=&#8220;none&#8220; padding_top=&#8220;50&#8243; padding_bottom=&#8220;50&#8243; css_animation=&#8220;&#8220; css=&#8220;.vc_custom_1502482920375{padding-right: 25px !important;}&#8220;][vc_column][vc_accordion active_tab=&#8220;false&#8220; collapsible=&#8220;yes&#8220; style=&#8220;toggle&#8220; accordion_border_radius=&#8220;0&#8243;][vc_accordion_tab title=&#8220;WAS BEFINDET SICH IM KARTON&#8220; title_tag=&#8220;h4&#8243; title_color=&#8220;#ff3333&#8243; background_color=&#8220;#ffffff&#8220;][vc_row_inner row_type=&#8220;row&#8220; type=&#8220;full_width&#8220; use_row_as_full_screen_section_slide=&#8220;no&#8220; text_align=&#8220;left&#8220; css_animation=&#8220;&#8220;][vc_column_inner width=&#8220;1\/4&#8243;][vc_single_image image=&#8220;50778&#8243; alignment=&#8220;center&#8220; qode_css_animation=&#8220;&#8220;][vc_column_text]<\/p>\n<p style=\"text-align: center;\">LICHT UND HALTERUNG<\/p>\n<p>[\/vc_column_text][\/vc_column_inner][vc_column_inner width=&#8220;1\/4&#8243;][vc_single_image image=&#8220;52506&#8243; alignment=&#8220;center&#8220; qode_css_animation=&#8220;&#8220;][vc_column_text]<\/p>\n<p style=\"text-align: center;\">HALTERUNG VOM TYP AERO<\/p>\n<p>[\/vc_column_text][\/vc_column_inner][vc_column_inner width=&#8220;1\/4&#8243;][vc_single_image image=&#8220;51969&#8243; alignment=&#8220;center&#8220; qode_css_animation=&#8220;&#8220;][vc_column_text]<\/p>\n<p style=\"text-align: center;\">USB-KABEL<\/p>\n<p>[\/vc_column_text][\/vc_column_inner][vc_column_inner width=&#8220;1\/4&#8243;][vc_single_image image=&#8220;51628&#8243; alignment=&#8220;center&#8220; qode_css_animation=&#8220;&#8220;][vc_column_text]<\/p>\n<p style=\"text-align: center;\">KLETTBAND<\/p>\n<p>[\/vc_column_text][\/vc_column_inner][\/vc_row_inner][\/vc_accordion_tab][vc_accordion_tab title=&#8220;KOMPATIBLE ZUBEH\u00d6R&#8220; title_tag=&#8220;h4&#8243; title_color=&#8220;#ff3333&#8243; background_color=&#8220;#ffffff&#8220;][vc_row_inner row_type=&#8220;row&#8220; type=&#8220;full_width&#8220; use_row_as_full_screen_section_slide=&#8220;no&#8220; text_align=&#8220;left&#8220; css_animation=&#8220;&#8220;][vc_column_inner width=&#8220;1\/4&#8243;][vc_single_image image=&#8220;61985&#8243; alignment=&#8220;center&#8220; onclick=&#8220;custom_link&#8220; img_link_target=&#8220;_blank&#8220; qode_css_animation=&#8220;&#8220; link=&#8220;http:\/\/www.infini.tw\/de\/produkt\/rb14\/&#8220;][vc_column_text]<\/p>\n<p style=\"text-align: center;\">RB14<\/p>\n<p>[\/vc_column_text][\/vc_column_inner][vc_column_inner width=&#8220;1\/4&#8243;][vc_single_image image=&#8220;52512&#8243; alignment=&#8220;center&#8220; onclick=&#8220;custom_link&#8220; img_link_target=&#8220;_blank&#8220; qode_css_animation=&#8220;&#8220; link=&#8220;http:\/\/www.infini.tw\/de\/produkt\/sa01\/&#8220;][vc_column_text]<\/p>\n<p style=\"text-align: center;\">SA01<\/p>\n<p>[\/vc_column_text][\/vc_column_inner][vc_column_inner width=&#8220;1\/4&#8243;][\/vc_column_inner][vc_column_inner width=&#8220;1\/4&#8243;][\/vc_column_inner][\/vc_row_inner][\/vc_accordion_tab][vc_accordion_tab title=&#8220;LICHTERSET&#8220; title_tag=&#8220;h4&#8243; title_color=&#8220;#ff3333&#8243; background_color=&#8220;#ffffff&#8220;][vc_row_inner row_type=&#8220;row&#8220; type=&#8220;full_width&#8220; use_row_as_full_screen_section_slide=&#8220;no&#8220; text_align=&#8220;left&#8220; css_animation=&#8220;&#8220;][vc_column_inner width=&#8220;1\/4&#8243;][vc_single_image image=&#8220;51564&#8243; alignment=&#8220;center&#8220; qode_css_animation=&#8220;&#8220;][vc_column_text]<\/p>\n<p style=\"text-align: center;\">I-281P\/I-280R COMBO<\/p>\n<p>[\/vc_column_text][\/vc_column_inner][vc_column_inner width=&#8220;1\/4&#8243;][\/vc_column_inner][vc_column_inner width=&#8220;1\/4&#8243;][\/vc_column_inner][vc_column_inner width=&#8220;1\/4&#8243;][\/vc_column_inner][\/vc_row_inner][\/vc_accordion_tab][\/vc_accordion][\/vc_column][\/vc_row][vc_row row_type=&#8220;row&#8220; use_row_as_full_screen_section=&#8220;no&#8220; type=&#8220;full_width&#8220; text_align=&#8220;left&#8220; background_animation=&#8220;none&#8220; css_animation=&#8220;&#8220;][vc_column][vc_gallery type=&#8220;image_grid&#8220; images=&#8220;49923,50210,56902,49989,50037,56876,67350,56870,64842,49977,50001,49971&#8243; img_size=&#8220;40&#215;40&#8243; onclick=&#8220;&#8220; column_number=&#8220;0&#8243; grayscale=&#8220;no&#8220; space_between_images=&#8220;no&#8220;][vc_empty_space height=&#8220;15px&#8220;][\/vc_column][\/vc_row][vc_row row_type=&#8220;row&#8220; use_row_as_full_screen_section=&#8220;no&#8220; type=&#8220;full_width&#8220; text_align=&#8220;left&#8220; background_animation=&#8220;none&#8220; css_animation=&#8220;&#8220;][vc_column][vc_column_text]<\/p>\n<h5><strong><img class=\"alignnone wp-image-64240\" src=\"https:\/\/www.infini.tw\/wp-content\/uploads\/2018\/10\/comments.png\" alt=\"\" width=\"35\" height=\"35\" srcset=\"https:\/\/www.infini.tw\/wp-content\/uploads\/2018\/10\/comments.png 300w, https:\/\/www.infini.tw\/wp-content\/uploads\/2018\/10\/comments-150x150.png 150w, https:\/\/www.infini.tw\/wp-content\/uploads\/2018\/10\/comments-100x100.png 100w\" sizes=\"(max-width: 35px) 100vw, 35px\" \/>KOMMENTAR<\/strong><\/h5>\n<pre><strong>- Esta l\u00e1mpara trasera se compone de 42 LED COB y 10 LED SMD, lo que le brinda una potencia luminosa m\u00e1xima de 50 l\u00famenes, suficientes para hacerte visible a kil\u00f3metros de distancia. Esta caracter\u00edstica la hace especialmente buena para ciclistas urbanos y de ruta.----la bicikleta (<a href=\"https:\/\/labicikleta.com\/resena-luces-para-bicicleta-tron\/\" target=\"_blank\" rel=\"noopener noreferrer\">Full Article<\/a>)<\/strong><\/pre>\n<pre><strong>- 360\ub3c4 \uc2dc\uc778\uc131\uc744 \ud655\ubcf4\ud55c. \uc6d0\ud53c\uc2a4 \uad6c\uc870\uc758 \ud22c\uba85 \ucf00\uc774\uc2a4\ub85c \uc81c\uc791\ub418\uc5b4 \ub77c\uc774\ud2b8\uac00 \uc804\uccb4\uc801\uc73c\ub85c \ubc88\uc9c0\ub294 \ud6a8\uacfc\uac00 \uc788\ub2e4.---BIKE MAGAZINE (<a href=\"https:\/\/www.bikem.co.kr\/article\/read.php?num=12345\" target=\"_blank\" rel=\"noopener noreferrer\">Full Article<\/a>)<\/strong><\/pre>\n<pre><strong>- Anche in questo caso quello che stupisce \u00e8 la sua dimensione veramente minima specialmente se rapportata alla sua buona capacit\u00e0 illuminante.---bici Magazine (<a href=\"https:\/\/www.bicimagazine.it\/contenuti\/test-e-recensioni\/accessori\/2484-piccole-leggere-ma-molto-performanti-sono-le-tron-di-infini.html\" target=\"_blank\" rel=\"noopener noreferrer\">Full Article<\/a>)<\/strong><\/pre>\n<pre><strong>- L\u2019Infini Tron I-280R est un petit feu arri\u00e8re qui pourra \u00eatre utilis\u00e9 conjointement avec le Tron 500 I-282P pour disposer d\u2019une solution d\u2019\u00e9clairage id\u00e9ale pour rentrer du travail, y aller, ou affronter des conditions m\u00e9t\u00e9os p\u00e9nibles---Dimensions V\u00e9lo (<a href=\"https:\/\/dimensionsvelo.com\/2020\/08\/06\/infini-tron-i-280r-un-feu-arriere-pratique-et-puissant\/\" target=\"_blank\" rel=\"noopener noreferrer\">Full Article<\/a>)<\/strong><\/pre>\n<pre><strong>- I 42 LED COB cablati internamente alla Tron garantiscono una visibilit\u00e0 passiva a tutto campo anche da lunghe distanze, grazie allo spettro luminoso pi\u00f9 intenso rispetto ai LED SMD, qui comunque presenti..---tech-cycling (<a href=\"https:\/\/www.tech-cycling.it\/infini-luci-i-282p-tron-500-e-i-280r-tron\/\" target=\"_blank\" rel=\"noopener noreferrer\">Full Article<\/a>)<\/strong><\/pre>\n<p>[\/vc_column_text][\/vc_column][\/vc_row]<\/p>\n","protected":false},"excerpt":{"rendered":"<p>[vc_row row_type=&#8220;row&#8220; use_row_as_full_screen_section=&#8220;no&#8220; type=&#8220;full_width&#8220; text_align=&#8220;left&#8220; background_animation=&#8220;none&#8220; padding_bottom=&#8220;0&#8243; css_animation=&#8220;&#8220;][vc_column][\/vc_column][\/vc_row][vc_row row_type=&#8220;row&#8220; use_row_as_full_screen_section=&#8220;no&#8220; type=&#8220;full_width&#8220; text_align=&#8220;left&#8220; background_animation=&#8220;none&#8220; padding_top=&#8220;50&#8243; padding_bottom=&#8220;50&#8243; css_animation=&#8220;&#8220; css=&#8220;.vc_custom_1502482920375{padding-right: 25px !important;}&#8220;][vc_column][vc_accordion active_tab=&#8220;false&#8220; collapsible=&#8220;yes&#8220; style=&#8220;toggle&#8220; accordion_border_radius=&#8220;0&#8243;][vc_accordion_tab title=&#8220;WAS BEFINDET SICH IM KARTON&#8220; title_tag=&#8220;h4&#8243; title_color=&#8220;#ff3333&#8243; background_color=&#8220;#ffffff&#8220;][vc_row_inner row_type=&#8220;row&#8220; type=&#8220;full_width&#8220; use_row_as_full_screen_section_slide=&#8220;no&#8220; text_align=&#8220;left&#8220; css_animation=&#8220;&#8220;][vc_column_inner width=&#8220;1\/4&#8243;][vc_single_image image=&#8220;50778&#8243; alignment=&#8220;center&#8220; qode_css_animation=&#8220;&#8220;][vc_column_text] LICHT UND HALTERUNG [\/vc_column_text][\/vc_column_inner][vc_column_inner width=&#8220;1\/4&#8243;][vc_single_image&#8230;<\/p>\n","protected":false},"featured_media":50712,"template":"","meta":[],"product_cat":[226,251],"product_tag":[],"aioseo_notices":[],"_links":{"self":[{"href":"https:\/\/www.infini.tw\/de\/wp-json\/wp\/v2\/product\/50729"}],"collection":[{"href":"https:\/\/www.infini.tw\/de\/wp-json\/wp\/v2\/product"}],"about":[{"href":"https:\/\/www.infini.tw\/de\/wp-json\/wp\/v2\/types\/product"}],"wp:featuredmedia":[{"embeddable":true,"href":"https:\/\/www.infini.tw\/de\/wp-json\/wp\/v2\/media\/50712"}],"wp:attachment":[{"href":"https:\/\/www.infini.tw\/de\/wp-json\/wp\/v2\/media?parent=50729"}],"wp:term":[{"taxonomy":"product_cat","embeddable":true,"href":"https:\/\/www.infini.tw\/de\/wp-json\/wp\/v2\/product_cat?post=50729"},{"taxonomy":"product_tag","embeddable":true,"href":"https:\/\/www.infini.tw\/de\/wp-json\/wp\/v2\/product_tag?post=50729"}],"curies":[{"name":"wp","href":"https:\/\/api.w.org\/{rel}","templated":true}]}}