{"id":48722,"date":"2017-05-02T16:45:09","date_gmt":"2017-05-02T16:45:09","guid":{"rendered":"http:\/\/www.infini.tw\/product\/i-261r\/"},"modified":"2022-08-06T11:51:04","modified_gmt":"2022-08-06T03:51:04","slug":"i-261r-mini-lava","status":"publish","type":"product","link":"https:\/\/www.infini.tw\/de\/produkt\/i-261r-mini-lava\/","title":{"rendered":"I-261R MINI LAVA"},"content":{"rendered":"<p>[vc_row row_type=&#8220;row&#8220; use_row_as_full_screen_section=&#8220;no&#8220; type=&#8220;full_width&#8220; text_align=&#8220;left&#8220; background_animation=&#8220;none&#8220; padding_bottom=&#8220;0&#8243; css_animation=&#8220;&#8220;][vc_column]<div class=\"wppm-tabber\"><ul class=\"wppm-tabs clearfix\" id=\"wppm-tabs-0\"><li><a href=\"#wppm-tab-0-0\">\u00dcBERSICHT<\/a><\/li><li><a href=\"#wppm-tab-0-1\">MERKMALE<\/a><\/li><li><a href=\"#wppm-tab-0-2\">SPEZIFIKATION<\/a><\/li><\/ul><div id=\"wppm-tab-0-0\" class=\"wppm-tabbed\">\n<div class=\"rendered-content\">\n<p>[vc_column_text]Bei Nachtaktivit\u00e4ten kommt es immer auf die Sicht an. Klipsen Sie Lava an Ihrer G\u00fcrtelschlaufe oder Ihrer Tasche an oder legen Sie das (optionale) Armband an und befestigen Sie Lava an Ihrem Arm, wenn Sie laufen oder spazieren gehen m\u00f6chten. Befestigen Sie Lava an einer Stange oder klipsen Sie das Licht an einer Tasche an, wenn Sie mit dem Rad unterwegs sind. Befestigen Sie Lava dort, wo Sie Ihrer Meinung nach in der Nacht gesehen werden k\u00f6nnen.<\/p>\n<p>&nbsp;<\/p>\n<h5><strong>DESIGN<\/strong><\/h5>\n<p>Lava \u00e4hnelt vom Design und den Funktionen her den Lichtern, mit denen Sie \u00fcberall hingehen k\u00f6nnen, hat aber eine l\u00e4ngere Leuchtdauer. Dank dem einfachen, leichtgewichtigen Lava-Design l\u00e4sst sich das Licht beinahe \u00fcberall dort befestigen bzw. anklipsen, wo es ben\u00f6tigt wird. Es kann an Ihrem Arm (optionales Armband ist verf\u00fcgbar), Ihrem G\u00fcrtel, Ihrer Tasche, Ihrem Hut und sogar am Halsband Ihres Hundes angebracht werden.[\/vc_column_text]<\/p>\n<\/div>\n<div class=\"wppm-loading-spinner\"><\/div>\n<\/div>\n<div id=\"wppm-tab-0-1\" class=\"wppm-tabbed\">\n<div class=\"rendered-content\">\n<p>[vc_column_text]<\/p>\n<ul>\n<li>Aufladen ohne Kabel<\/li>\n<li>Kompakt und leichtgewichtig<\/li>\n<li>Kann am Hosen-\/Rockbund oder an einer Tasche angeklipst werden<\/li>\n<li>Die innovative Schnellverschlusshalterung kann ohne Werkzeuge problemlos angebracht und entfernt werden<\/li>\n<li>Benutzerfreundliche Anzeige bei niedrigem Batteriestand<\/li>\n<li>Wasserfestigkeit nach IPX4<\/li>\n<\/ul>\n<p>[\/vc_column_text]<\/p>\n<\/div>\n<div class=\"wppm-loading-spinner\"><\/div>\n<\/div>\n<div id=\"wppm-tab-0-2\" class=\"wppm-tabbed\">\n<div class=\"rendered-content\">\n<p>[vc_column_text]<\/p>\n<table>\n<tbody>\n<tr>\n<td><strong>GR\u00d6\u00dfE<\/strong><\/td>\n<td>50.5 x 22 x 20.5 mm<\/td>\n<\/tr>\n<tr>\n<td><strong>GEWICHT<\/strong><\/td>\n<td>14.5 gramm<\/td>\n<\/tr>\n<tr>\n<td><strong>LED\u00a0SPECS<\/strong><\/td>\n<td>Rote LED x 3<\/td>\n<\/tr>\n<tr>\n<td><strong>BATTERIE<\/strong><\/td>\n<td>Wiederaufladbahre Lithium-Ion Polymer<\/td>\n<\/tr>\n<tr>\n<td><strong>LAUFZEIT<\/strong><\/td>\n<td>2 Stunden (Fernlicht)<br \/>\n5 Stunden (Abblendlicht)<br \/>\n17 Stunden (Blinklicht)<br \/>\n9 Stunden (Impuls)<\/td>\n<\/tr>\n<tr>\n<td><strong>LADEDAUER<\/strong><\/td>\n<td>2 Stunden<\/td>\n<\/tr>\n<tr>\n<td><strong>HALTERUNG<\/strong><\/td>\n<td>RB05, Passend zum \u00d819-32 mm<\/td>\n<\/tr>\n<tr>\n<td><strong>STANDARD<\/strong><\/td>\n<td>D\u00e4nische Standards<\/td>\n<\/tr>\n<tr>\n<td><strong>HANDBUCH<\/strong><\/td>\n<td><img class=\"alignnone size-full wp-image-46091\" src=\"http:\/\/www.infini.tw\/wp-content\/uploads\/2019\/03\/pdf-e1553291417643.png\" alt=\"\" width=\"25\" height=\"25\" \/> <a href=\"http:\/\/www.infini.tw\/wp-content\/uploads\/2020\/01\/Manual_I-261W-R-WDHM02.pdf\" target=\"_blank\" rel=\"noopener noreferrer\">Herunterladen<\/a><\/td>\n<\/tr>\n<\/tbody>\n<\/table>\n<p>[\/vc_column_text]<\/p>\n<\/div>\n<div class=\"wppm-loading-spinner\"><\/div>\n<\/div>\n<\/div>[\/vc_column][\/vc_row][vc_row row_type=&#8220;row&#8220; use_row_as_full_screen_section=&#8220;no&#8220; type=&#8220;full_width&#8220; text_align=&#8220;left&#8220; background_animation=&#8220;none&#8220; padding_top=&#8220;50&#8243; padding_bottom=&#8220;50&#8243; css_animation=&#8220;&#8220; css=&#8220;.vc_custom_1502482920375{padding-right: 25px !important;}&#8220;][vc_column][vc_accordion active_tab=&#8220;false&#8220; collapsible=&#8220;yes&#8220; style=&#8220;toggle&#8220; accordion_border_radius=&#8220;0&#8243;][vc_accordion_tab title=&#8220;WAS BEFINDET SICH IM KARTON&#8220; title_tag=&#8220;h4&#8243; title_color=&#8220;#ff3333&#8243; background_color=&#8220;#ffffff&#8220;][vc_row_inner row_type=&#8220;row&#8220; type=&#8220;full_width&#8220; use_row_as_full_screen_section_slide=&#8220;no&#8220; text_align=&#8220;left&#8220; css_animation=&#8220;&#8220;][vc_column_inner width=&#8220;1\/4&#8243;][vc_single_image image=&#8220;52619&#8243; alignment=&#8220;center&#8220; qode_css_animation=&#8220;&#8220;][vc_column_text]<\/p>\n<p style=\"text-align: center;\">LICHT UND HALTERUNG<\/p>\n<p>[\/vc_column_text][\/vc_column_inner][vc_column_inner width=&#8220;1\/4&#8243;][vc_single_image image=&#8220;46866&#8243; alignment=&#8220;center&#8220; qode_css_animation=&#8220;&#8220;][vc_column_text]<\/p>\n<p style=\"text-align: center;\">KABELBINDER<\/p>\n<p>[\/vc_column_text][\/vc_column_inner][vc_column_inner width=&#8220;1\/4&#8243;][\/vc_column_inner][vc_column_inner width=&#8220;1\/4&#8243;][\/vc_column_inner][\/vc_row_inner][\/vc_accordion_tab][vc_accordion_tab title=&#8220;KOMPATIBLE ZUBEH\u00d6R&#8220; title_tag=&#8220;h4&#8243; title_color=&#8220;#ff3333&#8243; background_color=&#8220;#ffffff&#8220;][vc_row_inner row_type=&#8220;row&#8220; type=&#8220;full_width&#8220; use_row_as_full_screen_section_slide=&#8220;no&#8220; text_align=&#8220;left&#8220; css_animation=&#8220;&#8220;][vc_column_inner width=&#8220;1\/4&#8243;][vc_single_image image=&#8220;61985&#8243; alignment=&#8220;center&#8220; onclick=&#8220;custom_link&#8220; img_link_target=&#8220;_blank&#8220; qode_css_animation=&#8220;&#8220; link=&#8220;http:\/\/www.infini.tw\/de\/produkt\/rb14\/&#8220;][vc_column_text]<\/p>\n<p style=\"text-align: center;\">RB14<\/p>\n<p>[\/vc_column_text][\/vc_column_inner][vc_column_inner width=&#8220;1\/4&#8243;][vc_single_image image=&#8220;52512&#8243; alignment=&#8220;center&#8220; onclick=&#8220;custom_link&#8220; img_link_target=&#8220;_blank&#8220; qode_css_animation=&#8220;&#8220; link=&#8220;http:\/\/www.infini.tw\/de\/produkt\/sa01\/&#8220;][vc_column_text]<\/p>\n<p style=\"text-align: center;\">SA01<\/p>\n<p>[\/vc_column_text][\/vc_column_inner][vc_column_inner width=&#8220;1\/4&#8243;][\/vc_column_inner][vc_column_inner width=&#8220;1\/4&#8243;][\/vc_column_inner][\/vc_row_inner][\/vc_accordion_tab][vc_accordion_tab title=&#8220;LICHTERSET&#8220; title_tag=&#8220;h4&#8243; title_color=&#8220;#ff3333&#8243; background_color=&#8220;#ffffff&#8220;][vc_row_inner row_type=&#8220;row&#8220; type=&#8220;full_width&#8220; use_row_as_full_screen_section_slide=&#8220;no&#8220; text_align=&#8220;left&#8220; css_animation=&#8220;&#8220;][vc_column_inner width=&#8220;1\/4&#8243;][vc_single_image image=&#8220;51655&#8243; alignment=&#8220;center&#8220; qode_css_animation=&#8220;&#8220;][vc_column_text]<\/p>\n<p style=\"text-align: center;\">I-261W\/I-261R COMBO<\/p>\n<p>[\/vc_column_text][\/vc_column_inner][vc_column_inner width=&#8220;1\/4&#8243;][\/vc_column_inner][vc_column_inner width=&#8220;1\/4&#8243;][\/vc_column_inner][vc_column_inner width=&#8220;1\/4&#8243;][\/vc_column_inner][\/vc_row_inner][\/vc_accordion_tab][\/vc_accordion][\/vc_column][\/vc_row][vc_row row_type=&#8220;row&#8220; use_row_as_full_screen_section=&#8220;no&#8220; type=&#8220;full_width&#8220; text_align=&#8220;left&#8220; background_animation=&#8220;none&#8220; css_animation=&#8220;&#8220;][vc_column][vc_gallery type=&#8220;image_grid&#8220; images=&#8220;49923,49749,64784,49989,64882,64842,49977,50001&#8243; img_size=&#8220;40&#215;40&#8243; onclick=&#8220;&#8220; column_number=&#8220;0&#8243; grayscale=&#8220;no&#8220; space_between_images=&#8220;no&#8220;][\/vc_column][\/vc_row]<\/p>\n","protected":false},"excerpt":{"rendered":"<p>[vc_row row_type=&#8220;row&#8220; use_row_as_full_screen_section=&#8220;no&#8220; type=&#8220;full_width&#8220; text_align=&#8220;left&#8220; background_animation=&#8220;none&#8220; padding_bottom=&#8220;0&#8243; css_animation=&#8220;&#8220;][vc_column][\/vc_column][\/vc_row][vc_row row_type=&#8220;row&#8220; use_row_as_full_screen_section=&#8220;no&#8220; type=&#8220;full_width&#8220; text_align=&#8220;left&#8220; background_animation=&#8220;none&#8220; padding_top=&#8220;50&#8243; padding_bottom=&#8220;50&#8243; css_animation=&#8220;&#8220; css=&#8220;.vc_custom_1502482920375{padding-right: 25px !important;}&#8220;][vc_column][vc_accordion active_tab=&#8220;false&#8220; collapsible=&#8220;yes&#8220; style=&#8220;toggle&#8220; accordion_border_radius=&#8220;0&#8243;][vc_accordion_tab title=&#8220;WAS BEFINDET SICH IM KARTON&#8220; title_tag=&#8220;h4&#8243; title_color=&#8220;#ff3333&#8243; background_color=&#8220;#ffffff&#8220;][vc_row_inner row_type=&#8220;row&#8220; type=&#8220;full_width&#8220; use_row_as_full_screen_section_slide=&#8220;no&#8220; text_align=&#8220;left&#8220; css_animation=&#8220;&#8220;][vc_column_inner width=&#8220;1\/4&#8243;][vc_single_image image=&#8220;52619&#8243; alignment=&#8220;center&#8220; qode_css_animation=&#8220;&#8220;][vc_column_text] LICHT UND HALTERUNG [\/vc_column_text][\/vc_column_inner][vc_column_inner width=&#8220;1\/4&#8243;][vc_single_image&#8230;<\/p>\n","protected":false},"featured_media":44906,"template":"","meta":[],"product_cat":[226,251],"product_tag":[267],"aioseo_notices":[],"_links":{"self":[{"href":"https:\/\/www.infini.tw\/de\/wp-json\/wp\/v2\/product\/48722"}],"collection":[{"href":"https:\/\/www.infini.tw\/de\/wp-json\/wp\/v2\/product"}],"about":[{"href":"https:\/\/www.infini.tw\/de\/wp-json\/wp\/v2\/types\/product"}],"wp:featuredmedia":[{"embeddable":true,"href":"https:\/\/www.infini.tw\/de\/wp-json\/wp\/v2\/media\/44906"}],"wp:attachment":[{"href":"https:\/\/www.infini.tw\/de\/wp-json\/wp\/v2\/media?parent=48722"}],"wp:term":[{"taxonomy":"product_cat","embeddable":true,"href":"https:\/\/www.infini.tw\/de\/wp-json\/wp\/v2\/product_cat?post=48722"},{"taxonomy":"product_tag","embeddable":true,"href":"https:\/\/www.infini.tw\/de\/wp-json\/wp\/v2\/product_tag?post=48722"}],"curies":[{"name":"wp","href":"https:\/\/api.w.org\/{rel}","templated":true}]}}