{"id":48692,"date":"2017-06-23T23:19:01","date_gmt":"2017-06-23T23:19:01","guid":{"rendered":"http:\/\/www.infini.tw\/product\/i-264p-lava-500\/"},"modified":"2021-01-21T08:56:07","modified_gmt":"2021-01-21T00:56:07","slug":"i-264p-lava-500","status":"publish","type":"product","link":"https:\/\/www.infini.tw\/de\/produkt\/i-264p-lava-500\/","title":{"rendered":"I-264P LAVA 500"},"content":{"rendered":"<p>[vc_row row_type=&#8220;row&#8220; use_row_as_full_screen_section=&#8220;no&#8220; type=&#8220;full_width&#8220; text_align=&#8220;left&#8220; background_animation=&#8220;none&#8220; padding_bottom=&#8220;0&#8243; css_animation=&#8220;&#8220;][vc_column]<div class=\"wppm-tabber\"><ul class=\"wppm-tabs clearfix\" id=\"wppm-tabs-0\"><li><a href=\"#wppm-tab-0-0\">\u00dcBERSICHT<\/a><\/li><li><a href=\"#wppm-tab-0-1\">MERKMALE<\/a><\/li><li><a href=\"#wppm-tab-0-2\">SPEZIFIKATION<\/a><\/li><\/ul><div id=\"wppm-tab-0-0\" class=\"wppm-tabbed\">\n<div class=\"rendered-content\">\n<p>[vc_column_text]Unser Fahrradfrontscheinwerfer Lava 500 (I-264P) ist mit einem atemberaubend hellen 10-Watt-LED-System ausgestattet, das f\u00fcr perfekte, wei\u00dfe Beleuchtung mit einer Lichtst\u00e4rke von 500 Lumen sorgt. LAVA 500 bietet 5 unterschiedliche Betriebsmodi \u2013 von Dauerbeleuchtung bis hin zu deutlich sichtbaren Blinkmodi f\u00fcr zus\u00e4tzliche Beachtung. Das per USB aufladbare Ger\u00e4t \u00fcberzeugt durch ein schlankes, modernes und formsch\u00f6nes Geh\u00e4use aus einer Aluminiumlegierung, in der sich eine Linse befindet, das W\u00e4rme gut ableitet und vor Wetter und Verschlei\u00df sch\u00fctzt. Eine pr\u00e4zise gefertigte optische Linse und ein Reflektor sorgen f\u00fcr eine besonders helle und gleichm\u00e4\u00dfige Ausleuchtung.<\/p>\n<p>&nbsp;<\/p>\n<h5><strong>DESIGN<\/strong><\/h5>\n<p>LAVA 500 ist ein schlanker, robuster und \u00e4u\u00dferst leistungsstarker Fahrradfrontscheinwerfer, der dem Fahrer hohe Sichtbarkeit, zus\u00e4tzliche Sicherheit, lange Fahrtzeiten und besonders gute Tragbarkeit bietet. Das Geh\u00e4use aus Polycarbonat umschlie\u00dft ein Linsengeh\u00e4use aus einer Aluminiumlegierung \u2013 eine optimale Kombination, die Haltbarkeit, Wetterfestigkeit und gute W\u00e4rmeableitung gew\u00e4hrleistet. Gummibeschichtete Tasten reagieren taktil und k\u00f6nnen auch bequem mit Handschuhen bedient werden, w\u00e4hrend Sie sich \u00fcber die Batterieanzeigen intuitiv informieren k\u00f6nnen. Und sollten Sie einmal mehr Zeit bis zur n\u00e4chsten Aufladung ben\u00f6tigen, schalten Sie einfach auf eine niedrigere Leuchtstufe um.[\/vc_column_text]<\/p>\n<\/div>\n<div class=\"wppm-loading-spinner\"><\/div>\n<\/div>\n<div id=\"wppm-tab-0-1\" class=\"wppm-tabbed\">\n<div class=\"rendered-content\">\n<p>[vc_column_text]<\/p>\n<ul>\n<li>Ausgezeichnete Lichtleistung von 500 Lumen<\/li>\n<li>Leuchtdauer von 100 Stunden<\/li>\n<li>Anzeige bei niedrigem Batteriestand<\/li>\n<li>St\u00e4rkere Ausleuchtung von kurzen Distanzen<\/li>\n<li>Seitliche Sicht mit weitem Winkel<\/li>\n<li>Anzeige der Batteriekapazit\u00e4t<\/li>\n<li>Die Funktion Modusspeicher speichert den zuletzt eingestellten Leuchtmodus ab (zum Abschalten Ein-\/Aus-Taste gedr\u00fcckt halten).<\/li>\n<li>Wasserfestigkeit nach IPX4<\/li>\n<\/ul>\n<p>[\/vc_column_text]<\/p>\n<\/div>\n<div class=\"wppm-loading-spinner\"><\/div>\n<\/div>\n<div id=\"wppm-tab-0-2\" class=\"wppm-tabbed\">\n<div class=\"rendered-content\">\n<p>[vc_column_text]<\/p>\n<table>\n<tbody>\n<tr>\n<td><strong>GR\u00d6\u00dfE<\/strong><\/td>\n<td>96 x 43.5 x 32.5 mm<\/td>\n<\/tr>\n<tr>\n<td><strong>GEWICHT<\/strong><\/td>\n<td>97 gramm<\/td>\n<\/tr>\n<tr>\n<td><strong>LED\u00a0SPECS<\/strong><\/td>\n<td>Wei\u00dfe LED x 1<\/td>\n<\/tr>\n<tr>\n<td><strong>LICHTAUSBEUTE<\/strong><\/td>\n<td>500 Lumen<\/td>\n<\/tr>\n<tr>\n<td><strong>BATTERIE<\/strong><\/td>\n<td>Wiederaufladbare Lithium-Ionen-Batterie<\/td>\n<\/tr>\n<tr>\n<td><strong>LAUFZEIT<\/strong><\/td>\n<td>8 Stunden (Konstant)<br \/>\n4 Stunden (Boost)<br \/>\n2 Stunden (Superhell)<br \/>\n25 Stunden (Impuls)<br \/>\n100 Stunden (Blinklicht)<\/td>\n<\/tr>\n<tr>\n<td><strong>LADEDAUER<\/strong><\/td>\n<td>3.5 Stunden<\/td>\n<\/tr>\n<tr>\n<td><strong>HALTERUNG<\/strong><\/td>\n<td>HB11, Passend zum \u00d819-40 mm<\/td>\n<\/tr>\n<tr>\n<td><strong>HANDBUCH<\/strong><\/td>\n<td><img class=\"alignnone size-full wp-image-46091\" src=\"http:\/\/www.infini.tw\/wp-content\/uploads\/2019\/03\/pdf-e1553291417643.png\" alt=\"\" width=\"25\" height=\"25\" \/> <a href=\"http:\/\/www.infini.tw\/wp-content\/uploads\/2020\/01\/Manual_I-264P-PD.pdf\" target=\"_blank\" rel=\"noopener noreferrer\">Herunterladen<\/a><\/td>\n<\/tr>\n<\/tbody>\n<\/table>\n<p>[\/vc_column_text]<\/p>\n<\/div>\n<div class=\"wppm-loading-spinner\"><\/div>\n<\/div>\n<\/div>[\/vc_column][\/vc_row][vc_row row_type=&#8220;row&#8220; use_row_as_full_screen_section=&#8220;no&#8220; type=&#8220;full_width&#8220; text_align=&#8220;left&#8220; background_animation=&#8220;none&#8220; padding_top=&#8220;50&#8243; padding_bottom=&#8220;50&#8243; css_animation=&#8220;&#8220; css=&#8220;.vc_custom_1502482920375{padding-right: 25px !important;}&#8220;][vc_column][vc_accordion active_tab=&#8220;false&#8220; collapsible=&#8220;yes&#8220; style=&#8220;toggle&#8220; accordion_border_radius=&#8220;0&#8243;][vc_accordion_tab title=&#8220;WAS BEFINDET SICH IM KARTON&#8220; title_tag=&#8220;h4&#8243; title_color=&#8220;#ff3333&#8243; background_color=&#8220;#ffffff&#8220;][vc_row_inner row_type=&#8220;row&#8220; type=&#8220;full_width&#8220; use_row_as_full_screen_section_slide=&#8220;no&#8220; text_align=&#8220;left&#8220; css_animation=&#8220;&#8220;][vc_column_inner width=&#8220;1\/4&#8243;][vc_single_image image=&#8220;52557&#8243; alignment=&#8220;center&#8220; qode_css_animation=&#8220;&#8220;][vc_column_text]<\/p>\n<p style=\"text-align: center;\">LICHT UND HALTERUNG<\/p>\n<p>[\/vc_column_text][\/vc_column_inner][vc_column_inner width=&#8220;1\/4&#8243;][vc_single_image image=&#8220;51969&#8243; alignment=&#8220;center&#8220; qode_css_animation=&#8220;&#8220;][vc_column_text]<\/p>\n<p style=\"text-align: center;\">USB-KABEL<\/p>\n<p>[\/vc_column_text][\/vc_column_inner][vc_column_inner width=&#8220;1\/4&#8243;][\/vc_column_inner][vc_column_inner width=&#8220;1\/4&#8243;][\/vc_column_inner][\/vc_row_inner][\/vc_accordion_tab][vc_accordion_tab title=&#8220;KOMPATIBLE ZUBEH\u00d6R&#8220; title_tag=&#8220;h4&#8243; title_color=&#8220;#ff3333&#8243; background_color=&#8220;#ffffff&#8220;][vc_row_inner row_type=&#8220;row&#8220; type=&#8220;full_width&#8220; use_row_as_full_screen_section_slide=&#8220;no&#8220; text_align=&#8220;left&#8220; css_animation=&#8220;&#8220;][vc_column_inner width=&#8220;1\/4&#8243;][vc_single_image image=&#8220;46111&#8243; alignment=&#8220;center&#8220; onclick=&#8220;custom_link&#8220; img_link_target=&#8220;_blank&#8220; qode_css_animation=&#8220;&#8220; link=&#8220;http:\/\/www.infini.tw\/de\/produkt\/hm01\/&#8220;][vc_column_text]<\/p>\n<p style=\"text-align: center;\">HM01<\/p>\n<p>[\/vc_column_text][\/vc_column_inner][vc_column_inner width=&#8220;1\/4&#8243;][vc_single_image image=&#8220;51622&#8243; alignment=&#8220;center&#8220; onclick=&#8220;custom_link&#8220; img_link_target=&#8220;_blank&#8220; qode_css_animation=&#8220;&#8220; link=&#8220;http:\/\/www.infini.tw\/de\/produkt\/i-904\/&#8220;][vc_column_text]<\/p>\n<p style=\"text-align: center;\">I-904<\/p>\n<p>[\/vc_column_text][\/vc_column_inner][vc_column_inner width=&#8220;1\/4&#8243;][\/vc_column_inner][vc_column_inner width=&#8220;1\/4&#8243;][\/vc_column_inner][vc_column_inner width=&#8220;1\/4&#8243;][\/vc_column_inner][\/vc_row_inner][\/vc_accordion_tab][\/vc_accordion][\/vc_column][\/vc_row][vc_row row_type=&#8220;row&#8220; use_row_as_full_screen_section=&#8220;no&#8220; type=&#8220;full_width&#8220; text_align=&#8220;left&#8220; background_animation=&#8220;none&#8220; css_animation=&#8220;&#8220;][vc_column][vc_gallery type=&#8220;image_grid&#8220; images=&#8220;49887,49821,49989,56894,50070,50043,50091,49827,50064,56852,50097,49977,50001,56864,56882,50082&#8243; img_size=&#8220;40&#215;40&#8243; onclick=&#8220;&#8220; column_number=&#8220;0&#8243; grayscale=&#8220;no&#8220; space_between_images=&#8220;no&#8220;][\/vc_column][\/vc_row]<\/p>\n","protected":false},"excerpt":{"rendered":"<p>[vc_row row_type=&#8220;row&#8220; use_row_as_full_screen_section=&#8220;no&#8220; type=&#8220;full_width&#8220; text_align=&#8220;left&#8220; background_animation=&#8220;none&#8220; padding_bottom=&#8220;0&#8243; css_animation=&#8220;&#8220;][vc_column][\/vc_column][\/vc_row][vc_row row_type=&#8220;row&#8220; use_row_as_full_screen_section=&#8220;no&#8220; type=&#8220;full_width&#8220; text_align=&#8220;left&#8220; background_animation=&#8220;none&#8220; padding_top=&#8220;50&#8243; padding_bottom=&#8220;50&#8243; css_animation=&#8220;&#8220; css=&#8220;.vc_custom_1502482920375{padding-right: 25px !important;}&#8220;][vc_column][vc_accordion active_tab=&#8220;false&#8220; collapsible=&#8220;yes&#8220; style=&#8220;toggle&#8220; accordion_border_radius=&#8220;0&#8243;][vc_accordion_tab title=&#8220;WAS BEFINDET SICH IM KARTON&#8220; title_tag=&#8220;h4&#8243; title_color=&#8220;#ff3333&#8243; background_color=&#8220;#ffffff&#8220;][vc_row_inner row_type=&#8220;row&#8220; type=&#8220;full_width&#8220; use_row_as_full_screen_section_slide=&#8220;no&#8220; text_align=&#8220;left&#8220; css_animation=&#8220;&#8220;][vc_column_inner width=&#8220;1\/4&#8243;][vc_single_image image=&#8220;52557&#8243; alignment=&#8220;center&#8220; qode_css_animation=&#8220;&#8220;][vc_column_text] LICHT UND HALTERUNG [\/vc_column_text][\/vc_column_inner][vc_column_inner width=&#8220;1\/4&#8243;][vc_single_image&#8230;<\/p>\n","protected":false},"featured_media":44781,"template":"","meta":[],"product_cat":[191,186,251],"product_tag":[],"aioseo_notices":[],"_links":{"self":[{"href":"https:\/\/www.infini.tw\/de\/wp-json\/wp\/v2\/product\/48692"}],"collection":[{"href":"https:\/\/www.infini.tw\/de\/wp-json\/wp\/v2\/product"}],"about":[{"href":"https:\/\/www.infini.tw\/de\/wp-json\/wp\/v2\/types\/product"}],"wp:featuredmedia":[{"embeddable":true,"href":"https:\/\/www.infini.tw\/de\/wp-json\/wp\/v2\/media\/44781"}],"wp:attachment":[{"href":"https:\/\/www.infini.tw\/de\/wp-json\/wp\/v2\/media?parent=48692"}],"wp:term":[{"taxonomy":"product_cat","embeddable":true,"href":"https:\/\/www.infini.tw\/de\/wp-json\/wp\/v2\/product_cat?post=48692"},{"taxonomy":"product_tag","embeddable":true,"href":"https:\/\/www.infini.tw\/de\/wp-json\/wp\/v2\/product_tag?post=48692"}],"curies":[{"name":"wp","href":"https:\/\/api.w.org\/{rel}","templated":true}]}}