{"id":48667,"date":"2017-06-27T15:24:28","date_gmt":"2017-06-27T15:24:28","guid":{"rendered":"http:\/\/www.infini.tw\/product\/i-270wa\/"},"modified":"2021-01-20T10:35:55","modified_gmt":"2021-01-20T02:35:55","slug":"i-270wa-mini-luxo","status":"publish","type":"product","link":"https:\/\/www.infini.tw\/de\/produkt\/i-270wa-mini-luxo\/","title":{"rendered":"I-270WA MINI LUXO"},"content":{"rendered":"<p>[vc_row row_type=&#8220;row&#8220; use_row_as_full_screen_section=&#8220;no&#8220; type=&#8220;full_width&#8220; text_align=&#8220;left&#8220; background_animation=&#8220;none&#8220; padding_bottom=&#8220;0&#8243; css_animation=&#8220;&#8220;][vc_column]<div class=\"wppm-tabber\"><ul class=\"wppm-tabs clearfix\" id=\"wppm-tabs-0\"><li><a href=\"#wppm-tab-0-0\">\u00dcBERSICHT<\/a><\/li><li><a href=\"#wppm-tab-0-1\">MERKMALE<\/a><\/li><li><a href=\"#wppm-tab-0-2\">SPEZIFIKATION<\/a><\/li><\/ul><div id=\"wppm-tab-0-0\" class=\"wppm-tabbed\">\n<div class=\"rendered-content\">\n<p>[vc_column_text]Sie brauchen eine einfache, wirkungsvolle Warnleuchte? Sie brauchen Mini Luxo! Ob als Front- oder R\u00fccklicht \u2013 Mini Luxo bringt Licht ins Dunkel. Ganz einfach anzubringen, problemlos zu bedienen und lange Akkulaufzeit: Alles, was eine gute Warnleuchte k\u00f6nnen muss.<\/p>\n<p>&nbsp;<\/p>\n<h5><strong>DESIGN<\/strong><\/h5>\n<p>Mini Luxo ist eine einfache, wirkungsvolle Sicherheitsleuchte in einem stabilen, federleichten CNC-bearbeiteten Aluminiumgeh\u00e4use, das es in 5 verschiedenen Farben gibt. Mini Luxo erhalten Sie als wei\u00dfe Frontleuchte (50 Lumen) oder rote R\u00fcckleuchte (15 Lumen). Alle Modelle bieten Ihnen Dauerlicht und Blinklicht mit verbl\u00fcffend langer Leuchtdauer und lassen sich im Handumdrehen am Lenker, an der Sattelst\u00fctze und anderen Stellen anbringen. Ganz ohne Werkzeug.[\/vc_column_text]<\/p>\n<\/div>\n<div class=\"wppm-loading-spinner\"><\/div>\n<\/div>\n<div id=\"wppm-tab-0-1\" class=\"wppm-tabbed\">\n<div class=\"rendered-content\">\n<p>[vc_column_text]<\/p>\n<ul>\n<li>CNC-bearbeitetes Aluminium Geh\u00e4use case<\/li>\n<li>Benutzerfreundliche Anzeige bei niedrigem Batteriestand und beim Aufladen<\/li>\n<li>Installation ohne Werkzeuge<\/li>\n<li>Wasserfestigkeit nach IPX4<\/li>\n<li>Das Doppelklickdesign verhindert versehentliches \u00c4ndern von Einstellungen<\/li>\n<li>Optionales Zubeh\u00f6r zur Helmbefestigung<\/li>\n<li>Optionales Zubeh\u00f6r zur Vordergabelbefestigung<\/li>\n<\/ul>\n<p>[\/vc_column_text]<\/p>\n<\/div>\n<div class=\"wppm-loading-spinner\"><\/div>\n<\/div>\n<div id=\"wppm-tab-0-2\" class=\"wppm-tabbed\">\n<div class=\"rendered-content\">\n<p>[vc_column_text]<\/p>\n<table>\n<tbody>\n<tr>\n<td><strong>GR\u00d6\u00dfE<\/strong><\/td>\n<td>42 x 37 x 29 mm<\/td>\n<\/tr>\n<tr>\n<td><strong>GEWICHT<\/strong><\/td>\n<td>29 gramm<\/td>\n<\/tr>\n<tr>\n<td><strong>LED\u00a0SPECS<\/strong><\/td>\n<td>Wei\u00dfe LED x 1<\/td>\n<\/tr>\n<tr>\n<td><strong>LICHTAUSBEUTE<\/strong><\/td>\n<td>50 Lumen<\/td>\n<\/tr>\n<tr>\n<td><strong>BATTERIE<\/strong><\/td>\n<td>Wiederaufladbahre Lithium-Ion Polymer<\/td>\n<\/tr>\n<tr>\n<td><strong>LAUFZEIT<\/strong><\/td>\n<td>13 Stunden (Blinklicht)<br \/>\n2.5 Stunden (Konstant)<br \/>\n7 Stunden (Impuls)<\/td>\n<\/tr>\n<tr>\n<td><strong>LADEDAUER<\/strong><\/td>\n<td>2.5 Stunden<\/td>\n<\/tr>\n<tr>\n<td><strong>RIEMEN<\/strong><\/td>\n<td>Passend zum \u00d819-48 mm<\/td>\n<\/tr>\n<tr>\n<td><strong>STANDARD<\/strong><\/td>\n<td>D\u00e4nische Standards<\/td>\n<\/tr>\n<tr>\n<td><strong>HANDBUCH<\/strong><\/td>\n<td><img class=\"alignnone size-full wp-image-46091\" src=\"http:\/\/www.infini.tw\/wp-content\/uploads\/2019\/03\/pdf-e1553291417643.png\" alt=\"\" width=\"25\" height=\"25\" \/> <a href=\"http:\/\/www.infini.tw\/wp-content\/uploads\/2020\/01\/Manual_I-270WA-RA-WDA-RDAV-linkHM.pdf\" target=\"_blank\" rel=\"noopener noreferrer\">Herunterladen<\/a><\/td>\n<\/tr>\n<\/tbody>\n<\/table>\n<p>[\/vc_column_text]<\/p>\n<\/div>\n<div class=\"wppm-loading-spinner\"><\/div>\n<\/div>\n<\/div>[\/vc_column][\/vc_row][vc_row row_type=&#8220;row&#8220; use_row_as_full_screen_section=&#8220;no&#8220; type=&#8220;full_width&#8220; text_align=&#8220;left&#8220; background_animation=&#8220;none&#8220; padding_top=&#8220;50&#8243; padding_bottom=&#8220;50&#8243; css_animation=&#8220;&#8220; css=&#8220;.vc_custom_1502482920375{padding-right: 25px !important;}&#8220;][vc_column][vc_accordion active_tab=&#8220;false&#8220; collapsible=&#8220;yes&#8220; style=&#8220;toggle&#8220; accordion_border_radius=&#8220;0&#8243;][vc_accordion_tab title=&#8220;WAS BEFINDET SICH IM KARTON&#8220; title_tag=&#8220;h4&#8243; title_color=&#8220;#ff3333&#8243; background_color=&#8220;#ffffff&#8220;][vc_row_inner row_type=&#8220;row&#8220; type=&#8220;full_width&#8220; use_row_as_full_screen_section_slide=&#8220;no&#8220; text_align=&#8220;left&#8220; css_animation=&#8220;&#8220;][vc_column_inner width=&#8220;1\/4&#8243;][vc_single_image image=&#8220;52628&#8243; alignment=&#8220;center&#8220; qode_css_animation=&#8220;&#8220;][vc_column_text]<\/p>\n<p style=\"text-align: center;\">LICHT<\/p>\n<p>[\/vc_column_text][\/vc_column_inner][vc_column_inner width=&#8220;1\/4&#8243;][vc_single_image image=&#8220;51969&#8243; alignment=&#8220;center&#8220; qode_css_animation=&#8220;&#8220;][vc_column_text]<\/p>\n<p style=\"text-align: center;\">USB-KABEL<\/p>\n<p>[\/vc_column_text][\/vc_column_inner][vc_column_inner width=&#8220;1\/4&#8243;][\/vc_column_inner][vc_column_inner width=&#8220;1\/4&#8243;][\/vc_column_inner][\/vc_row_inner][\/vc_accordion_tab][vc_accordion_tab title=&#8220;KOMPATIBLE ZUBEH\u00d6R&#8220; title_tag=&#8220;h4&#8243; title_color=&#8220;#ff3333&#8243; background_color=&#8220;#ffffff&#8220;][vc_row_inner row_type=&#8220;row&#8220; type=&#8220;full_width&#8220; use_row_as_full_screen_section_slide=&#8220;no&#8220; text_align=&#8220;left&#8220; css_animation=&#8220;&#8220;][vc_column_inner width=&#8220;1\/4&#8243;][vc_single_image image=&#8220;52519&#8243; alignment=&#8220;center&#8220; onclick=&#8220;custom_link&#8220; img_link_target=&#8220;_blank&#8220; qode_css_animation=&#8220;&#8220; link=&#8220;http:\/\/www.infini.tw\/de\/produkt\/hm04\/&#8220;][vc_column_text]<\/p>\n<p style=\"text-align: center;\">HM04<\/p>\n<p>[\/vc_column_text][\/vc_column_inner][vc_column_inner width=&#8220;1\/4&#8243;][vc_single_image image=&#8220;52525&#8243; alignment=&#8220;center&#8220; onclick=&#8220;custom_link&#8220; img_link_target=&#8220;_blank&#8220; qode_css_animation=&#8220;&#8220; link=&#8220;http:\/\/www.infini.tw\/de\/produkt\/hm05\/&#8220;][vc_column_text]<\/p>\n<p style=\"text-align: center;\">HM05<\/p>\n<p>[\/vc_column_text][\/vc_column_inner][vc_column_inner width=&#8220;1\/4&#8243;][vc_single_image image=&#8220;52639&#8243; alignment=&#8220;center&#8220; onclick=&#8220;custom_link&#8220; img_link_target=&#8220;_blank&#8220; qode_css_animation=&#8220;&#8220; link=&#8220;http:\/\/www.infini.tw\/de\/produkt\/hs05\/&#8220;][vc_column_text]<\/p>\n<p style=\"text-align: center;\">HS05<\/p>\n<p>[\/vc_column_text][\/vc_column_inner][vc_column_inner width=&#8220;1\/4&#8243;][vc_single_image image=&#8220;52645&#8243; alignment=&#8220;center&#8220; onclick=&#8220;custom_link&#8220; img_link_target=&#8220;_blank&#8220; qode_css_animation=&#8220;&#8220; link=&#8220;http:\/\/www.infini.tw\/de\/produkt\/hs06\/&#8220;][vc_column_text]<\/p>\n<p style=\"text-align: center;\">HS06<\/p>\n<p>[\/vc_column_text][\/vc_column_inner][\/vc_row_inner][\/vc_accordion_tab][vc_accordion_tab title=&#8220;LICHTERSET&#8220; title_tag=&#8220;h4&#8243; title_color=&#8220;#ff3333&#8243; background_color=&#8220;#ffffff&#8220;][vc_row_inner row_type=&#8220;row&#8220; type=&#8220;full_width&#8220; use_row_as_full_screen_section_slide=&#8220;no&#8220; text_align=&#8220;left&#8220; css_animation=&#8220;&#8220;][vc_column_inner width=&#8220;1\/4&#8243;][vc_single_image image=&#8220;46986&#8243; alignment=&#8220;center&#8220; qode_css_animation=&#8220;&#8220;][vc_column_text]<\/p>\n<p style=\"text-align: center;\">I-270WA\/I-270RA COMBO<\/p>\n<p>[\/vc_column_text][\/vc_column_inner][vc_column_inner width=&#8220;1\/4&#8243;][\/vc_column_inner][vc_column_inner width=&#8220;1\/4&#8243;][\/vc_column_inner][vc_column_inner width=&#8220;1\/4&#8243;][\/vc_column_inner][\/vc_row_inner][\/vc_accordion_tab][\/vc_accordion][\/vc_column][\/vc_row][vc_row row_type=&#8220;row&#8220; use_row_as_full_screen_section=&#8220;no&#8220; type=&#8220;full_width&#8220; text_align=&#8220;left&#8220; background_animation=&#8220;none&#8220; css_animation=&#8220;&#8220;][vc_column][vc_gallery type=&#8220;image_grid&#8220; images=&#8220;49887,49791,49713,49989,49869,50070,50064,49977,50001,50049,50150,56864&#8243; img_size=&#8220;40&#215;40&#8243; onclick=&#8220;&#8220; column_number=&#8220;0&#8243; grayscale=&#8220;no&#8220; space_between_images=&#8220;no&#8220;][\/vc_column][\/vc_row]<\/p>\n","protected":false},"excerpt":{"rendered":"<p>[vc_row row_type=&#8220;row&#8220; use_row_as_full_screen_section=&#8220;no&#8220; type=&#8220;full_width&#8220; text_align=&#8220;left&#8220; background_animation=&#8220;none&#8220; padding_bottom=&#8220;0&#8243; css_animation=&#8220;&#8220;][vc_column][\/vc_column][\/vc_row][vc_row row_type=&#8220;row&#8220; use_row_as_full_screen_section=&#8220;no&#8220; type=&#8220;full_width&#8220; text_align=&#8220;left&#8220; background_animation=&#8220;none&#8220; padding_top=&#8220;50&#8243; padding_bottom=&#8220;50&#8243; css_animation=&#8220;&#8220; css=&#8220;.vc_custom_1502482920375{padding-right: 25px !important;}&#8220;][vc_column][vc_accordion active_tab=&#8220;false&#8220; collapsible=&#8220;yes&#8220; style=&#8220;toggle&#8220; accordion_border_radius=&#8220;0&#8243;][vc_accordion_tab title=&#8220;WAS BEFINDET SICH IM KARTON&#8220; title_tag=&#8220;h4&#8243; title_color=&#8220;#ff3333&#8243; background_color=&#8220;#ffffff&#8220;][vc_row_inner row_type=&#8220;row&#8220; type=&#8220;full_width&#8220; use_row_as_full_screen_section_slide=&#8220;no&#8220; text_align=&#8220;left&#8220; css_animation=&#8220;&#8220;][vc_column_inner width=&#8220;1\/4&#8243;][vc_single_image image=&#8220;52628&#8243; alignment=&#8220;center&#8220; qode_css_animation=&#8220;&#8220;][vc_column_text] LICHT [\/vc_column_text][\/vc_column_inner][vc_column_inner width=&#8220;1\/4&#8243;][vc_single_image image=&#8220;51969&#8243; alignment=&#8220;center&#8220;&#8230;<\/p>\n","protected":false},"featured_media":61364,"template":"","meta":[],"product_cat":[175,251],"product_tag":[267],"aioseo_notices":[],"_links":{"self":[{"href":"https:\/\/www.infini.tw\/de\/wp-json\/wp\/v2\/product\/48667"}],"collection":[{"href":"https:\/\/www.infini.tw\/de\/wp-json\/wp\/v2\/product"}],"about":[{"href":"https:\/\/www.infini.tw\/de\/wp-json\/wp\/v2\/types\/product"}],"wp:featuredmedia":[{"embeddable":true,"href":"https:\/\/www.infini.tw\/de\/wp-json\/wp\/v2\/media\/61364"}],"wp:attachment":[{"href":"https:\/\/www.infini.tw\/de\/wp-json\/wp\/v2\/media?parent=48667"}],"wp:term":[{"taxonomy":"product_cat","embeddable":true,"href":"https:\/\/www.infini.tw\/de\/wp-json\/wp\/v2\/product_cat?post=48667"},{"taxonomy":"product_tag","embeddable":true,"href":"https:\/\/www.infini.tw\/de\/wp-json\/wp\/v2\/product_tag?post=48667"}],"curies":[{"name":"wp","href":"https:\/\/api.w.org\/{rel}","templated":true}]}}