{"id":48627,"date":"2017-08-20T01:50:22","date_gmt":"2017-08-20T01:50:22","guid":{"rendered":"http:\/\/www.infini.tw\/product\/i-280p-tron-100\/"},"modified":"2021-01-19T15:22:33","modified_gmt":"2021-01-19T07:22:33","slug":"i-280p-tron-100","status":"publish","type":"product","link":"https:\/\/www.infini.tw\/de\/produkt\/i-280p-tron-100\/","title":{"rendered":"I-280P TRON 100"},"content":{"rendered":"<p>[vc_row row_type=&#8220;row&#8220; use_row_as_full_screen_section=&#8220;no&#8220; type=&#8220;full_width&#8220; text_align=&#8220;left&#8220; background_animation=&#8220;none&#8220; padding_bottom=&#8220;0&#8243; css_animation=&#8220;&#8220;][vc_column]<div class=\"wppm-tabber\"><ul class=\"wppm-tabs clearfix\" id=\"wppm-tabs-0\"><li><a href=\"#wppm-tab-0-0\">\u00dcBERSICHT<\/a><\/li><li><a href=\"#wppm-tab-0-1\">MERKMALE<\/a><\/li><li><a href=\"#wppm-tab-0-2\">SPEZIFIKATION<\/a><\/li><\/ul><div id=\"wppm-tab-0-0\" class=\"wppm-tabbed\">\n<div class=\"rendered-content\">\n<p>[vc_column_text]Das I-280P TRON 100 ist ein elegantes und sehr funktionelles Frontlicht, das sich durch Dauerhaftigkeit und Nutzerfreundlichkeit auszeichnet. Mit einer Lichtleistung von max. 100 Lumen verschafft das TRON 100 durch einen Ausgleich zwischen hellem Licht und langer Batterienutzung mehr Sicherheit. W\u00e4hlen Sie f\u00fcr zus\u00e4tzliche Sicht in der Nacht die konstante Lichtausgabe oder den konstanten Blinkmodus. Mit Mahnungen bei niedrigem Batteriestand und einem \u00dcberladungsschutz ist das TRON 100 benutzerfreundlich.<\/p>\n<p>&nbsp;<\/p>\n<h5><strong>DESIGN<\/strong><\/h5>\n<p>Das I-280P TRON 100 besteht aus stranggepresster 6061-Aluminiumlegierung und ist elegant, dauerhaft und wetterfest. Gummibeschichtete, abgedichtete Tasten und \u00d6ffnungen garantieren eine betriebssichere Funktion unter allen Bedingungen. Eine neue Nutzer-Programmierbarkeit steigert die Effizienz bei gleichzeitiger Maximierung der Sicht.[\/vc_column_text]<\/p>\n<\/div>\n<div class=\"wppm-loading-spinner\"><\/div>\n<\/div>\n<div id=\"wppm-tab-0-1\" class=\"wppm-tabbed\">\n<div class=\"rendered-content\">\n<p>[vc_column_text]<\/p>\n<ul>\n<li>Kann eine Lichtleistung von 100 Lumen erreichen<\/li>\n<li>Super leicht mit nur 35 gramm<\/li>\n<li>Konstanter Pulsiermodus f\u00fcr die Verwendung in der Nacht<\/li>\n<li>Im Design integrierte Mahnung bei niedrigem Batteriestand<\/li>\n<li>Die Funktion Modusspeicher stellt den zuletzt verwendeten Leuchtmodus wieder her<\/li>\n<li>Per Doppelklick l\u00e4sst sich die restliche Batteriekapazit\u00e4t jederzeit und \u00fcberall anzeigen<\/li>\n<li>Kann bei l\u00e4ngeren Fahrten mit Powerbanks wieder aufgeladen werden<\/li>\n<li>Ein \u00dcberladungsschutz und ein Batterieschutz erh\u00f6hen den Sicherheitsgrad<\/li>\n<li>Die Halterung f\u00fcr ein sto\u00dffestes Gummiband l\u00e4sst sich in Sekunden und an nahezu jeder Lenkstange anbringen<\/li>\n<li>F\u00fcr maximale Einsatzflexibilit\u00e4t k\u00f6nnen Sie aus Befestigung an der Lenkstange oder am Helm ausw\u00e4hlen<\/li>\n<li>Wasserfestigkeit nach IPX4<\/li>\n<\/ul>\n<p>[\/vc_column_text]<\/p>\n<\/div>\n<div class=\"wppm-loading-spinner\"><\/div>\n<\/div>\n<div id=\"wppm-tab-0-2\" class=\"wppm-tabbed\">\n<div class=\"rendered-content\">\n<p>[vc_column_text]<\/p>\n<table>\n<tbody>\n<tr>\n<td><strong>GR\u00d6\u00dfE<\/strong><\/td>\n<td>54 x 29 x 20 mm<\/td>\n<\/tr>\n<tr>\n<td><strong>GEWICHT<\/strong><\/td>\n<td>35 gramm<\/td>\n<\/tr>\n<tr>\n<td><strong>LED\u00a0SPECS<\/strong><\/td>\n<td>Wei\u00dfe LED x 1<\/td>\n<\/tr>\n<tr>\n<td><strong>LICHTAUSBEUTE<\/strong><\/td>\n<td>100 Lumen<\/td>\n<\/tr>\n<tr>\n<td><strong>BATTERIE<\/strong><\/td>\n<td>Wiederaufladbahre Lithium-Ion Polymer<\/td>\n<\/tr>\n<tr>\n<td><strong>LAUFZEIT<\/strong><\/td>\n<td>4 hrs (Abblendlicht)<br \/>\n1.5 hrs (Fernlicht)<br \/>\n7 Stunden (Impuls)<br \/>\n18 hrs (Blinklicht)<\/td>\n<\/tr>\n<tr>\n<td><strong>LADEDAUER<\/strong><\/td>\n<td>2 Stunden<\/td>\n<\/tr>\n<tr>\n<td><strong>RIEMEN<\/strong><\/td>\n<td>Passend zum \u00d818-48 mm<\/td>\n<\/tr>\n<tr>\n<td><strong>STANDARD<\/strong><\/td>\n<td>D\u00e4nische Standards<\/td>\n<\/tr>\n<tr>\n<td><strong>HANDBUCH<\/strong><\/td>\n<td><img class=\"alignnone size-full wp-image-50138\" src=\"http:\/\/www.infini.tw\/wp-content\/uploads\/2017\/08\/pdf-e1553900886918.png\" alt=\"\" width=\"35\" height=\"35\" \/> <a href=\"http:\/\/www.infini.tw\/wp-content\/uploads\/2020\/01\/Manual_I-280PPD.pdf\" target=\"_blank\" rel=\"noopener noreferrer\">Herunterladen<\/a><\/td>\n<\/tr>\n<\/tbody>\n<\/table>\n<p>[\/vc_column_text]<\/p>\n<\/div>\n<div class=\"wppm-loading-spinner\"><\/div>\n<\/div>\n<\/div>[\/vc_column][\/vc_row][vc_row row_type=&#8220;row&#8220; use_row_as_full_screen_section=&#8220;no&#8220; type=&#8220;full_width&#8220; text_align=&#8220;left&#8220; background_animation=&#8220;none&#8220; padding_top=&#8220;50&#8243; padding_bottom=&#8220;50&#8243; css_animation=&#8220;&#8220; css=&#8220;.vc_custom_1502482920375{padding-right: 25px !important;}&#8220;][vc_column][vc_accordion active_tab=&#8220;false&#8220; collapsible=&#8220;yes&#8220; style=&#8220;toggle&#8220; accordion_border_radius=&#8220;0&#8243;][vc_accordion_tab title=&#8220;WAS BEFINDET SICH IM KARTON&#8220; title_tag=&#8220;h4&#8243; title_color=&#8220;#ff3333&#8243; background_color=&#8220;#ffffff&#8220;][vc_row_inner row_type=&#8220;row&#8220; type=&#8220;full_width&#8220; use_row_as_full_screen_section_slide=&#8220;no&#8220; text_align=&#8220;left&#8220; css_animation=&#8220;&#8220;][vc_column_inner width=&#8220;1\/4&#8243;][vc_single_image image=&#8220;52563&#8243; alignment=&#8220;center&#8220; qode_css_animation=&#8220;&#8220;][vc_column_text]<\/p>\n<p style=\"text-align: center;\">LICHT UND HALTERUNG<\/p>\n<p>[\/vc_column_text][\/vc_column_inner][vc_column_inner width=&#8220;1\/4&#8243;][vc_single_image image=&#8220;51969&#8243; alignment=&#8220;center&#8220; qode_css_animation=&#8220;&#8220;][vc_column_text]<\/p>\n<p style=\"text-align: center;\">USB-KABEL<\/p>\n<p>[\/vc_column_text][\/vc_column_inner][vc_column_inner width=&#8220;1\/4&#8243;][\/vc_column_inner][vc_column_inner width=&#8220;1\/4&#8243;][\/vc_column_inner][\/vc_row_inner][\/vc_accordion_tab][vc_accordion_tab title=&#8220;KOMPATIBLE ZUBEH\u00d6R&#8220; title_tag=&#8220;h4&#8243; title_color=&#8220;#ff3333&#8243; background_color=&#8220;#ffffff&#8220;][vc_row_inner row_type=&#8220;row&#8220; type=&#8220;full_width&#8220; use_row_as_full_screen_section_slide=&#8220;no&#8220; text_align=&#8220;left&#8220; css_animation=&#8220;&#8220;][vc_column_inner width=&#8220;1\/4&#8243;][vc_single_image image=&#8220;63626&#8243; alignment=&#8220;center&#8220; onclick=&#8220;custom_link&#8220; img_link_target=&#8220;_blank&#8220; qode_css_animation=&#8220;&#8220; link=&#8220;https:\/\/www.infini.tw\/de\/product\/hc06\/&#8220;][vc_column_text]<\/p>\n<p style=\"text-align: center;\">HC06<\/p>\n<p>[\/vc_column_text][\/vc_column_inner][vc_column_inner width=&#8220;1\/4&#8243;][\/vc_column_inner][vc_column_inner width=&#8220;1\/4&#8243;][\/vc_column_inner][vc_column_inner width=&#8220;1\/4&#8243;][\/vc_column_inner][\/vc_row_inner][\/vc_accordion_tab][\/vc_accordion][\/vc_column][\/vc_row][vc_row row_type=&#8220;row&#8220; use_row_as_full_screen_section=&#8220;no&#8220; type=&#8220;full_width&#8220; text_align=&#8220;left&#8220; background_animation=&#8220;none&#8220; css_animation=&#8220;&#8220;][vc_column][vc_gallery type=&#8220;image_grid&#8220; images=&#8220;49887,49797,49989,56888,50070,50043,49827,50064,49977,50001,50049,56882,56864,50082&#8243; img_size=&#8220;40&#215;40&#8243; onclick=&#8220;&#8220; column_number=&#8220;0&#8243; grayscale=&#8220;no&#8220; space_between_images=&#8220;no&#8220;][\/vc_column][\/vc_row]<\/p>\n","protected":false},"excerpt":{"rendered":"<p>[vc_row row_type=&#8220;row&#8220; use_row_as_full_screen_section=&#8220;no&#8220; type=&#8220;full_width&#8220; text_align=&#8220;left&#8220; background_animation=&#8220;none&#8220; padding_bottom=&#8220;0&#8243; css_animation=&#8220;&#8220;][vc_column][\/vc_column][\/vc_row][vc_row row_type=&#8220;row&#8220; use_row_as_full_screen_section=&#8220;no&#8220; type=&#8220;full_width&#8220; text_align=&#8220;left&#8220; background_animation=&#8220;none&#8220; padding_top=&#8220;50&#8243; padding_bottom=&#8220;50&#8243; css_animation=&#8220;&#8220; css=&#8220;.vc_custom_1502482920375{padding-right: 25px !important;}&#8220;][vc_column][vc_accordion active_tab=&#8220;false&#8220; collapsible=&#8220;yes&#8220; style=&#8220;toggle&#8220; accordion_border_radius=&#8220;0&#8243;][vc_accordion_tab title=&#8220;WAS BEFINDET SICH IM KARTON&#8220; title_tag=&#8220;h4&#8243; title_color=&#8220;#ff3333&#8243; background_color=&#8220;#ffffff&#8220;][vc_row_inner row_type=&#8220;row&#8220; type=&#8220;full_width&#8220; use_row_as_full_screen_section_slide=&#8220;no&#8220; text_align=&#8220;left&#8220; css_animation=&#8220;&#8220;][vc_column_inner width=&#8220;1\/4&#8243;][vc_single_image image=&#8220;52563&#8243; alignment=&#8220;center&#8220; qode_css_animation=&#8220;&#8220;][vc_column_text] LICHT UND HALTERUNG [\/vc_column_text][\/vc_column_inner][vc_column_inner width=&#8220;1\/4&#8243;][vc_single_image&#8230;<\/p>\n","protected":false},"featured_media":44541,"template":"","meta":[],"product_cat":[175,251],"product_tag":[267],"aioseo_notices":[],"_links":{"self":[{"href":"https:\/\/www.infini.tw\/de\/wp-json\/wp\/v2\/product\/48627"}],"collection":[{"href":"https:\/\/www.infini.tw\/de\/wp-json\/wp\/v2\/product"}],"about":[{"href":"https:\/\/www.infini.tw\/de\/wp-json\/wp\/v2\/types\/product"}],"wp:featuredmedia":[{"embeddable":true,"href":"https:\/\/www.infini.tw\/de\/wp-json\/wp\/v2\/media\/44541"}],"wp:attachment":[{"href":"https:\/\/www.infini.tw\/de\/wp-json\/wp\/v2\/media?parent=48627"}],"wp:term":[{"taxonomy":"product_cat","embeddable":true,"href":"https:\/\/www.infini.tw\/de\/wp-json\/wp\/v2\/product_cat?post=48627"},{"taxonomy":"product_tag","embeddable":true,"href":"https:\/\/www.infini.tw\/de\/wp-json\/wp\/v2\/product_tag?post=48627"}],"curies":[{"name":"wp","href":"https:\/\/api.w.org\/{rel}","templated":true}]}}