{"id":48537,"date":"2018-03-12T17:48:39","date_gmt":"2018-03-12T17:48:39","guid":{"rendered":"http:\/\/www.infini.tw\/product\/i-904\/"},"modified":"2022-03-29T17:07:57","modified_gmt":"2022-03-29T09:07:57","slug":"i-904","status":"publish","type":"product","link":"https:\/\/www.infini.tw\/de\/produkt\/i-904\/","title":{"rendered":"I-904"},"content":{"rendered":"<p>[vc_row row_type=&#8220;row&#8220; use_row_as_full_screen_section=&#8220;no&#8220; type=&#8220;full_width&#8220; text_align=&#8220;left&#8220; background_animation=&#8220;none&#8220; css_animation=&#8220;&#8220; css=&#8220;.vc_custom_1553552538738{padding-bottom: 25px !important;}&#8220;][vc_column][vc_column_text]<\/p>\n<ul>\n<li>Fahrradhalterung vorne<\/li>\n<li>Halterung f\u00fcr Computer, Lampen und Actionkameras<\/li>\n<li>H\u00e4lt die Haupteinheit in einer h\u00f6heren H\u00f6he, wodurch der Lenkerabstand f\u00fcr gr\u00f6\u00dfere Computer oder Telefone vergr\u00f6\u00dfert wird<\/li>\n<li>Kann f\u00fcr total 1 Kilogramm laden<\/li>\n<li>Mitgelieferte kratzfeste Pads verhindern Besch\u00e4digungen der Fahrradbefestigung Fl\u00e4chen<\/li>\n<li>Den Lenker mit \u00d825,4 und \u00d831,8 mm montieren<\/li>\n<li>Unterst\u00fctzt beide Garmin &amp; Bryton-Systeme<\/li>\n<\/ul>\n<p><strong>HANDBUCH<\/strong><img class=\"alignnone size-full wp-image-46091\" src=\"http:\/\/www.infini.tw\/wp-content\/uploads\/2019\/03\/pdf-e1553291417643.png\" alt=\"\" width=\"25\" height=\"25\" \/> <a href=\"https:\/\/www.infini.tw\/wp-content\/uploads\/2022\/03\/Manual_I-904.pdf\" target=\"_blank\" rel=\"noopener\">Herunterladen<\/a>[\/vc_column_text][vc_empty_space][vc_text_separator title=&#8220;KOMPATIBLE PRODUKTE&#8220; border_color=&#8220;#75cdde&#8220; background_color=&#8220;#ffffff&#8220; title_color=&#8220;#ff3333&#8243;][\/vc_column][\/vc_row][vc_row row_type=&#8220;row&#8220; use_row_as_full_screen_section=&#8220;no&#8220; type=&#8220;full_width&#8220; text_align=&#8220;left&#8220; background_animation=&#8220;none&#8220; css_animation=&#8220;&#8220;][vc_column width=&#8220;1\/4&#8243;][vc_single_image image=&#8220;51615&#8243; alignment=&#8220;center&#8220; onclick=&#8220;custom_link&#8220; img_link_target=&#8220;_blank&#8220; qode_css_animation=&#8220;&#8220; link=&#8220;https:\/\/www.infini.tw\/de\/produkt\/i-105w-luxo\/&#8220;][vc_column_text]<\/p>\n<p style=\"text-align: center;\">I-105W<\/p>\n<p>[\/vc_column_text][\/vc_column][vc_column width=&#8220;1\/4&#8243;][vc_single_image image=&#8220;52833&#8243; alignment=&#8220;center&#8220; onclick=&#8220;custom_link&#8220; img_link_target=&#8220;_blank&#8220; qode_css_animation=&#8220;&#8220; link=&#8220;https:\/\/www.infini.tw\/de\/produkt\/i-106w-luxo\/&#8220;][vc_column_text]<\/p>\n<p style=\"text-align: center;\">I-106W<\/p>\n<p>[\/vc_column_text][\/vc_column][vc_column width=&#8220;1\/4&#8243;][vc_single_image image=&#8220;65676&#8243; alignment=&#8220;center&#8220; onclick=&#8220;custom_link&#8220; img_link_target=&#8220;_blank&#8220; qode_css_animation=&#8220;&#8220; link=&#8220;https:\/\/www.infini.tw\/de\/produkt\/i-112p-luxo\/&#8220;][vc_column_text]<\/p>\n<p style=\"text-align: center;\">I-112P<\/p>\n<p>[\/vc_column_text][\/vc_column][vc_column width=&#8220;1\/4&#8243;][vc_single_image image=&#8220;46861&#8243; alignment=&#8220;center&#8220; onclick=&#8220;custom_link&#8220; img_link_target=&#8220;_blank&#8220; qode_css_animation=&#8220;&#8220; link=&#8220;http:\/\/www.infini.tw\/de\/produkt\/i-210p-olley\/&#8220;][vc_column_text]<\/p>\n<p style=\"text-align: center;\">I-210P<\/p>\n<p>[\/vc_column_text][\/vc_column][\/vc_row][vc_row row_type=&#8220;row&#8220; use_row_as_full_screen_section=&#8220;no&#8220; type=&#8220;full_width&#8220; text_align=&#8220;left&#8220; background_animation=&#8220;none&#8220; css_animation=&#8220;&#8220;][vc_column width=&#8220;1\/4&#8243;][vc_single_image image=&#8220;52545&#8243; alignment=&#8220;center&#8220; onclick=&#8220;custom_link&#8220; img_link_target=&#8220;_blank&#8220; qode_css_animation=&#8220;&#8220; link=&#8220;http:\/\/www.infini.tw\/de\/produkt\/i-260w-lava\/&#8220;][vc_column_text]<\/p>\n<p style=\"text-align: center;\">I-260W<\/p>\n<p>[\/vc_column_text][\/vc_column][vc_column width=&#8220;1\/4&#8243;][vc_single_image image=&#8220;66125&#8243; alignment=&#8220;center&#8220; onclick=&#8220;custom_link&#8220; img_link_target=&#8220;_blank&#8220; qode_css_animation=&#8220;&#8220; link=&#8220;http:\/\/www.infini.tw\/de\/produkt\/i-261w-mini-lava\/&#8220;][vc_column_text]<\/p>\n<p style=\"text-align: center;\">I-261W<\/p>\n<p>[\/vc_column_text][\/vc_column][vc_column width=&#8220;1\/4&#8243;][vc_single_image image=&#8220;51884&#8243; alignment=&#8220;center&#8220; onclick=&#8220;custom_link&#8220; img_link_target=&#8220;_blank&#8220; qode_css_animation=&#8220;&#8220; link=&#8220;http:\/\/www.infini.tw\/de\/produkt\/i-263P-super-lava\/&#8220;][vc_column_text]<\/p>\n<p style=\"text-align: center;\">I-263P<\/p>\n<p>[\/vc_column_text][\/vc_column][vc_column width=&#8220;1\/4&#8243;][vc_single_image image=&#8220;52557&#8243; alignment=&#8220;center&#8220; onclick=&#8220;custom_link&#8220; img_link_target=&#8220;_blank&#8220; qode_css_animation=&#8220;&#8220; link=&#8220;http:\/\/www.infini.tw\/de\/produkt\/i-264P-lava-500\/&#8220;][vc_column_text]<\/p>\n<p style=\"text-align: center;\">I-264P<\/p>\n<p>[\/vc_column_text][\/vc_column][\/vc_row][vc_row row_type=&#8220;row&#8220; use_row_as_full_screen_section=&#8220;no&#8220; type=&#8220;full_width&#8220; text_align=&#8220;left&#8220; background_animation=&#8220;none&#8220; css_animation=&#8220;&#8220;][vc_column width=&#8220;1\/4&#8243;][vc_single_image image=&#8220;64388&#8243; alignment=&#8220;center&#8220; onclick=&#8220;custom_link&#8220; img_link_target=&#8220;_blank&#8220; qode_css_animation=&#8220;&#8220; link=&#8220;https:\/\/www.infini.tw\/de\/produkt\/i-265p-lava-500-lite\/&#8220;][vc_column_text]<\/p>\n<p style=\"text-align: center;\">I-265P<\/p>\n<p>[\/vc_column_text][\/vc_column][vc_column width=&#8220;1\/4&#8243;][vc_single_image image=&#8220;66595&#8243; alignment=&#8220;center&#8220; onclick=&#8220;custom_link&#8220; img_link_target=&#8220;_blank&#8220; qode_css_animation=&#8220;&#8220; link=&#8220;https:\/\/www.infini.tw\/de\/produkt\/i-290p-kor-400\/&#8220;][vc_column_text]<\/p>\n<p style=\"text-align: center;\">I-290P<\/p>\n<p>[\/vc_column_text][\/vc_column][vc_column width=&#8220;1\/4&#8243;][vc_single_image image=&#8220;66742&#8243; alignment=&#8220;center&#8220; onclick=&#8220;custom_link&#8220; img_link_target=&#8220;_blank&#8220; qode_css_animation=&#8220;&#8220; link=&#8220;https:\/\/www.infini.tw\/de\/produkt\/i-291p-kor-800\/&#8220;][vc_column_text]<\/p>\n<p style=\"text-align: center;\">I-291P<\/p>\n<p>[\/vc_column_text][\/vc_column][vc_column width=&#8220;1\/4&#8243;][\/vc_column][\/vc_row]<\/p>\n","protected":false},"excerpt":{"rendered":"<p>[vc_row row_type=&#8220;row&#8220; use_row_as_full_screen_section=&#8220;no&#8220; type=&#8220;full_width&#8220; text_align=&#8220;left&#8220; background_animation=&#8220;none&#8220; css_animation=&#8220;&#8220; css=&#8220;.vc_custom_1553552538738{padding-bottom: 25px !important;}&#8220;][vc_column][vc_column_text] Fahrradhalterung vorne Halterung f\u00fcr Computer, Lampen und Actionkameras H\u00e4lt die Haupteinheit in einer h\u00f6heren H\u00f6he, wodurch der Lenkerabstand f\u00fcr gr\u00f6\u00dfere Computer oder Telefone vergr\u00f6\u00dfert wird Kann f\u00fcr total 1 Kilogramm laden Mitgelieferte kratzfeste Pads verhindern&#8230;<\/p>\n","protected":false},"featured_media":44421,"template":"","meta":[],"product_cat":[163],"product_tag":[],"aioseo_notices":[],"_links":{"self":[{"href":"https:\/\/www.infini.tw\/de\/wp-json\/wp\/v2\/product\/48537"}],"collection":[{"href":"https:\/\/www.infini.tw\/de\/wp-json\/wp\/v2\/product"}],"about":[{"href":"https:\/\/www.infini.tw\/de\/wp-json\/wp\/v2\/types\/product"}],"wp:featuredmedia":[{"embeddable":true,"href":"https:\/\/www.infini.tw\/de\/wp-json\/wp\/v2\/media\/44421"}],"wp:attachment":[{"href":"https:\/\/www.infini.tw\/de\/wp-json\/wp\/v2\/media?parent=48537"}],"wp:term":[{"taxonomy":"product_cat","embeddable":true,"href":"https:\/\/www.infini.tw\/de\/wp-json\/wp\/v2\/product_cat?post=48537"},{"taxonomy":"product_tag","embeddable":true,"href":"https:\/\/www.infini.tw\/de\/wp-json\/wp\/v2\/product_tag?post=48537"}],"curies":[{"name":"wp","href":"https:\/\/api.w.org\/{rel}","templated":true}]}}