{"id":48252,"date":"2018-10-04T00:00:59","date_gmt":"2018-10-04T00:00:59","guid":{"rendered":"http:\/\/www.infini.tw\/product\/i-282p-tron-500\/"},"modified":"2021-01-19T15:01:55","modified_gmt":"2021-01-19T07:01:55","slug":"i-282p-tron-500","status":"publish","type":"product","link":"https:\/\/www.infini.tw\/de\/produkt\/i-282p-tron-500\/","title":{"rendered":"I-282P TRON 500"},"content":{"rendered":"<p>[vc_row row_type=&#8220;row&#8220; use_row_as_full_screen_section=&#8220;no&#8220; type=&#8220;full_width&#8220; text_align=&#8220;left&#8220; background_animation=&#8220;none&#8220; padding_bottom=&#8220;0&#8243; css_animation=&#8220;&#8220;][vc_column]<div class=\"wppm-tabber\"><ul class=\"wppm-tabs clearfix\" id=\"wppm-tabs-0\"><li><a href=\"#wppm-tab-0-0\">\u00dcBERSICHT<\/a><\/li><li><a href=\"#wppm-tab-0-1\">MERKMALE<\/a><\/li><li><a href=\"#wppm-tab-0-2\">SPEZIFIKATION<\/a><\/li><\/ul><div id=\"wppm-tab-0-0\" class=\"wppm-tabbed\">\n<div class=\"rendered-content\">\n<p>[vc_column_text]Das Vorderlicht TRON 500 baut auf Technologie auf, die wir f\u00fcr unsere anderen Vorderlichter der TRON-Serie entwickelt haben, und besitzt zudem weitere Funktionen f\u00fcr eine noch bessere Benutzbarkeit. Die komplett neue Umgebungslicht-Sensortechnologie passt die Helligkeit der Leuchte den Au\u00dfenbedingungen automatisch an und optimiert so die Beleuchtung und die Akkulebensdauer. Im automatischen Modus kann sich der Fahrer auf die Fahrsicherheit konzentrieren, ohne sich um die Beleuchtung k\u00fcmmern zu m\u00fcssen.<\/p>\n<p>&nbsp;<\/p>\n<h5><strong>DESIGN<\/strong><\/h5>\n<p>Das TRON 500 aus der stranggepressten Aluminiumlegierung 6061 ist von der Konstruktion her schnittig, strapazierf\u00e4hig und wetterfest. Gummierte, abgedichtete Tasten und Anschl\u00fcsse gew\u00e4hrleisten eine zuverl\u00e4ssige Funktion f\u00fcr alle Einsatzbereiche. Die neue Programmierbarkeit durch Benutzer steigert die Effizienz und maximiert gleichzeitig die Sichtbarkeit.[\/vc_column_text]<\/p>\n<\/div>\n<div class=\"wppm-loading-spinner\"><\/div>\n<\/div>\n<div id=\"wppm-tab-0-1\" class=\"wppm-tabbed\">\n<div class=\"rendered-content\">\n<p>[vc_column_text]<\/p>\n<ul>\n<li>Eine ausgezeichnete Lichtst\u00e4rke von 500 Lumen<\/li>\n<li>Die Helligkeit passt sich im automatischen Modus dem Umgebungslicht automatisch an<\/li>\n<li>Der Blinkmodus von 650 Lumen am Tag sorgt f\u00fcr zus\u00e4tzliche Sicherheit beim Fahren bei Tageslicht<\/li>\n<li>Ist mit beinahe jeder Rohrform kompatibel, von rund bis aero<\/li>\n<li>Montagevariante mit Helm und Unterstange<\/li>\n<li>Anzeige bei niedrigem Batteriestand<\/li>\n<li>Wasserfestigkeit nach IPX4<\/li>\n<\/ul>\n<p>[\/vc_column_text]<\/p>\n<\/div>\n<div class=\"wppm-loading-spinner\"><\/div>\n<\/div>\n<div id=\"wppm-tab-0-2\" class=\"wppm-tabbed\">\n<div class=\"rendered-content\">\n<p>[vc_column_text]<\/p>\n<table class=\"prod-table\">\n<tbody>\n<tr>\n<td width=\"20%\"><strong>GR\u00d6\u00dfE<\/strong><\/td>\n<td width=\"80%\">69.5 x 32 x 26 mm<\/td>\n<\/tr>\n<tr>\n<td><strong>GEWICHT<\/strong><\/td>\n<td>58 gramm<\/td>\n<\/tr>\n<tr>\n<td><strong>LED<\/strong><\/td>\n<td>Wei\u00dfe LED x 1<\/td>\n<\/tr>\n<tr>\n<td><strong>LICHTAUSBEUTE<\/strong><\/td>\n<td>650 Lumen<\/td>\n<\/tr>\n<tr>\n<td><strong> BATTERIE <\/strong><\/td>\n<td>Wiederaufladbare Lithium-Ionen-Polymer-Batterie<\/td>\n<\/tr>\n<tr>\n<td><strong> LAUFZEIT <\/strong><\/td>\n<td>4.5 Stunden (Konstant)<br \/>\n2 Stunden (Boost)<br \/>\n1 Stunden (Superhell)<br \/>\n20 Stunden (Flashing)<br \/>\n8 Stunden (Blinkmodus bei Tageslicht)<br \/>\n2-8 Stunden (Auto)<\/td>\n<\/tr>\n<tr>\n<td><strong> LADEDAUER <\/strong><\/td>\n<td>3 Stunden<\/td>\n<\/tr>\n<tr>\n<td><strong> RIEMEN <\/strong><\/td>\n<td>Passend zum \u00d818-\u00d848 mm<\/td>\n<\/tr>\n<tr>\n<td><strong>HANDBUCH<\/strong><\/td>\n<td><img class=\"alignnone size-full wp-image-46091\" src=\"http:\/\/www.infini.tw\/wp-content\/uploads\/2019\/03\/pdf-e1553291417643.png\" alt=\"\" width=\"25\" height=\"25\" \/> <a href=\"http:\/\/www.infini.tw\/wp-content\/uploads\/2020\/01\/Manual_I-282P.pdf\" target=\"_blank\" rel=\"noopener noreferrer\">Herunterladen<\/a><\/td>\n<\/tr>\n<\/tbody>\n<\/table>\n<p>[\/vc_column_text]<\/p>\n<\/div>\n<div class=\"wppm-loading-spinner\"><\/div>\n<\/div>\n<\/div>[\/vc_column][\/vc_row][vc_row row_type=&#8220;row&#8220; use_row_as_full_screen_section=&#8220;no&#8220; type=&#8220;full_width&#8220; text_align=&#8220;left&#8220; background_animation=&#8220;none&#8220; padding_top=&#8220;50&#8243; padding_bottom=&#8220;50&#8243; css_animation=&#8220;&#8220; css=&#8220;.vc_custom_1502482920375{padding-right: 25px !important;}&#8220;][vc_column][vc_accordion active_tab=&#8220;false&#8220; style=&#8220;toggle&#8220; accordion_border_radius=&#8220;0&#8243;][vc_accordion_tab title=&#8220;WAS BEFINDET SICH IM KARTON&#8220; title_tag=&#8220;h4&#8243; title_color=&#8220;#ff3333&#8243; background_color=&#8220;#ffffff&#8220;][vc_row_inner row_type=&#8220;row&#8220; type=&#8220;full_width&#8220; use_row_as_full_screen_section_slide=&#8220;no&#8220; text_align=&#8220;left&#8220; css_animation=&#8220;&#8220;][vc_column_inner width=&#8220;1\/4&#8243;][vc_single_image image=&#8220;46096&#8243; alignment=&#8220;center&#8220; qode_css_animation=&#8220;&#8220;][vc_column_text]<\/p>\n<p style=\"text-align: center;\">LICHT UND HALTERUNG<\/p>\n<p>[\/vc_column_text][\/vc_column_inner][vc_column_inner width=&#8220;1\/4&#8243;][vc_single_image image=&#8220;51969&#8243; alignment=&#8220;center&#8220; qode_css_animation=&#8220;&#8220;][vc_column_text]<\/p>\n<p style=\"text-align: center;\">USB-KABEL<\/p>\n<p>[\/vc_column_text][\/vc_column_inner][vc_column_inner width=&#8220;1\/4&#8243;][\/vc_column_inner][vc_column_inner width=&#8220;1\/4&#8243;][\/vc_column_inner][\/vc_row_inner][\/vc_accordion_tab][vc_accordion_tab title=&#8220;KOMPATIBLE ZUBEH\u00d6R&#8220; title_tag=&#8220;h4&#8243; title_color=&#8220;#ff3333&#8243; background_color=&#8220;#ffffff&#8220;][vc_row_inner row_type=&#8220;row&#8220; type=&#8220;full_width&#8220; use_row_as_full_screen_section_slide=&#8220;no&#8220; text_align=&#8220;left&#8220; css_animation=&#8220;&#8220;][vc_column_inner width=&#8220;1\/4&#8243;][vc_single_image image=&#8220;63626&#8243; alignment=&#8220;center&#8220; onclick=&#8220;custom_link&#8220; img_link_target=&#8220;_blank&#8220; qode_css_animation=&#8220;&#8220; link=&#8220;https:\/\/www.infini.tw\/de\/product\/hc06\/&#8220;][vc_column_text]<\/p>\n<p style=\"text-align: center;\">HC06<\/p>\n<p>[\/vc_column_text][\/vc_column_inner][vc_column_inner width=&#8220;1\/4&#8243;][\/vc_column_inner][vc_column_inner width=&#8220;1\/4&#8243;][\/vc_column_inner][vc_column_inner width=&#8220;1\/4&#8243;][\/vc_column_inner][\/vc_row_inner][\/vc_accordion_tab][\/vc_accordion][\/vc_column][\/vc_row][vc_row row_type=&#8220;row&#8220; use_row_as_full_screen_section=&#8220;no&#8220; type=&#8220;full_width&#8220; text_align=&#8220;left&#8220; background_animation=&#8220;none&#8220; css_animation=&#8220;&#8220;][vc_column][vc_gallery type=&#8220;image_grid&#8220; images=&#8220;49887,49821,49989,56858,50037,56888,50070,50043,49827,50091,50064,50076,56852,50097,49977,50001,50049,56882,56864,50082&#8243; img_size=&#8220;40&#215;40&#8243; onclick=&#8220;&#8220; column_number=&#8220;0&#8243; grayscale=&#8220;no&#8220; space_between_images=&#8220;no&#8220;]<\/p>\n<p>[vc_empty_space height=&#8220;15px&#8220;][\/vc_column][\/vc_row][vc_row row_type=&#8220;row&#8220; use_row_as_full_screen_section=&#8220;no&#8220; type=&#8220;full_width&#8220; text_align=&#8220;left&#8220; background_animation=&#8220;none&#8220; css_animation=&#8220;&#8220;][vc_column][vc_column_text]<\/p>\n<h5><strong><img class=\"alignnone wp-image-64240\" src=\"https:\/\/www.infini.tw\/wp-content\/uploads\/2018\/10\/comments.png\" alt=\"\" width=\"35\" height=\"35\" srcset=\"https:\/\/www.infini.tw\/wp-content\/uploads\/2018\/10\/comments.png 300w, https:\/\/www.infini.tw\/wp-content\/uploads\/2018\/10\/comments-150x150.png 150w, https:\/\/www.infini.tw\/wp-content\/uploads\/2018\/10\/comments-100x100.png 100w\" sizes=\"(max-width: 35px) 100vw, 35px\" \/>KOMMENTAR<\/strong><\/h5>\n<pre><strong>- Ideal para uso en sitios con poca iluminaci\u00f3n, sus 500 lumens ser\u00e1n m\u00e1s que adecuados para alumbrar tu camino.----la bicikleta (<a href=\"https:\/\/labicikleta.com\/resena-luces-para-bicicleta-tron\/\" target=\"_blank\" rel=\"noopener noreferrer\">Full Article<\/a>)<\/strong><\/pre>\n<pre><strong>- \uadf8\ub9ac\uace0 360\ub3c4\ub85c \ud68c\uc804\uc774 \uac00\ub2a5\ud574 \ub2e4\ubc29\ud5a5\uc73c\ub85c \uc870\uc808\uc774 \uac00\ub2a5\ud558\ub2e4\ub294 \uc810\uc774 \uac00\uc7a5 \ud070 \ud2b9\uc9d5\uc774\ub2e4.---BIKE MAGAZINE (<a href=\"https:\/\/www.bikem.co.kr\/article\/read.php?num=12345\" target=\"_blank\" rel=\"noopener noreferrer\">Full Article<\/a>)<\/strong><\/pre>\n<pre><strong>- Piccole, leggere ma molto performanti.---bici Magazine (<a href=\"https:\/\/www.bicimagazine.it\/contenuti\/test-e-recensioni\/accessori\/2484-piccole-leggere-ma-molto-performanti-sono-le-tron-di-infini.html\" target=\"_blank\" rel=\"noopener noreferrer\">Full Article<\/a>)<\/strong><\/pre>\n<pre><strong>- L\u2019\u00e9clairage ne sert plus seulement la nuit\u2026 Il faut, parfois, y penser aussi le jour et pour cela, disposer d\u2019appareils lumineux et endurants. Comme l\u2019Infini Tron 500 I-282 P !---Dimensions V\u00e9lo (<a href=\"https:\/\/dimensionsvelo.com\/2020\/08\/03\/infini-i-282-p-500-pour-voir-et-etre-vu\/\" target=\"_blank\" rel=\"noopener noreferrer\">Full Article<\/a>)<\/strong><\/pre>\n<pre><strong>- Il terzo livello fisso, quello pi\u00f9 alto, eroga 500 Lumen per 1 ora e consente una invidiabile visione notturna anche a 15-20 metri di distanza.---tech-cycling (<a href=\"https:\/\/www.tech-cycling.it\/infini-luci-i-282p-tron-500-e-i-280r-tron\/\" target=\"_blank\" rel=\"noopener noreferrer\">Full Article<\/a>)<\/strong><\/pre>\n<p>[\/vc_column_text][\/vc_column][\/vc_row]<\/p>\n","protected":false},"excerpt":{"rendered":"<p>[vc_row row_type=&#8220;row&#8220; use_row_as_full_screen_section=&#8220;no&#8220; type=&#8220;full_width&#8220; text_align=&#8220;left&#8220; background_animation=&#8220;none&#8220; padding_bottom=&#8220;0&#8243; css_animation=&#8220;&#8220;][vc_column][\/vc_column][\/vc_row][vc_row row_type=&#8220;row&#8220; use_row_as_full_screen_section=&#8220;no&#8220; type=&#8220;full_width&#8220; text_align=&#8220;left&#8220; background_animation=&#8220;none&#8220; padding_top=&#8220;50&#8243; padding_bottom=&#8220;50&#8243; css_animation=&#8220;&#8220; css=&#8220;.vc_custom_1502482920375{padding-right: 25px !important;}&#8220;][vc_column][vc_accordion active_tab=&#8220;false&#8220; style=&#8220;toggle&#8220; accordion_border_radius=&#8220;0&#8243;][vc_accordion_tab title=&#8220;WAS BEFINDET SICH IM KARTON&#8220; title_tag=&#8220;h4&#8243; title_color=&#8220;#ff3333&#8243; background_color=&#8220;#ffffff&#8220;][vc_row_inner row_type=&#8220;row&#8220; type=&#8220;full_width&#8220; use_row_as_full_screen_section_slide=&#8220;no&#8220; text_align=&#8220;left&#8220; css_animation=&#8220;&#8220;][vc_column_inner width=&#8220;1\/4&#8243;][vc_single_image image=&#8220;46096&#8243; alignment=&#8220;center&#8220; qode_css_animation=&#8220;&#8220;][vc_column_text] LICHT UND HALTERUNG [\/vc_column_text][\/vc_column_inner][vc_column_inner width=&#8220;1\/4&#8243;][vc_single_image image=&#8220;51969&#8243;&#8230;<\/p>\n","protected":false},"featured_media":43506,"template":"","meta":[],"product_cat":[191,186,251],"product_tag":[],"aioseo_notices":[],"_links":{"self":[{"href":"https:\/\/www.infini.tw\/de\/wp-json\/wp\/v2\/product\/48252"}],"collection":[{"href":"https:\/\/www.infini.tw\/de\/wp-json\/wp\/v2\/product"}],"about":[{"href":"https:\/\/www.infini.tw\/de\/wp-json\/wp\/v2\/types\/product"}],"wp:featuredmedia":[{"embeddable":true,"href":"https:\/\/www.infini.tw\/de\/wp-json\/wp\/v2\/media\/43506"}],"wp:attachment":[{"href":"https:\/\/www.infini.tw\/de\/wp-json\/wp\/v2\/media?parent=48252"}],"wp:term":[{"taxonomy":"product_cat","embeddable":true,"href":"https:\/\/www.infini.tw\/de\/wp-json\/wp\/v2\/product_cat?post=48252"},{"taxonomy":"product_tag","embeddable":true,"href":"https:\/\/www.infini.tw\/de\/wp-json\/wp\/v2\/product_tag?post=48252"}],"curies":[{"name":"wp","href":"https:\/\/api.w.org\/{rel}","templated":true}]}}