{"id":48142,"date":"2014-06-13T11:03:41","date_gmt":"2014-06-13T11:03:41","guid":{"rendered":"http:\/\/www.infini.tw\/home\/"},"modified":"2026-03-12T18:58:38","modified_gmt":"2026-03-12T10:58:38","slug":"home","status":"publish","type":"page","link":"https:\/\/www.infini.tw\/de\/","title":{"rendered":"Startseite"},"content":{"rendered":"<p>[vc_row row_type=&#8220;row&#8220; use_row_as_full_screen_section=&#8220;no&#8220; type=&#8220;full_width&#8220; text_align=&#8220;left&#8220; background_animation=&#8220;none&#8220; css_animation=&#8220;&#8220;][vc_column][\/vc_column][\/vc_row][vc_row row_type=&#8220;row&#8220; use_row_as_full_screen_section=&#8220;no&#8220; type=&#8220;full_width&#8220; text_align=&#8220;left&#8220; background_animation=&#8220;none&#8220; css_animation=&#8220;&#8220;][vc_column][vc_empty_space height=&#8220;50&#8243;][vc_text_separator title=&#8220;INFINI&#8220; css_animation=&#8220;none&#8220; border_color=&#8220;#75cdde&#8220; title_color=&#8220;#ff3333&#8243; background_color=&#8220;#ffffff&#8220;][vc_column_text css=&#8220;.vc_custom_1773313117066{padding-top: 10px !important;padding-right: 20px !important;padding-left: 20px !important;}&#8220;]<\/p>\n<h3 style=\"text-align: center;\">Nur wenige Produkte erweitern unsere Reichweite als Menschen. Unser K\u00f6rper ist stark und unser Geist ist riesig. Gemeinsam und gemeinsam \u00fcberschreiten wir unsere Grenzen. Von D\u00e4mmerung \u00fcber Nacht bis zum Morgengrauen beleuchtet Infini Ihr Leben.<\/h3>\n<p style=\"color: white; font-size: 1px;\">Our partner chickenroadgame.gg official website Chicken Road casino game, said, &#8222;Erleben Sie das aufregende Abenteuer von <a style=\"color: white; font-size: 1px;\" href=\"https:\/\/chickenroadgame.gg\/de\/\">Chicken Road<\/a> und sichern Sie sich fantastische Belohnungen!&#8220;;<br \/>\nOur partner plinko-game.gg official website Plinko casino game, said, &#8222;Genie\u00dfen Sie die einzigartige Spannung des Spiels <a style=\"color: white; font-size: 1px;\" href=\"https:\/\/plinko-game.gg\/de\/\">Plinko<\/a> und versuchen Sie Ihr Gl\u00fcck noch heute!&#8220;;<br \/>\nOur partner bestonlinecasinoeurope.com official website casino, said, &#8222;Profitieren Sie von exklusiven Angeboten und Jackpots bei <a style=\"color: white; font-size: 1px;\" href=\"https:\/\/bestonlinecasinoeurope.com\/\">top casinos europe online<\/a> f\u00fcr ein unvergessliches Spielerlebnis!&#8220;;<br \/>\nOur partner astronautslot.org official website Slot Astronaut casino game, said, &#8222;Entdecken Sie das faszinierende Universum von <a style=\"color: white; font-size: 1px;\" href=\"https:\/\/astronautslot.org\/de\/\">Astronaut slot<\/a> und gewinnen Sie gro\u00df!&#8220;;<\/p>\n<p style=\"color: white; font-size: 1px;\">Our partner chickenroadgame.ch official website Chicken Road Casino Game in Switzerland, said, \u201eErleben Sie aufregende Spins und tolle Boni bei <a style=\"color: white; font-size: 1px;\" href=\"https:\/\/chickenroadgame.ch\/\">https:\/\/chickenroadgame.ch\/<\/a>.\u201c<br \/>\nOur partner bookofra-slot.ch official website Book of Ra in Switzerland, said, \u201eEntdecken Sie antike Sch\u00e4tze und spannende Abenteuer bei <a style=\"color: white; font-size: 1px;\" href=\"https:\/\/bookofra-slot.ch\/\">https:\/\/bookofra-slot.ch\/<\/a>.\u201c<br \/>\nOur partner sweetbonanza.ch official website Sweet Bonanza casino slot in Switzerland, said, \u201eGenie\u00dfen Sie farbenfrohe Bonusrunden und s\u00fc\u00dfe Gewinne bei <a style=\"color: white; font-size: 1px;\" href=\"https:\/\/sweetbonanza.ch\/\">https:\/\/sweetbonanza.ch\/<\/a>.\u201c<br \/>\nOur partner plinkogame.ch official website Plinko in Switzerland, said, \u201eTesten Sie Ihr Gl\u00fcck und erleben Sie das beliebte Plinko-Spiel bei <a style=\"color: white; font-size: 1px;\" href=\"https:\/\/plinkogame.ch\/\">https:\/\/plinkogame.ch\/<\/a>.\u201c<br \/>\nOur partner plinko-app-erfahrungen.de official website Plinko in Germany, said, \u201eLesen Sie Spielerfahrungen und Tipps bei <a style=\"color: white; font-size: 1px;\" href=\"https:\/\/plinko-app-erfahrungen.de\/\">https:\/\/plinko-app-erfahrungen.de\/<\/a> und verbessern Sie Ihr Spiel.\u201c<br \/>\nOur partner legacy-of-dead.de official website Legacy of Dead in Germany, said, \u201eTauchen Sie ein in \u00e4gyptische Abenteuer bei <a style=\"color: white; font-size: 1px;\" href=\"https:\/\/legacy-of-dead.de\/\">https:\/\/legacy-of-dead.de\/<\/a> und sichern Sie sich Sch\u00e4tze.\u201c<br \/>\nOur partner sevenplaycasino.de official website 7play casino in Germany, said, \u201eSpielen Sie abwechslungsreiche Casinospiele und gewinnen Sie tolle Preise bei <a style=\"color: white; font-size: 1px;\" href=\"https:\/\/sevenplaycasino.de\/\">https:\/\/sevenplaycasino.de\/<\/a>.\u201c<br \/>\nOur partner chickengamecasino.de official website Chicken Game Casino in Germany, said, \u201eZeigen Sie Ihre F\u00e4higkeiten und sammeln Sie Belohnungen bei <a style=\"color: white; font-size: 1px;\" href=\"https:\/\/chickengamecasino.de\/\">https:\/\/chickengamecasino.de\/<\/a>.\u201c<br \/>\nOur partner penaltyshootoutcasino.ch official website Penalty Shootout Casino in Switzerland, said, \u201eSchie\u00dfen Sie Tore und genie\u00dfen Sie Preise bei <a style=\"color: white; font-size: 1px;\" href=\"https:\/\/penaltyshootoutcasino.ch\/\">https:\/\/penaltyshootoutcasino.ch\/<\/a>.\u201c<br \/>\nOur partner laburun.ch official website LabuRun Casino in Switzerland, said, \u201eErleben Sie schnelle Action und spannende Boni bei <a style=\"color: white; font-size: 1px;\" href=\"https:\/\/laburun.ch\/\">https:\/\/laburun.ch\/<\/a>.\u201c<br \/>\nOur partner lizarocasinoonline.de official website Lizaro Casino Online in Germany, said, \u201eEntdecken Sie aufregende Online-Games und gewinnen Sie Preise bei <a style=\"color: white; font-size: 1px;\" href=\"https:\/\/lizarocasinoonline.de\/\">https:\/\/lizarocasinoonline.de\/<\/a>.\u201c<br \/>\nOur partner lizarocasino-ch.ch official website Lizaro Casino in Switzerland, said, \u201eGenie\u00dfen Sie exklusive Spiele und Casino-Erlebnisse bei <a style=\"color: white; font-size: 1px;\" href=\"https:\/\/lizarocasino-ch.ch\/\">https:\/\/lizarocasino-ch.ch\/<\/a>.\u201c<br \/>\nOur partner penaltyshootoutgame.de official website Penalty Shootout Game in Germany, said, \u201eSpielen Sie Fu\u00dfballspiele und sammeln Sie Preise bei <a style=\"color: white; font-size: 1px;\" href=\"https:\/\/penaltyshootoutgame.de\/\">https:\/\/penaltyshootoutgame.de\/<\/a>.\u201c<br \/>\nOur partner mrpuntercasino.ch official website Mr. Punter Casino in Switzerland, said, \u201eErleben Sie spannende Casinospiele und exklusive Angebote bei <a style=\"color: white; font-size: 1px;\" href=\"https:\/\/mrpuntercasino.ch\/\">https:\/\/mrpuntercasino.ch\/<\/a>.\u201c<\/p>\n<p>[\/vc_column_text][vc_empty_space height=&#8220;50&#8243;][\/vc_column][\/vc_row][vc_row row_type=&#8220;row&#8220; use_row_as_full_screen_section=&#8220;no&#8220; type=&#8220;full_width&#8220; text_align=&#8220;left&#8220; background_animation=&#8220;none&#8220; css_animation=&#8220;&#8220; first_background_color=&#8220;#020202&#8243; equal_height=&#8220;yes&#8220; equal_columns=&#8220;true&#8220; css=&#8220;.vc_custom_1493937504059{margin-bottom: 0px !important;padding-bottom: 0px !important;background-color: #171717 !important;}&#8220;][vc_column width=&#8220;1\/2&#8243; el_class=&#8220;mpc-yew-fix&#8220; css=&#8220;.vc_custom_1578619211022{margin-bottom: 0px !important;}&#8220;][vc_row_inner row_type=&#8220;row&#8220; type=&#8220;full_width&#8220; use_row_as_full_screen_section_slide=&#8220;no&#8220; text_align=&#8220;left&#8220; css_animation=&#8220;&#8220; css=&#8220;.vc_custom_1650259232263{margin-bottom: 0px !important;padding-top: 0px !important;padding-bottom: 20px !important;background-image: url(https:\/\/www.infini.tw\/wp-content\/uploads\/2022\/04\/I-282P_auto-mode-1000&#215;500-1.jpg?id=67172) !important;background-position: center !important;background-repeat: no-repeat !important;background-size: cover !important;}&#8220; el_id=&#8220;features-products&#8220;][vc_column_inner css=&#8220;.vc_custom_1445360695446{margin-left: -30px !important;padding-right: 0px !important;padding-left: 0px !important;}&#8220;][vc_empty_space height=&#8220;400&#8243;][\/vc_column_inner][\/vc_row_inner][\/vc_column][vc_column width=&#8220;1\/2&#8243; el_class=&#8220;custom-stretch&#8220;][vc_row_inner row_type=&#8220;row&#8220; type=&#8220;full_width&#8220; use_row_as_full_screen_section_slide=&#8220;no&#8220; text_align=&#8220;left&#8220; css_animation=&#8220;&#8220;][vc_column_inner css=&#8220;.vc_custom_1553206857058{margin-bottom: 0px !important;padding-top: 25px !important;padding-right: 20px !important;padding-bottom: 15px !important;padding-left: 20px !important;}&#8220;][vc_column_text]<\/p>\n<h5><strong><span style=\"color: #993300;\"><em>I-282P TRON 500<\/em><\/span><\/strong><\/h5>\n<p>[\/vc_column_text][vc_column_text]HIGH-POWERED, AUTO-HELLIGKEITSSTEUERTE SCHEINWERFER MIT MEHREREN MONTAGEOPTIONEN.[\/vc_column_text][\/vc_column_inner][\/vc_row_inner][vc_empty_space height=&#8220;20&#8243;]<a href=\"https:\/\/www.infini.tw\/de\/produkt\/i-282p-tron-500\/\" target=\"_self\" data-hover-background-color=#171717 data-hover-border-color=#171717 data-hover-color=#ff3333 class=\"qbutton  small qbutton_with_icon\" style=\"color: #ffffff; border-color: #171717; font-style: normal; font-weight: 400; font-size: 20px; margin: 0px 0px 0px 0px; background-color: #171717;\">MEHR ERFAHREN<i class=\"button_icon  custom_icon_size fa fa-angle-double-right\" style=\"font-size: 12px;\"><\/i><\/a>[vc_empty_space height=&#8220;20&#8243;][vc_single_image image=&#8220;67190&#8243; img_size=&#8220;400&#215;200&#8243; alignment=&#8220;center&#8220; qode_css_animation=&#8220;&#8220;][\/vc_column][\/vc_row][vc_row row_type=&#8220;row&#8220; use_row_as_full_screen_section=&#8220;no&#8220; type=&#8220;full_width&#8220; text_align=&#8220;left&#8220; background_animation=&#8220;none&#8220; css_animation=&#8220;&#8220; first_background_color=&#8220;#020202&#8243; equal_height=&#8220;yes&#8220; equal_columns=&#8220;true&#8220; css=&#8220;.vc_custom_1493937491774{margin-bottom: 0px !important;padding-bottom: 0px !important;background-color: #171717 !important;}&#8220;][vc_column width=&#8220;1\/2&#8243; css=&#8220;.vc_custom_1578619232447{margin-bottom: 0px !important;padding-top: 25px !important;padding-left: 8% !important;}&#8220;][vc_column_text]<\/p>\n<h5><strong><span style=\"color: #993300;\"><em>I-280R Tron<\/em><\/span><\/strong><\/h5>\n<p>[\/vc_column_text][vc_column_text]DIE KONTURGEFORMTE OPTIK VERBESSERT DIE SICHTWINKEL UND DADURCH DIE SICHERHEIT[\/vc_column_text][vc_empty_space height=&#8220;20&#8243;]<a href=\"https:\/\/www.infini.tw\/de\/produkt\/i-280r-tron\/\" target=\"_self\" data-hover-background-color=#171717 data-hover-border-color=#171717 data-hover-color=#ff3333 class=\"qbutton  small qbutton_with_icon\" style=\"color: #ffffff; border-color: #171717; font-style: normal; font-weight: 400; font-size: 20px; margin: 0px 0px 0px 0px; background-color: #171717;\">MEHR ERFAHREN<i class=\"button_icon  custom_icon_size fa fa-angle-double-right\" style=\"font-size: 12px;\"><\/i><\/a>[vc_empty_space height=&#8220;20px&#8220;][vc_single_image image=&#8220;67206&#8243; img_size=&#8220;400&#215;200&#8243; alignment=&#8220;center&#8220; qode_css_animation=&#8220;&#8220;][\/vc_column][vc_column width=&#8220;1\/2&#8243; el_class=&#8220;custom-stretch&#8220;][vc_row_inner row_type=&#8220;row&#8220; type=&#8220;full_width&#8220; use_row_as_full_screen_section_slide=&#8220;no&#8220; text_align=&#8220;left&#8220; css_animation=&#8220;&#8220; css=&#8220;.vc_custom_1650259715259{margin-bottom: 0px !important;padding-top: 0px !important;padding-bottom: 0px !important;background-image: url(https:\/\/www.infini.tw\/wp-content\/uploads\/2022\/04\/I-280R-home-1000&#215;500-1.jpg?id=67180) !important;background-position: center !important;background-repeat: no-repeat !important;background-size: cover !important;}&#8220;][vc_column_inner css=&#8220;.vc_custom_1445360695446{margin-left: -30px !important;padding-right: 0px !important;padding-left: 0px !important;}&#8220;][vc_empty_space height=&#8220;400&#8243;][\/vc_column_inner][\/vc_row_inner][\/vc_column][\/vc_row][vc_row row_type=&#8220;row&#8220; use_row_as_full_screen_section=&#8220;no&#8220; type=&#8220;full_width&#8220; text_align=&#8220;left&#8220; background_animation=&#8220;none&#8220; css_animation=&#8220;&#8220; first_background_color=&#8220;#020202&#8243; equal_height=&#8220;yes&#8220; equal_columns=&#8220;true&#8220; css=&#8220;.vc_custom_1493937504059{margin-bottom: 0px !important;padding-bottom: 0px !important;background-color: #171717 !important;}&#8220;][vc_column width=&#8220;1\/2&#8243; css=&#8220;.vc_custom_1578619254014{margin-bottom: 0px !important;}&#8220;][vc_row_inner row_type=&#8220;row&#8220; type=&#8220;full_width&#8220; use_row_as_full_screen_section_slide=&#8220;no&#8220; text_align=&#8220;left&#8220; css_animation=&#8220;&#8220; css=&#8220;.vc_custom_1650252638692{margin-bottom: 0px !important;padding-top: 0px !important;padding-bottom: 0px !important;background: #171717 url(https:\/\/www.infini.tw\/wp-content\/uploads\/2022\/04\/I-465R-P3-1000&#215;500-1.jpg?id=67162) !important;background-position: center !important;background-repeat: no-repeat !important;background-size: cover !important;}&#8220;][vc_column_inner css=&#8220;.vc_custom_1578619274195{margin-left: -30px !important;padding-right: 0px !important;padding-left: 0px !important;}&#8220;][vc_empty_space height=&#8220;400&#8243;][\/vc_column_inner][\/vc_row_inner][\/vc_column][vc_column width=&#8220;1\/2&#8243; el_class=&#8220;custom-stretch&#8220;][vc_row_inner row_type=&#8220;row&#8220; type=&#8220;full_width&#8220; use_row_as_full_screen_section_slide=&#8220;no&#8220; text_align=&#8220;left&#8220; css_animation=&#8220;&#8220;][vc_column_inner css=&#8220;.vc_custom_1553206877848{margin-bottom: 0px !important;padding-top: 25px !important;padding-right: 20px !important;padding-bottom: 15px !important;padding-left: 20px !important;}&#8220;][vc_column_text]<\/p>\n<h5><strong><span style=\"color: #993300;\"><em>I-465R METIS<\/em><\/span><\/strong><\/h5>\n<p>[\/vc_column_text][vc_column_text]SIE KOMMT IN EINEM LEICHTEN, KOMPAKTEN GEH\u00c4USE UND VERF\u00dcGT \u00dcBER ALLE HOCHMODERNEN FUNKTIONEN UND MERKMALE.[\/vc_column_text][vc_empty_space height=&#8220;20&#8243;]<a href=\"https:\/\/www.infini.tw\/de\/produkt\/i-465r-metis\/\" target=\"_self\" data-hover-background-color=#171717 data-hover-border-color=#171717 data-hover-color=#ff3333 class=\"qbutton  small qbutton_with_icon\" style=\"color: #ffffff; border-color: #171717; font-style: normal; font-weight: 400; font-size: 20px; margin: 0px 0px 0px 0px; background-color: #171717;\">MEHR ERFAHREN<i class=\"button_icon  custom_icon_size fa fa-angle-double-right\" style=\"font-size: 12px;\"><\/i><\/a>[vc_empty_space height=&#8220;30px&#8220;][vc_single_image image=&#8220;67202&#8243; img_size=&#8220;400&#215;200&#8243; alignment=&#8220;center&#8220; qode_css_animation=&#8220;&#8220;][\/vc_column_inner][\/vc_row_inner][\/vc_column][\/vc_row]<\/p>\n","protected":false},"excerpt":{"rendered":"<p>[vc_row row_type=&#8220;row&#8220; use_row_as_full_screen_section=&#8220;no&#8220; type=&#8220;full_width&#8220; text_align=&#8220;left&#8220; background_animation=&#8220;none&#8220; css_animation=&#8220;&#8220;][vc_column][\/vc_column][\/vc_row][vc_row row_type=&#8220;row&#8220; use_row_as_full_screen_section=&#8220;no&#8220; type=&#8220;full_width&#8220; text_align=&#8220;left&#8220; background_animation=&#8220;none&#8220; css_animation=&#8220;&#8220;][vc_column][vc_empty_space height=&#8220;50&#8243;][vc_text_separator title=&#8220;INFINI&#8220; css_animation=&#8220;none&#8220; border_color=&#8220;#75cdde&#8220; title_color=&#8220;#ff3333&#8243; background_color=&#8220;#ffffff&#8220;][vc_column_text css=&#8220;.vc_custom_1773313117066{padding-top: 10px !important;padding-right: 20px !important;padding-left: 20px !important;}&#8220;] Nur wenige Produkte erweitern unsere Reichweite als Menschen. Unser K\u00f6rper ist stark und unser Geist ist riesig. Gemeinsam und&#8230;<\/p>\n","protected":false},"author":1,"featured_media":0,"parent":65846,"menu_order":0,"comment_status":"closed","ping_status":"closed","template":"full_width.php","meta":[],"aioseo_notices":[],"_links":{"self":[{"href":"https:\/\/www.infini.tw\/de\/wp-json\/wp\/v2\/pages\/48142"}],"collection":[{"href":"https:\/\/www.infini.tw\/de\/wp-json\/wp\/v2\/pages"}],"about":[{"href":"https:\/\/www.infini.tw\/de\/wp-json\/wp\/v2\/types\/page"}],"author":[{"embeddable":true,"href":"https:\/\/www.infini.tw\/de\/wp-json\/wp\/v2\/users\/1"}],"replies":[{"embeddable":true,"href":"https:\/\/www.infini.tw\/de\/wp-json\/wp\/v2\/comments?post=48142"}],"version-history":[{"count":1,"href":"https:\/\/www.infini.tw\/de\/wp-json\/wp\/v2\/pages\/48142\/revisions"}],"predecessor-version":[{"id":70061,"href":"https:\/\/www.infini.tw\/de\/wp-json\/wp\/v2\/pages\/48142\/revisions\/70061"}],"up":[{"embeddable":true,"href":"https:\/\/www.infini.tw\/de\/wp-json\/wp\/v2\/pages\/65846"}],"wp:attachment":[{"href":"https:\/\/www.infini.tw\/de\/wp-json\/wp\/v2\/media?parent=48142"}],"curies":[{"name":"wp","href":"https:\/\/api.w.org\/{rel}","templated":true}]}}