{"id":48122,"date":"2016-11-09T18:36:59","date_gmt":"2016-11-09T10:36:59","guid":{"rendered":"http:\/\/www.infini.tw\/support\/"},"modified":"2020-06-10T16:05:12","modified_gmt":"2020-06-10T08:05:12","slug":"support","status":"publish","type":"page","link":"https:\/\/www.infini.tw\/de\/support\/","title":{"rendered":"Unterst\u00fctzung"},"content":{"rendered":"<p>[vc_row row_type=&#8220;row&#8220; use_row_as_full_screen_section=&#8220;no&#8220; type=&#8220;full_width&#8220; text_align=&#8220;left&#8220; background_animation=&#8220;none&#8220; css_animation=&#8220;&#8220;][vc_column][rev_slider_vc alias=&#8220;support-header&#8220;][\/vc_column][\/vc_row][vc_row row_type=&#8220;row&#8220; use_row_as_full_screen_section=&#8220;no&#8220; type=&#8220;grid&#8220; text_align=&#8220;left&#8220; background_animation=&#8220;none&#8220; css_animation=&#8220;&#8220; css=&#8220;.vc_custom_1501638158768{padding-top: 50px !important;padding-bottom: 50px !important;}&#8220;][vc_column][vc_text_separator title=&#8220;H\u00c4UFIG GESTELLTE FRAGEN&#8220; border_color=&#8220;#75cdde&#8220; background_color=&#8220;#ffffff&#8220; title_color=&#8220;#ff3333&#8243;][\/vc_column][\/vc_row][vc_row row_type=&#8220;row&#8220; use_row_as_full_screen_section=&#8220;no&#8220; type=&#8220;grid&#8220; text_align=&#8220;left&#8220; background_animation=&#8220;none&#8220; css_animation=&#8220;&#8220; css=&#8220;.vc_custom_1501638164326{margin-right: 50px !important;}&#8220;][vc_column width=&#8220;1\/3&#8243;]<span class=\"fa-stack q_icon_shortcode circle q_font_awsome_icon_holder q_font_awsome_icon_circle fa-3x pull-center q_icon_animation\" style=\"color: #ff3333;background-color: #ffffff;border-color: #ff3333; \"data-hover-background-color=#75cdde data-hover-border-color=#75cdde data-hover-color=#ffffff ><i class=\"fa fa-map-o\"><\/i><\/span>[vc_empty_space height=&#8220;25&#8243;][vc_column_text]<\/p>\n<h3 style=\"text-align: center;\">WO KANN ICH DIE PRODUKTE VON INFINI KAUFEN?<\/h3>\n<p>&nbsp;<\/p>\n<p style=\"text-align: center;\">Die INFINIs Produkte werden nicht direkt an die Individuen verkaufen, aber sie sind in vielen Fahrrad- und Outdoorgesch\u00e4ften erh\u00e4ltlich. Wenden Sie sich bitte an einen H\u00e4ndler in Ihrer N\u00e4he, oder besuchen Sie unsere Website.<\/p>\n<p>[\/vc_column_text][\/vc_column][vc_column width=&#8220;1\/3&#8243;]<span class=\"fa-stack q_icon_shortcode circle q_font_awsome_icon_holder q_font_awsome_icon_circle fa-3x pull-center q_icon_animation\" style=\"color: #ff3333;background-color: #ffffff;border-color: #ff3333; \"data-hover-background-color=#75cdde data-hover-border-color=#75cdde data-hover-color=#ffffff ><i class=\"fa fa-shopping-cart\"><\/i><\/span>[vc_empty_space height=&#8220;25&#8243;][vc_column_text]<\/p>\n<h3 style=\"text-align: center;\">WIE KANN ICH EIN ERSATZTEIL ODER ZUBEH\u00d6R KAUFEN?<\/h3>\n<p>&nbsp;<\/p>\n<p style=\"text-align: center;\">Eine Ersatzteilliste finden Sie in unsere Website. F\u00fcr mehr Informationen oder bei Fragen kontakten Sie bitte unsere H\u00e4ndler in Ihrer N\u00e4he.<\/p>\n<p>[\/vc_column_text][\/vc_column][vc_column width=&#8220;1\/3&#8243;]<span class=\"fa-stack q_icon_shortcode circle q_font_awsome_icon_holder q_font_awsome_icon_circle fa-3x pull-center q_icon_animation\" style=\"color: #ff3333;background-color: #ffffff;border-color: #ff3333; \"data-hover-background-color=#75cdde data-hover-border-color=#75cdde data-hover-color=#ffffff ><i class=\"fa fa-globe\"><\/i><\/span>[vc_empty_space height=&#8220;25&#8243;][vc_column_text]<\/p>\n<h3 style=\"text-align: center;\">AN WEN SOLL ICH MEIN GER\u00c4T ZUR\u00dcCKSCHICKEN, DAS NOCH UNTER GARANTIE IST.?<\/h3>\n<p>&nbsp;<\/p>\n<p style=\"text-align: center;\">Die INFINIs Produkte werden nicht direkt an die Individuen verkaufen, wenden Sie sich bitte an das Gesch\u00e4ft, in dem Sie das Produkt gekauft haben, um mehrere Information zu bekommen.<\/p>\n<p>[\/vc_column_text][\/vc_column][\/vc_row][vc_row row_type=&#8220;row&#8220; use_row_as_full_screen_section=&#8220;no&#8220; type=&#8220;grid&#8220; text_align=&#8220;left&#8220; background_animation=&#8220;none&#8220; css_animation=&#8220;&#8220; css=&#8220;.vc_custom_1553287866620{padding-top: 50px !important;padding-bottom: 20px !important;}&#8220;][vc_column][vc_text_separator title=&#8220;KENNTNIS&#8220; border_color=&#8220;#75cdde&#8220; background_color=&#8220;#ffffff&#8220; title_color=&#8220;#ff3333&#8243;][\/vc_column][\/vc_row][vc_row row_type=&#8220;row&#8220; use_row_as_full_screen_section=&#8220;no&#8220; type=&#8220;grid&#8220; text_align=&#8220;left&#8220; background_animation=&#8220;none&#8220; css_animation=&#8220;&#8220; css=&#8220;.vc_custom_1501638177341{margin-right: 25px !important;}&#8220;][vc_column width=&#8220;1\/2&#8243;]<span class=\"fa-stack q_icon_shortcode circle q_font_awsome_icon_holder q_font_awsome_icon_circle fa-3x pull-center q_icon_animation\" style=\"color: #ff3333;background-color: #ffffff;border-color: #ff3333; \"data-hover-background-color=#75cdde data-hover-border-color=#75cdde data-hover-color=#ffffff ><i class=\"fa fa-lightbulb-o\"><\/i><\/span>[vc_column_text css=&#8220;.vc_custom_1553797468024{padding-top: 25px !important;padding-bottom: 25px !important;}&#8220;]<\/p>\n<h3 style=\"text-align: center;\">LICHTST\u00c4RKENMESSUNG<\/h3>\n<p>[\/vc_column_text]<div class='q_list circle normal animate_list'><\/p>\n<ul>\n<li>Lumen ist die Einheit des Lichtstroms. Als photometrische Einheit ber\u00fccksichtigt das Lumen die Empfindlichkeit des menschlichen Auges: Zwei baugleiche Lichtquellen werden als gleich hell wahrgenommen, wenn sie den gleichen Lichtstrom aussenden \u2013 unabh\u00e4ngig von ihrer Farbe.<\/li>\n<li>Lux ist die Einheit der Beleuchtungsst\u00e4rke und der ihr entsprechenden Emittergr\u00f6\u00dfe, der spezifischen Lichtausstrahlung. Ihr Einheitenzeichen ist: lx = lm \/ m\u00b2.<\/li>\n<li>Lichtst\u00e4rke ist die Strahlungsleistung einer Lichtquelle pro Raumwinkel. Sie ist die photometrische Entsprechung der Strahlungsintensit\u00e4t. Misst man die Lichtst\u00e4rke in Candela \u00fcber den gesamten Raumwinkel in Steradiant, erh\u00e4lt man den Lichtstrom in Lumen.<\/li>\n<\/ul>\n<p><\/div>[\/vc_column][vc_column width=&#8220;1\/2&#8243;]<span class=\"fa-stack q_icon_shortcode circle q_font_awsome_icon_holder q_font_awsome_icon_circle fa-3x pull-center q_icon_animation\" style=\"color: #ff3333;background-color: #ffffff;border-color: #ff3333; \"data-hover-background-color=#75cdde data-hover-border-color=#75cdde data-hover-color=#ffffff ><i class=\"fa fa-bullseye\"><\/i><\/span>[vc_column_text css=&#8220;.vc_custom_1553288393925{padding-top: 25px !important;padding-bottom: 25px !important;}&#8220;]<\/p>\n<h3 style=\"text-align: center;\">LENS<\/h3>\n<p>[\/vc_column_text]<div class='q_list circle normal animate_list'><\/p>\n<ul>\n<li>Die zwei wichtigsten Leistungsparameter des Leuchte sind die Fernlichtregulierung und der Ausstrahlwinkel, vor allem hat eine wesentliche Funktion f\u00fcr Optik-Design als Lampentypen.<\/li>\n<li>TIR-Optik Design Die TIR-Optik (Total Internal Reflection) ist die am h\u00e4ufigsten verwendete Sekund\u00e4roptik f\u00fcr High-Power-LEDs. Diese Mischoptik verwendet eine Kombination aus einer zentralen Linse und einem totalreflektierenden Spiegel, um das Licht der Quelle zu kollimieren. Das bedeutet, anstatt weggehend optisch dichte Materialien und Reflektieren, ist einfallendes Licht innerhalb der Material direkt zu reflektiert und das reflektierte Licht zu streut. Dabei bleiben die lichttechnischen Eigenschaften nahezu erhalten, dass mit TIR-Optik die Beleuchtungs-Muster z\u00fcgig angepasst werden kann.<\/li>\n<li>Optisches Design des Reflektors Dank der Lichtausbeute des Reflektors kann eine l\u00e4ngere Entfernung erreichen und fokussieren. Die Tiefe des Reflektors generell muss tief genug um die direkte Lichtausbeute zu fangen. Besser w\u00e4re es im gew\u00fcnschten Strahlungswinkel zu halten und zu steuern. Die Mittelachse des Lichts muss genau auf dem Mittelschnitt gemessen werden. Der Lichtreflektor kann aber den Bed\u00fcrfnissen der jeweilig angepasst werden.<\/li>\n<\/ul>\n<p><\/div>[\/vc_column][\/vc_row][vc_row row_type=&#8220;row&#8220; use_row_as_full_screen_section=&#8220;no&#8220; type=&#8220;full_width&#8220; text_align=&#8220;left&#8220; background_animation=&#8220;none&#8220; css_animation=&#8220;&#8220;][vc_column][vc_empty_space height=&#8220;50px&#8220;][\/vc_column][\/vc_row]<\/p>\n","protected":false},"excerpt":{"rendered":"<p>[vc_row row_type=&#8220;row&#8220; use_row_as_full_screen_section=&#8220;no&#8220; type=&#8220;full_width&#8220; text_align=&#8220;left&#8220; background_animation=&#8220;none&#8220; css_animation=&#8220;&#8220;][vc_column][rev_slider_vc alias=&#8220;support-header&#8220;][\/vc_column][\/vc_row][vc_row row_type=&#8220;row&#8220; use_row_as_full_screen_section=&#8220;no&#8220; type=&#8220;grid&#8220; text_align=&#8220;left&#8220; background_animation=&#8220;none&#8220; css_animation=&#8220;&#8220; css=&#8220;.vc_custom_1501638158768{padding-top: 50px !important;padding-bottom: 50px !important;}&#8220;][vc_column][vc_text_separator title=&#8220;H\u00c4UFIG GESTELLTE FRAGEN&#8220; border_color=&#8220;#75cdde&#8220; background_color=&#8220;#ffffff&#8220; title_color=&#8220;#ff3333&#8243;][\/vc_column][\/vc_row][vc_row row_type=&#8220;row&#8220; use_row_as_full_screen_section=&#8220;no&#8220; type=&#8220;grid&#8220; text_align=&#8220;left&#8220; background_animation=&#8220;none&#8220; css_animation=&#8220;&#8220; css=&#8220;.vc_custom_1501638164326{margin-right: 50px !important;}&#8220;][vc_column width=&#8220;1\/3&#8243;][vc_empty_space height=&#8220;25&#8243;][vc_column_text] WO KANN ICH DIE PRODUKTE VON INFINI KAUFEN? &nbsp;&#8230;<\/p>\n","protected":false},"author":1,"featured_media":0,"parent":0,"menu_order":0,"comment_status":"closed","ping_status":"closed","template":"full_width.php","meta":[],"aioseo_notices":[],"_links":{"self":[{"href":"https:\/\/www.infini.tw\/de\/wp-json\/wp\/v2\/pages\/48122"}],"collection":[{"href":"https:\/\/www.infini.tw\/de\/wp-json\/wp\/v2\/pages"}],"about":[{"href":"https:\/\/www.infini.tw\/de\/wp-json\/wp\/v2\/types\/page"}],"author":[{"embeddable":true,"href":"https:\/\/www.infini.tw\/de\/wp-json\/wp\/v2\/users\/1"}],"replies":[{"embeddable":true,"href":"https:\/\/www.infini.tw\/de\/wp-json\/wp\/v2\/comments?post=48122"}],"version-history":[{"count":0,"href":"https:\/\/www.infini.tw\/de\/wp-json\/wp\/v2\/pages\/48122\/revisions"}],"wp:attachment":[{"href":"https:\/\/www.infini.tw\/de\/wp-json\/wp\/v2\/media?parent=48122"}],"curies":[{"name":"wp","href":"https:\/\/api.w.org\/{rel}","templated":true}]}}