{"id":48102,"date":"2016-12-23T15:31:24","date_gmt":"2016-12-23T23:31:24","guid":{"rendered":"http:\/\/www.infini.tw\/warranty\/"},"modified":"2020-03-23T11:58:10","modified_gmt":"2020-03-23T03:58:10","slug":"warranty","status":"publish","type":"page","link":"https:\/\/www.infini.tw\/de\/warranty\/","title":{"rendered":"Garantie"},"content":{"rendered":"<p>[vc_row row_type=&#8220;row&#8220; use_row_as_full_screen_section=&#8220;no&#8220; type=&#8220;full_width&#8220; text_align=&#8220;left&#8220; background_animation=&#8220;none&#8220; css_animation=&#8220;&#8220;][vc_column][rev_slider_vc alias=&#8220;warranty-header&#8220;][vc_empty_space height=&#8220;50&#8243;][\/vc_column][\/vc_row][vc_row row_type=&#8220;row&#8220; use_row_as_full_screen_section=&#8220;no&#8220; type=&#8220;grid&#8220; text_align=&#8220;left&#8220; background_animation=&#8220;none&#8220; css_animation=&#8220;&#8220;][vc_column][vc_column_text css=&#8220;.vc_custom_1553712293529{padding-bottom: 50px !important;}&#8220;]INFINI bietet eine eingeschr\u00e4nkte Garantie von 2 Jahren ab dem urspr\u00fcnglichen Kaufdatum. Es wird gew\u00e4hrleistet, dass die Produkte bei normaler Verwendung keine Herstellungsfehler in den Materialien und der Ausf\u00fchrung aufweisen. \u00a0Batterien sind mit einer Garantie von 90 Tagen abgedeckt (gilt nur f\u00fcr wiederaufladbare Lichter). Um einen Garantieservice zu erhalten, m\u00fcssen die Produkte zusammen mit dem von einem autorisierten Einzelh\u00e4ndler ausgestellten Kaufnachweis uns zur\u00fcckgegeben werden.[\/vc_column_text][vc_text_separator title=&#8220;INFINIS EINFACHE GARANTIE IN 4 SCHRITTEN&#8220; border_color=&#8220;#75cdde&#8220; background_color=&#8220;#ffffff&#8220; title_color=&#8220;#ff3333&#8243;][\/vc_column][\/vc_row][vc_row row_type=&#8220;row&#8220; use_row_as_full_screen_section=&#8220;no&#8220; type=&#8220;grid&#8220; text_align=&#8220;left&#8220; background_animation=&#8220;none&#8220; css_animation=&#8220;&#8220; css=&#8220;.vc_custom_1553712938325{padding-top: 50px !important;padding-bottom: 50px !important;}&#8220;][vc_column width=&#8220;1\/4&#8243;][vc_column_text]<\/p>\n<h3>SCHRITT 1<\/h3>\n<p>IHREN KAUFNACHWEIS LOKALISIEREN.<\/p>\n<p>[\/vc_column_text][\/vc_column][vc_column width=&#8220;1\/4&#8243;][vc_column_text]<\/p>\n<h3>SCHRITT 2<\/h3>\n<p>PRODUKT DER VERKAUFSSTELLE ZUR\u00dcCKGEBEN.<\/p>\n<p>[\/vc_column_text][\/vc_column][vc_column width=&#8220;1\/4&#8243;][vc_column_text]<\/p>\n<h3>SCHRITT 3<\/h3>\n<p>FEHLERERMITTLUNG (DIES KANN 2-3 WOCHEN DAUERN)<br \/>\n[\/vc_column_text][\/vc_column][vc_column width=&#8220;1\/4&#8243;][vc_column_text]<\/p>\n<h3>SCHRITT 4<\/h3>\n<p>REPARIERTES ODER ERSATZPRODUKT IN EMPFANG NEHMEN.[\/vc_column_text][\/vc_column][\/vc_row][vc_row row_type=&#8220;row&#8220; use_row_as_full_screen_section=&#8220;no&#8220; type=&#8220;grid&#8220; text_align=&#8220;left&#8220; background_animation=&#8220;none&#8220; css_animation=&#8220;&#8220;][vc_column][vc_text_separator title=&#8220;H\u00c4UFIG GESTELLTE FRAGEN&#8220; border_color=&#8220;#75cdde&#8220; background_color=&#8220;#ffffff&#8220; title_color=&#8220;#ff3333&#8243;][\/vc_column][\/vc_row][vc_row row_type=&#8220;row&#8220; use_row_as_full_screen_section=&#8220;no&#8220; type=&#8220;grid&#8220; text_align=&#8220;left&#8220; background_animation=&#8220;none&#8220; css_animation=&#8220;&#8220; css=&#8220;.vc_custom_1553712957541{padding-right: 16% !important;padding-left: 16% !important;}&#8220;][vc_column][vc_column_text css=&#8220;.vc_custom_1584935878007{padding-top: 50px !important;}&#8220;]<\/p>\n<h3>F: Gibt es eine Garantie auf mein INFINI-Produkt?<\/h3>\n<p>A: Alle INFINI-Produkte sind mit einer 2-j\u00e4hrigen Garantie ab dem Kaufdatum abgesichert.<\/p>\n<p>&nbsp;<\/p>\n<h3>F: Wie kann ich einen Garantieanspruch auf mein INFINI-Produkt erheben?<\/h3>\n<p>A: Wenn Sie Ihr Produkt bei einem unserer autorisierten Vertriebspartner gekauft haben, gehen Sie in das betreffende Gesch\u00e4ft, wo man Ihnen mit Ihrem Produkt helfen wird.<\/p>\n<p>&nbsp;<\/p>\n<h3>F: Was deckt die INFINI-Garantie ab?<\/h3>\n<p>A: ABGEDECKT: Fehlerhafte Hardware, Softwarefehler &amp; Fabrikationsfehler.<br \/>\nA: NICHT ABGEDECKT: Verschlei\u00df, Geschenke, Fahrl\u00e4ssigkeit seitens des Kunden, wie z. B. Ihr Licht einem Freund borgen, der es nicht zur\u00fcckgibt.<\/p>\n<p>&nbsp;<\/p>\n<h3>F: Was kann ich tun, wenn ich meinen Kaufnachweis nicht mehr finde?<\/h3>\n<p>A: Wenn Sie Ihr Produkt bei einem unserer autorisierten Vertriebspartner gekauft haben, gehen Sie in das betreffende Gesch\u00e4ft, wo man Ihnen mit Ihrem Produkt helfen wird.[\/vc_column_text][vc_empty_space height=&#8220;50&#8243;][\/vc_column][\/vc_row]<\/p>\n","protected":false},"excerpt":{"rendered":"<p>[vc_row row_type=&#8220;row&#8220; use_row_as_full_screen_section=&#8220;no&#8220; type=&#8220;full_width&#8220; text_align=&#8220;left&#8220; background_animation=&#8220;none&#8220; css_animation=&#8220;&#8220;][vc_column][rev_slider_vc alias=&#8220;warranty-header&#8220;][vc_empty_space height=&#8220;50&#8243;][\/vc_column][\/vc_row][vc_row row_type=&#8220;row&#8220; use_row_as_full_screen_section=&#8220;no&#8220; type=&#8220;grid&#8220; text_align=&#8220;left&#8220; background_animation=&#8220;none&#8220; css_animation=&#8220;&#8220;][vc_column][vc_column_text css=&#8220;.vc_custom_1553712293529{padding-bottom: 50px !important;}&#8220;]INFINI bietet eine eingeschr\u00e4nkte Garantie von 2 Jahren ab dem urspr\u00fcnglichen Kaufdatum. Es wird gew\u00e4hrleistet, dass die Produkte bei normaler Verwendung keine Herstellungsfehler in den Materialien und der&#8230;<\/p>\n","protected":false},"author":1,"featured_media":0,"parent":0,"menu_order":0,"comment_status":"closed","ping_status":"closed","template":"full_width.php","meta":[],"aioseo_notices":[],"_links":{"self":[{"href":"https:\/\/www.infini.tw\/de\/wp-json\/wp\/v2\/pages\/48102"}],"collection":[{"href":"https:\/\/www.infini.tw\/de\/wp-json\/wp\/v2\/pages"}],"about":[{"href":"https:\/\/www.infini.tw\/de\/wp-json\/wp\/v2\/types\/page"}],"author":[{"embeddable":true,"href":"https:\/\/www.infini.tw\/de\/wp-json\/wp\/v2\/users\/1"}],"replies":[{"embeddable":true,"href":"https:\/\/www.infini.tw\/de\/wp-json\/wp\/v2\/comments?post=48102"}],"version-history":[{"count":0,"href":"https:\/\/www.infini.tw\/de\/wp-json\/wp\/v2\/pages\/48102\/revisions"}],"wp:attachment":[{"href":"https:\/\/www.infini.tw\/de\/wp-json\/wp\/v2\/media?parent=48102"}],"curies":[{"name":"wp","href":"https:\/\/api.w.org\/{rel}","templated":true}]}}