{"id":48087,"date":"2017-01-20T11:30:37","date_gmt":"2017-01-20T19:30:37","guid":{"rendered":"http:\/\/www.infini.tw\/cycling\/"},"modified":"2021-09-23T11:15:42","modified_gmt":"2021-09-23T03:15:42","slug":"produkt","status":"publish","type":"page","link":"https:\/\/www.infini.tw\/de\/produkt\/","title":{"rendered":"PRODUKT"},"content":{"rendered":"<p>[vc_row row_type=&#8220;row&#8220; use_row_as_full_screen_section=&#8220;no&#8220; type=&#8220;full_width&#8220; text_align=&#8220;left&#8220; background_animation=&#8220;none&#8220; css_animation=&#8220;&#8220;][vc_column][rev_slider_vc alias=&#8220;products-header-1&#8243;][vc_empty_space height=&#8220;50&#8243;][\/vc_column][\/vc_row][vc_row row_type=&#8220;row&#8220; use_row_as_full_screen_section=&#8220;no&#8220; type=&#8220;grid&#8220; text_align=&#8220;left&#8220; background_animation=&#8220;none&#8220; css_animation=&#8220;&#8220;][vc_column][vc_text_separator title=&#8220;FAHRRADLEUCHTEN&#8220; border_color=&#8220;#75cdde&#8220; background_color=&#8220;#ffffff&#8220; title_color=&#8220;#ff3333&#8243;][vc_empty_space height=&#8220;10&#8243;][vc_column_text]\r\n\t\t<div class=\"pcdfwoo_woocommerce \">\r\n\t\t\t<div class=\"pcdfwoo-product-cat pcdfwoo-clearfix design-1\">\r\n\t\t\t\t\t\t\t\t\t<div class=\"pcdfwoo-medium-4 pcdfwoo-columns\">\r\n\t\t\t\t\t\t<div class=\"pcdfwoo-product-cat_inner\" style='height:300px;'>\r\n\t\t\t\t\t\t\t<a href=\"https:\/\/www.infini.tw\/de\/produkt-kategorie\/ebike-leuchte-de\/\">\r\n\t\t\t\t\t\t\t\t\t\t\t\t\t\t\t\t\t<img  src=\"https:\/\/www.infini.tw\/wp-content\/uploads\/2021\/04\/ebike-700x600-1-300x300.jpg\"  alt=\"E-Bike-Leuchte\" \/>\r\n\t\t\t\t\t\t\t\t\t\t\t\t\t\t\t\t<div class=\"pcdfwoo_title\">E-Bike-Leuchte <span class=\"pcdfwoo_count\">9<\/span><\/div>\r\n\t\t\t\t\t\t\t<\/a>\r\n\t\t\t\t\t\t<\/div>\r\n\t\t\t\t\t<\/div>\r\n\t\t\t\t\t\t\t\t\t<div class=\"pcdfwoo-medium-4 pcdfwoo-columns\">\r\n\t\t\t\t\t\t<div class=\"pcdfwoo-product-cat_inner\" style='height:300px;'>\r\n\t\t\t\t\t\t\t<a href=\"https:\/\/www.infini.tw\/de\/produkt-kategorie\/front-lights-de\/\">\r\n\t\t\t\t\t\t\t\t\t\t\t\t\t\t\t\t\t<img  src=\"https:\/\/www.infini.tw\/wp-content\/uploads\/2020\/04\/front-light-800x600-1-300x300.jpg\"  alt=\"Frontlichter\" \/>\r\n\t\t\t\t\t\t\t\t\t\t\t\t\t\t\t\t<div class=\"pcdfwoo_title\">Frontlichter <span class=\"pcdfwoo_count\">14<\/span><\/div>\r\n\t\t\t\t\t\t\t<\/a>\r\n\t\t\t\t\t\t<\/div>\r\n\t\t\t\t\t<\/div>\r\n\t\t\t\t\t\t\t\t\t<div class=\"pcdfwoo-medium-4 pcdfwoo-columns\">\r\n\t\t\t\t\t\t<div class=\"pcdfwoo-product-cat_inner\" style='height:300px;'>\r\n\t\t\t\t\t\t\t<a href=\"https:\/\/www.infini.tw\/de\/produkt-kategorie\/carrier-lights-de\/\">\r\n\t\t\t\t\t\t\t\t\t\t\t\t\t\t\t\t\t<img  src=\"https:\/\/www.infini.tw\/wp-content\/uploads\/2020\/04\/carrier-light-700x600-1-300x300.jpg\"  alt=\"Gep\u00e4cktr\u00e4ger- R\u00fccklicht\" \/>\r\n\t\t\t\t\t\t\t\t\t\t\t\t\t\t\t\t<div class=\"pcdfwoo_title\">Gep\u00e4cktr\u00e4ger- R\u00fccklicht <span class=\"pcdfwoo_count\">4<\/span><\/div>\r\n\t\t\t\t\t\t\t<\/a>\r\n\t\t\t\t\t\t<\/div>\r\n\t\t\t\t\t<\/div>\r\n\t\t\t\t\t\t\t\t\t<div class=\"pcdfwoo-medium-4 pcdfwoo-columns\">\r\n\t\t\t\t\t\t<div class=\"pcdfwoo-product-cat_inner\" style='height:300px;'>\r\n\t\t\t\t\t\t\t<a href=\"https:\/\/www.infini.tw\/de\/produkt-kategorie\/rear-lights-de\/\">\r\n\t\t\t\t\t\t\t\t\t\t\t\t\t\t\t\t\t<img  src=\"https:\/\/www.infini.tw\/wp-content\/uploads\/2020\/04\/rear-light-500x500-1-300x300.jpg\"  alt=\"R\u00fccklicht\" \/>\r\n\t\t\t\t\t\t\t\t\t\t\t\t\t\t\t\t<div class=\"pcdfwoo_title\">R\u00fccklicht <span class=\"pcdfwoo_count\">20<\/span><\/div>\r\n\t\t\t\t\t\t\t<\/a>\r\n\t\t\t\t\t\t<\/div>\r\n\t\t\t\t\t<\/div>\r\n\t\t\t\t\t\t\t\t\t<div class=\"pcdfwoo-medium-4 pcdfwoo-columns\">\r\n\t\t\t\t\t\t<div class=\"pcdfwoo-product-cat_inner\" style='height:300px;'>\r\n\t\t\t\t\t\t\t<a href=\"https:\/\/www.infini.tw\/de\/produkt-kategorie\/headlights-de\/\">\r\n\t\t\t\t\t\t\t\t\t\t\t\t\t\t\t\t\t<img  src=\"https:\/\/www.infini.tw\/wp-content\/uploads\/2020\/04\/headlight-700x600-1-300x300.jpg\"  alt=\"Scheinwerfer\" \/>\r\n\t\t\t\t\t\t\t\t\t\t\t\t\t\t\t\t<div class=\"pcdfwoo_title\">Scheinwerfer <span class=\"pcdfwoo_count\">14<\/span><\/div>\r\n\t\t\t\t\t\t\t<\/a>\r\n\t\t\t\t\t\t<\/div>\r\n\t\t\t\t\t<\/div>\r\n\t\t\t\t\t\t\t<\/div>\r\n\t\t<\/div>\r\n\t[\/vc_column_text][vc_empty_space height=&#8220;35&#8243;][vc_text_separator title=&#8220;OUTDOOR&#8220; border_color=&#8220;#75cdde&#8220; background_color=&#8220;#ffffff&#8220; title_color=&#8220;#ff3333&#8243;][vc_empty_space height=&#8220;10&#8243;][vc_column_text]\r\n\t\t<div class=\"pcdfwoo_woocommerce \">\r\n\t\t\t<div class=\"pcdfwoo-product-cat pcdfwoo-clearfix design-1\">\r\n\t\t\t\t\t\t\t\t\t<div class=\"pcdfwoo-medium-4 pcdfwoo-columns\">\r\n\t\t\t\t\t\t<div class=\"pcdfwoo-product-cat_inner\" style='height:300px;'>\r\n\t\t\t\t\t\t\t<a href=\"https:\/\/www.infini.tw\/de\/produkt-kategorie\/running-safety-lights-de\/\">\r\n\t\t\t\t\t\t\t\t\t\t\t\t\t\t\t\t\t<img  src=\"https:\/\/www.infini.tw\/wp-content\/uploads\/2020\/04\/running-700x600-300x300.jpg\"  alt=\"Sicherheitslichter Beim Laufen\" \/>\r\n\t\t\t\t\t\t\t\t\t\t\t\t\t\t\t\t<div class=\"pcdfwoo_title\">Sicherheitslichter Beim Laufen <span class=\"pcdfwoo_count\">2<\/span><\/div>\r\n\t\t\t\t\t\t\t<\/a>\r\n\t\t\t\t\t\t<\/div>\r\n\t\t\t\t\t<\/div>\r\n\t\t\t\t\t\t\t\t\t<div class=\"pcdfwoo-medium-4 pcdfwoo-columns\">\r\n\t\t\t\t\t\t<div class=\"pcdfwoo-product-cat_inner\" style='height:300px;'>\r\n\t\t\t\t\t\t\t<a href=\"https:\/\/www.infini.tw\/de\/produkt-kategorie\/headlamps-de\/\">\r\n\t\t\t\t\t\t\t\t\t\t\t\t\t\t\t\t\t<img  src=\"https:\/\/www.infini.tw\/wp-content\/uploads\/2020\/04\/camp-500x500-2-300x300.jpg\"  alt=\"Stirnlampe\" \/>\r\n\t\t\t\t\t\t\t\t\t\t\t\t\t\t\t\t<div class=\"pcdfwoo_title\">Stirnlampe <span class=\"pcdfwoo_count\">2<\/span><\/div>\r\n\t\t\t\t\t\t\t<\/a>\r\n\t\t\t\t\t\t<\/div>\r\n\t\t\t\t\t<\/div>\r\n\t\t\t\t\t\t\t<\/div>\r\n\t\t<\/div>\r\n\t[\/vc_column_text][vc_empty_space height=&#8220;35&#8243;][vc_text_separator title=&#8220;ZUBEH\u00d6R&#8220; border_color=&#8220;#75cdde&#8220; background_color=&#8220;#ffffff&#8220; title_color=&#8220;#ff3333&#8243;][vc_empty_space height=&#8220;10&#8243;][vc_column_text]\r\n\t\t<div class=\"pcdfwoo_woocommerce \">\r\n\t\t\t<div class=\"pcdfwoo-product-cat pcdfwoo-clearfix design-1\">\r\n\t\t\t\t\t\t\t\t\t<div class=\"pcdfwoo-medium-4 pcdfwoo-columns\">\r\n\t\t\t\t\t\t<div class=\"pcdfwoo-product-cat_inner\" style='height:300px;'>\r\n\t\t\t\t\t\t\t<a href=\"https:\/\/www.infini.tw\/de\/produkt-kategorie\/accessories-de\/\">\r\n\t\t\t\t\t\t\t\t\t\t\t\t\t\t\t\t\t<img  src=\"https:\/\/www.infini.tw\/wp-content\/uploads\/2020\/04\/Accessories-700x600-300x300.jpg\"  alt=\"Zubeh\u00f6r\" \/>\r\n\t\t\t\t\t\t\t\t\t\t\t\t\t\t\t\t<div class=\"pcdfwoo_title\">Zubeh\u00f6r <span class=\"pcdfwoo_count\">40<\/span><\/div>\r\n\t\t\t\t\t\t\t<\/a>\r\n\t\t\t\t\t\t<\/div>\r\n\t\t\t\t\t<\/div>\r\n\t\t\t\t\t\t\t<\/div>\r\n\t\t<\/div>\r\n\t[\/vc_column_text][\/vc_column][\/vc_row][vc_row row_type=&#8220;row&#8220; use_row_as_full_screen_section=&#8220;no&#8220; type=&#8220;full_width&#8220; text_align=&#8220;left&#8220; background_animation=&#8220;none&#8220; css_animation=&#8220;&#8220;][vc_column][vc_empty_space height=&#8220;50&#8243;][\/vc_column][\/vc_row][vc_row row_type=&#8220;row&#8220; use_row_as_full_screen_section=&#8220;no&#8220; type=&#8220;full_width&#8220; text_align=&#8220;left&#8220; background_animation=&#8220;none&#8220; css_animation=&#8220;&#8220;][\/vc_row]<\/p>\n","protected":false},"excerpt":{"rendered":"<p>[vc_row row_type=&#8220;row&#8220; use_row_as_full_screen_section=&#8220;no&#8220; type=&#8220;full_width&#8220; text_align=&#8220;left&#8220; background_animation=&#8220;none&#8220; css_animation=&#8220;&#8220;][vc_column][rev_slider_vc alias=&#8220;products-header-1&#8243;][vc_empty_space height=&#8220;50&#8243;][\/vc_column][\/vc_row][vc_row row_type=&#8220;row&#8220; use_row_as_full_screen_section=&#8220;no&#8220; type=&#8220;grid&#8220; text_align=&#8220;left&#8220; background_animation=&#8220;none&#8220; css_animation=&#8220;&#8220;][vc_column][vc_text_separator title=&#8220;FAHRRADLEUCHTEN&#8220; border_color=&#8220;#75cdde&#8220; background_color=&#8220;#ffffff&#8220; title_color=&#8220;#ff3333&#8243;][vc_empty_space height=&#8220;10&#8243;][vc_column_text][\/vc_column_text][vc_empty_space height=&#8220;35&#8243;][vc_text_separator title=&#8220;OUTDOOR&#8220; border_color=&#8220;#75cdde&#8220; background_color=&#8220;#ffffff&#8220; title_color=&#8220;#ff3333&#8243;][vc_empty_space height=&#8220;10&#8243;][vc_column_text][\/vc_column_text][vc_empty_space height=&#8220;35&#8243;][vc_text_separator title=&#8220;ZUBEH\u00d6R&#8220; border_color=&#8220;#75cdde&#8220; background_color=&#8220;#ffffff&#8220; title_color=&#8220;#ff3333&#8243;][vc_empty_space height=&#8220;10&#8243;][vc_column_text][\/vc_column_text][\/vc_column][\/vc_row][vc_row row_type=&#8220;row&#8220; use_row_as_full_screen_section=&#8220;no&#8220; type=&#8220;full_width&#8220; text_align=&#8220;left&#8220; background_animation=&#8220;none&#8220; css_animation=&#8220;&#8220;][vc_column][vc_empty_space height=&#8220;50&#8243;][\/vc_column][\/vc_row][vc_row row_type=&#8220;row&#8220; use_row_as_full_screen_section=&#8220;no&#8220; type=&#8220;full_width&#8220; text_align=&#8220;left&#8220; background_animation=&#8220;none&#8220; css_animation=&#8220;&#8220;][\/vc_row]<\/p>\n","protected":false},"author":1,"featured_media":0,"parent":0,"menu_order":0,"comment_status":"closed","ping_status":"closed","template":"full_width.php","meta":[],"aioseo_notices":[],"_links":{"self":[{"href":"https:\/\/www.infini.tw\/de\/wp-json\/wp\/v2\/pages\/48087"}],"collection":[{"href":"https:\/\/www.infini.tw\/de\/wp-json\/wp\/v2\/pages"}],"about":[{"href":"https:\/\/www.infini.tw\/de\/wp-json\/wp\/v2\/types\/page"}],"author":[{"embeddable":true,"href":"https:\/\/www.infini.tw\/de\/wp-json\/wp\/v2\/users\/1"}],"replies":[{"embeddable":true,"href":"https:\/\/www.infini.tw\/de\/wp-json\/wp\/v2\/comments?post=48087"}],"version-history":[{"count":0,"href":"https:\/\/www.infini.tw\/de\/wp-json\/wp\/v2\/pages\/48087\/revisions"}],"wp:attachment":[{"href":"https:\/\/www.infini.tw\/de\/wp-json\/wp\/v2\/media?parent=48087"}],"curies":[{"name":"wp","href":"https:\/\/api.w.org\/{rel}","templated":true}]}}