{"id":48067,"date":"2017-01-20T12:40:04","date_gmt":"2017-01-20T20:40:04","guid":{"rendered":"http:\/\/www.infini.tw\/carrier-lights\/"},"modified":"2020-04-15T15:03:16","modified_gmt":"2020-04-15T07:03:16","slug":"carrier-lights","status":"publish","type":"page","link":"https:\/\/www.infini.tw\/de\/carrier-lights\/","title":{"rendered":"Gep\u00e4cktr\u00e4ger- R\u00fccklicht"},"content":{"rendered":"<p>\t\t\t\t[vc_row row_type=&#8220;row&#8220; use_row_as_full_screen_section=&#8220;no&#8220; type=&#8220;full_width&#8220; text_align=&#8220;left&#8220; css_animation=&#8220;&#8220;][vc_column][rev_slider_vc alias=&#8220;carrier-lights&#8220;][vc_empty_space height=&#8220;50&#8243;][\/vc_column][\/vc_row][vc_row row_type=&#8220;row&#8220; use_row_as_full_screen_section=&#8220;no&#8220; type=&#8220;grid&#8220; text_align=&#8220;left&#8220; css_animation=&#8220;&#8220;][vc_column]<div class=\"woocommerce columns-4 \"><ul class=\"products columns-4 clearfix \">        <li class=\"product type-product post-49097 status-publish first instock product_cat-battery-light-de product_cat-carrier-lights-de product_tag-danish-standards-de product_tag-french-standards-de product_tag-german-standards-de has-post-thumbnail shipping-taxable product-type-simple\">\n\n                        <div class=\"top-product-section\">\n\n                <a class=\"product_list_thumb_link\" href=\"https:\/\/www.infini.tw\/de\/produkt\/i-501r-apollo\/\">\n                    <span class=\"image-wrapper\">\n                                        <\/span>\n                <\/a>\n\n                <div class=\"add-to-cart-button-outer\"><div class=\"add-to-cart-button-inner\"><div class=\"add-to-cart-button-inner2\"><a href=\"https:\/\/www.infini.tw\/de\/produkt\/i-501r-apollo\/\" data-quantity=\"1\" class=\"qbutton add-to-cart-button button product_type_simple\" data-product_id=\"49097\" data-product_sku=\"\" aria-label=\"Lese mehr \u00fcber &#8222;I-501R2 APOLLO&#8220;\" rel=\"nofollow\">Weiterlesen<\/a><\/div><\/div><\/div>\n            <\/div>\n\n            <div class=\"product_info_box\">\n\t            <span class=\"product-categories\"><a href=\"https:\/\/www.infini.tw\/de\/produkt-kategorie\/battery-light-de\/\" rel=\"tag\">Batterielicht<\/a>, <a href=\"https:\/\/www.infini.tw\/de\/produkt-kategorie\/carrier-lights-de\/\" rel=\"tag\">Gep\u00e4cktr\u00e4ger- R\u00fccklicht<\/a><\/span>\n                <a href=\"https:\/\/www.infini.tw\/de\/produkt\/i-501r-apollo\/\" class=\"product-category\">\n                    <span class=\"product-title\">I-501R2 APOLLO<\/span>\n\n                    \n                <\/a>\n            <\/div>\n\n            \n        <\/li>\n            <li class=\"product type-product post-48672 status-publish instock product_cat-dynamo-lights-de product_cat-carrier-lights-de product_tag-french-standards-de product_tag-german-standards-de has-post-thumbnail shipping-taxable product-type-simple\">\n\n                        <div class=\"top-product-section\">\n\n                <a class=\"product_list_thumb_link\" href=\"https:\/\/www.infini.tw\/de\/produkt\/i-501m-apollo\/\">\n                    <span class=\"image-wrapper\">\n                                        <\/span>\n                <\/a>\n\n                <div class=\"add-to-cart-button-outer\"><div class=\"add-to-cart-button-inner\"><div class=\"add-to-cart-button-inner2\"><a href=\"https:\/\/www.infini.tw\/de\/produkt\/i-501m-apollo\/\" data-quantity=\"1\" class=\"qbutton add-to-cart-button button product_type_simple\" data-product_id=\"48672\" data-product_sku=\"\" aria-label=\"Lese mehr \u00fcber &#8222;I-501M APOLLO&#8220;\" rel=\"nofollow\">Weiterlesen<\/a><\/div><\/div><\/div>\n            <\/div>\n\n            <div class=\"product_info_box\">\n\t            <span class=\"product-categories\"><a href=\"https:\/\/www.infini.tw\/de\/produkt-kategorie\/dynamo-lights-de\/\" rel=\"tag\">Dynamo-R\u00fccklicher<\/a>, <a href=\"https:\/\/www.infini.tw\/de\/produkt-kategorie\/carrier-lights-de\/\" rel=\"tag\">Gep\u00e4cktr\u00e4ger- R\u00fccklicht<\/a><\/span>\n                <a href=\"https:\/\/www.infini.tw\/de\/produkt\/i-501m-apollo\/\" class=\"product-category\">\n                    <span class=\"product-title\">I-501M APOLLO<\/span>\n\n                    \n                <\/a>\n            <\/div>\n\n            \n        <\/li>\n            <li class=\"product type-product post-49087 status-publish instock product_cat-battery-light-de product_cat-carrier-lights-de product_tag-danish-standards-de has-post-thumbnail shipping-taxable product-type-simple\">\n\n                        <div class=\"top-product-section\">\n\n                <a class=\"product_list_thumb_link\" href=\"https:\/\/www.infini.tw\/de\/produkt\/i-500r-apollo\/\">\n                    <span class=\"image-wrapper\">\n                                        <\/span>\n                <\/a>\n\n                <div class=\"add-to-cart-button-outer\"><div class=\"add-to-cart-button-inner\"><div class=\"add-to-cart-button-inner2\"><a href=\"https:\/\/www.infini.tw\/de\/produkt\/i-500r-apollo\/\" data-quantity=\"1\" class=\"qbutton add-to-cart-button button product_type_simple\" data-product_id=\"49087\" data-product_sku=\"\" aria-label=\"Lese mehr \u00fcber &#8222;I-500R2 APOLLO&#8220;\" rel=\"nofollow\">Weiterlesen<\/a><\/div><\/div><\/div>\n            <\/div>\n\n            <div class=\"product_info_box\">\n\t            <span class=\"product-categories\"><a href=\"https:\/\/www.infini.tw\/de\/produkt-kategorie\/battery-light-de\/\" rel=\"tag\">Batterielicht<\/a>, <a href=\"https:\/\/www.infini.tw\/de\/produkt-kategorie\/carrier-lights-de\/\" rel=\"tag\">Gep\u00e4cktr\u00e4ger- R\u00fccklicht<\/a><\/span>\n                <a href=\"https:\/\/www.infini.tw\/de\/produkt\/i-500r-apollo\/\" class=\"product-category\">\n                    <span class=\"product-title\">I-500R2 APOLLO<\/span>\n\n                    \n                <\/a>\n            <\/div>\n\n            \n        <\/li>\n            <li class=\"product type-product post-49092 status-publish last instock product_cat-battery-light-de product_cat-carrier-lights-de has-post-thumbnail shipping-taxable product-type-simple\">\n\n                        <div class=\"top-product-section\">\n\n                <a class=\"product_list_thumb_link\" href=\"https:\/\/www.infini.tw\/de\/produkt\/i-500p-apollo\/\">\n                    <span class=\"image-wrapper\">\n                                        <\/span>\n                <\/a>\n\n                <div class=\"add-to-cart-button-outer\"><div class=\"add-to-cart-button-inner\"><div class=\"add-to-cart-button-inner2\"><a href=\"https:\/\/www.infini.tw\/de\/produkt\/i-500p-apollo\/\" data-quantity=\"1\" class=\"qbutton add-to-cart-button button product_type_simple\" data-product_id=\"49092\" data-product_sku=\"\" aria-label=\"Lese mehr \u00fcber &#8222;I-500P2 APOLLO&#8220;\" rel=\"nofollow\">Weiterlesen<\/a><\/div><\/div><\/div>\n            <\/div>\n\n            <div class=\"product_info_box\">\n\t            <span class=\"product-categories\"><a href=\"https:\/\/www.infini.tw\/de\/produkt-kategorie\/battery-light-de\/\" rel=\"tag\">Batterielicht<\/a>, <a href=\"https:\/\/www.infini.tw\/de\/produkt-kategorie\/carrier-lights-de\/\" rel=\"tag\">Gep\u00e4cktr\u00e4ger- R\u00fccklicht<\/a><\/span>\n                <a href=\"https:\/\/www.infini.tw\/de\/produkt\/i-500p-apollo\/\" class=\"product-category\">\n                    <span class=\"product-title\">I-500P2 APOLLO<\/span>\n\n                    \n                <\/a>\n            <\/div>\n\n            \n        <\/li>\n    <\/ul>\n<\/div>[\/vc_column][\/vc_row][vc_row row_type=&#8220;row&#8220; use_row_as_full_screen_section=&#8220;no&#8220; type=&#8220;full_width&#8220; text_align=&#8220;left&#8220; css_animation=&#8220;&#8220;][vc_column][vc_empty_space height=&#8220;100&#8243;][\/vc_column][\/vc_row]\t\t<\/p>\n","protected":false},"excerpt":{"rendered":"<p>[vc_row row_type=&#8220;row&#8220; use_row_as_full_screen_section=&#8220;no&#8220; type=&#8220;full_width&#8220; text_align=&#8220;left&#8220; css_animation=&#8220;&#8220;][vc_column][rev_slider_vc alias=&#8220;carrier-lights&#8220;][vc_empty_space height=&#8220;50&#8243;][\/vc_column][\/vc_row][vc_row row_type=&#8220;row&#8220; use_row_as_full_screen_section=&#8220;no&#8220; type=&#8220;grid&#8220; text_align=&#8220;left&#8220; css_animation=&#8220;&#8220;][vc_column][\/vc_column][\/vc_row][vc_row row_type=&#8220;row&#8220; use_row_as_full_screen_section=&#8220;no&#8220; type=&#8220;full_width&#8220; text_align=&#8220;left&#8220; css_animation=&#8220;&#8220;][vc_column][vc_empty_space height=&#8220;100&#8243;][\/vc_column][\/vc_row]<\/p>\n","protected":false},"author":1,"featured_media":0,"parent":0,"menu_order":0,"comment_status":"closed","ping_status":"closed","template":"full_width.php","meta":[],"aioseo_notices":[],"_links":{"self":[{"href":"https:\/\/www.infini.tw\/de\/wp-json\/wp\/v2\/pages\/48067"}],"collection":[{"href":"https:\/\/www.infini.tw\/de\/wp-json\/wp\/v2\/pages"}],"about":[{"href":"https:\/\/www.infini.tw\/de\/wp-json\/wp\/v2\/types\/page"}],"author":[{"embeddable":true,"href":"https:\/\/www.infini.tw\/de\/wp-json\/wp\/v2\/users\/1"}],"replies":[{"embeddable":true,"href":"https:\/\/www.infini.tw\/de\/wp-json\/wp\/v2\/comments?post=48067"}],"version-history":[{"count":0,"href":"https:\/\/www.infini.tw\/de\/wp-json\/wp\/v2\/pages\/48067\/revisions"}],"wp:attachment":[{"href":"https:\/\/www.infini.tw\/de\/wp-json\/wp\/v2\/media?parent=48067"}],"curies":[{"name":"wp","href":"https:\/\/api.w.org\/{rel}","templated":true}]}}